{"id":7947,"date":"2023-10-22T15:38:22","date_gmt":"2023-10-22T14:38:22","guid":{"rendered":"https:\/\/www.bunkrpraslavice.cz\/payments\/"},"modified":"2025-01-18T21:01:34","modified_gmt":"2025-01-18T20:01:34","slug":"payments","status":"publish","type":"page","link":"https:\/\/www.bunkrpraslavice.cz\/en\/payments\/","title":{"rendered":"Payments"},"content":{"rendered":"<p>[et_pb_section fb_built=&#8221;1&#8243; _builder_version=&#8221;4.22.2&#8243; _module_preset=&#8221;default&#8221; global_colors_info=&#8221;{}&#8221;][et_pb_row _builder_version=&#8221;4.22.2&#8243; _module_preset=&#8221;default&#8221; global_colors_info=&#8221;{}&#8221;][et_pb_column type=&#8221;4_4&#8243; _builder_version=&#8221;4.22.2&#8243; _module_preset=&#8221;default&#8221; global_colors_info=&#8221;{}&#8221;][et_pb_heading title=&#8221;@ET-DC@eyJkeW5hbWljIjp0cnVlLCJjb250ZW50IjoicG9zdF90aXRsZSIsInNldHRpbmdzIjp7ImJlZm9yZSI6IiIsImFmdGVyIjoiIn19@&#8221; _builder_version=&#8221;4.22.2&#8243; _dynamic_attributes=&#8221;title&#8221; _module_preset=&#8221;default&#8221; global_colors_info=&#8221;{}&#8221;][\/et_pb_heading][et_pb_text _builder_version=&#8221;4.22.2&#8243; _module_preset=&#8221;default&#8221; global_colors_info=&#8221;{}&#8221;]<\/p>\n<p><span>Online payments are provided for us by the GoPay payment gateway (<\/span><a title=\"https:\/\/www.gopay.com\/cs\/\" href=\"https:\/\/www.gopay.com\/cs\/\" target=\"_blank\" rel=\"noopener\">https:\/\/www.gopay.com\/cs\/<\/a><span>). Poskytovatel slu\u017eby, spole\u010dnost GOPAY S.R.O., je licencovan\u00e1 platebn\u00ed instituce p\u016fsob\u00edc\u00ed pod dohledem \u010cesk\u00e9 n\u00e1rodn\u00ed banky. Platby prob\u00edhaj\u00edc\u00ed skrze platebn\u00ed br\u00e1nu jsou pln\u011b zabezpe\u010deny a ve\u0161ker\u00e9 informace jsou \u0161ifrov\u00e1ny.  <\/span><\/p>\n<p>[\/et_pb_text][\/et_pb_column][\/et_pb_row][et_pb_row _builder_version=&#8221;4.22.2&#8243; _module_preset=&#8221;default&#8221; global_colors_info=&#8221;{}&#8221;][et_pb_column type=&#8221;4_4&#8243; _builder_version=&#8221;4.22.2&#8243; _module_preset=&#8221;default&#8221; global_colors_info=&#8221;{}&#8221;][et_pb_heading title=&#8221;Card payment&#8221; _builder_version=&#8221;4.22.2&#8243; _module_preset=&#8221;default&#8221; title_level=&#8221;h2&#8243; global_colors_info=&#8221;{}&#8221;][\/et_pb_heading][et_pb_text _builder_version=&#8221;4.22.2&#8243; _module_preset=&#8221;default&#8221; global_colors_info=&#8221;{}&#8221;]<\/p>\n<p><span>The fastest way to pay online. Enter the card number, expiration date and CVC code into the GoPay payment gateway interface \u2013 three numbers that you will find in the signature strip on the back of the card. Everything is secured by the 3D Secure standard, so you will probably be asked to enter a numeric code, which you will receive by SMS from your bank.  <\/span><\/p>\n<p>[\/et_pb_text][et_pb_image src=&#8221;https:\/\/www.bunkrpraslavice.cz\/wp-content\/uploads\/2023\/10\/comgate-karetni-loga.png&#8221; title_text=&#8221;comgate-card-logos&#8221; _builder_version=&#8221;4.22.2&#8243; _module_preset=&#8221;default&#8221; global_colors_info=&#8221;{}&#8221;][\/et_pb_image][\/et_pb_column][\/et_pb_row][et_pb_row _builder_version=&#8221;4.22.2&#8243; _module_preset=&#8221;default&#8221; global_colors_info=&#8221;{}&#8221;][et_pb_column type=&#8221;4_4&#8243; _builder_version=&#8221;4.22.2&#8243; _module_preset=&#8221;default&#8221; global_colors_info=&#8221;{}&#8221;][et_pb_heading title=&#8221;Payment by bank transfer&#8221; _builder_version=&#8221;4.22.2&#8243; _module_preset=&#8221;default&#8221; title_level=&#8221;h2&#8243; global_colors_info=&#8221;{}&#8221;][\/et_pb_heading][et_pb_text _builder_version=&#8221;4.22.2&#8243; _module_preset=&#8221;default&#8221; global_colors_info=&#8221;{}&#8221;]<\/p>\n<p>Instant payment via internet banking. The GoPay payment gateway will redirect you to your internet banking, where you log in as usual and confirm the already prepared payment order. <\/p>\n<p>[\/et_pb_text][et_pb_image src=&#8221;https:\/\/www.bunkrpraslavice.cz\/wp-content\/uploads\/2023\/10\/platebni-brana-comgate-banky-cz.png&#8221; title_text=&#8221;payment-gateway-comgate-banks-cz&#8221; _builder_version=&#8221;4.22.2&#8243; _module_preset=&#8221;default&#8221; global_colors_info=&#8221;{}&#8221;][\/et_pb_image][et_pb_text _builder_version=&#8221;4.22.2&#8243; _module_preset=&#8221;default&#8221; global_colors_info=&#8221;{}&#8221;]<\/p>\n<p>Once the payment is complete, you will be redirected back to the store. The payment is confirmed immediately, we will proceed with the execution of the order without delay. <\/p>\n<p>[\/et_pb_text][\/et_pb_column][\/et_pb_row][et_pb_row _builder_version=&#8221;4.22.2&#8243; _module_preset=&#8221;default&#8221; global_colors_info=&#8221;{}&#8221;][et_pb_column type=&#8221;4_4&#8243; _builder_version=&#8221;4.22.2&#8243; _module_preset=&#8221;default&#8221; global_colors_info=&#8221;{}&#8221;][et_pb_heading title=&#8221;Contacts and information about the GoPay payment gateway&#8221; _builder_version=&#8221;4.22.2&#8243; _module_preset=&#8221;default&#8221; global_colors_info=&#8221;{}&#8221;][\/et_pb_heading][et_pb_text _builder_version=&#8221;4.22.2&#8243; _module_preset=&#8221;default&#8221; global_colors_info=&#8221;{}&#8221;]<\/p>\n<p><span>GOPAY S.R.O.<\/span><br \/><span>Pra\u017esk\u00e1 t\u0159\u00edda 1247\/24, 370 04 \u010cesk\u00e9 Bud\u011bjovice<\/span><br \/><span>E-mail: podpora@gopay.cz<\/span><br \/><span>Phone: +420 387 685 123<\/span><\/p>\n<p>[\/et_pb_text][\/et_pb_column][\/et_pb_row][\/et_pb_section]<\/p>\n","protected":false},"excerpt":{"rendered":"<p>Online payments are provided for us by the GoPay payment gateway (https:\/\/www.gopay.com\/cs\/). Poskytovatel slu\u017eby, spole\u010dnost GOPAY S.R.O., je licencovan\u00e1 platebn\u00ed instituce p\u016fsob\u00edc\u00ed pod dohledem \u010cesk\u00e9 n\u00e1rodn\u00ed banky. Platby prob\u00edhaj\u00edc\u00ed skrze platebn\u00ed br\u00e1nu jsou pln\u011b zabezpe\u010deny a ve\u0161ker\u00e9 informace jsou \u0161ifrov\u00e1ny. The fastest way to pay online. Enter the card number, expiration date and CVC code [&hellip;]<\/p>\n","protected":false},"author":1,"featured_media":0,"parent":0,"menu_order":0,"comment_status":"closed","ping_status":"closed","template":"","meta":{"_et_pb_use_builder":"on","_et_pb_old_content":"","_et_gb_content_width":"","footnotes":""},"class_list":["post-7947","page","type-page","status-publish","hentry"],"_links":{"self":[{"href":"https:\/\/www.bunkrpraslavice.cz\/en\/wp-json\/wp\/v2\/pages\/7947","targetHints":{"allow":["GET"]}}],"collection":[{"href":"https:\/\/www.bunkrpraslavice.cz\/en\/wp-json\/wp\/v2\/pages"}],"about":[{"href":"https:\/\/www.bunkrpraslavice.cz\/en\/wp-json\/wp\/v2\/types\/page"}],"author":[{"embeddable":true,"href":"https:\/\/www.bunkrpraslavice.cz\/en\/wp-json\/wp\/v2\/users\/1"}],"replies":[{"embeddable":true,"href":"https:\/\/www.bunkrpraslavice.cz\/en\/wp-json\/wp\/v2\/comments?post=7947"}],"version-history":[{"count":0,"href":"https:\/\/www.bunkrpraslavice.cz\/en\/wp-json\/wp\/v2\/pages\/7947\/revisions"}],"wp:attachment":[{"href":"https:\/\/www.bunkrpraslavice.cz\/en\/wp-json\/wp\/v2\/media?parent=7947"}],"curies":[{"name":"wp","href":"https:\/\/api.w.org\/{rel}","templated":true}]}}