{"id":7924,"date":"2023-11-27T22:18:06","date_gmt":"2023-11-27T21:18:06","guid":{"rendered":"https:\/\/www.bunkrpraslavice.cz\/who-we-are\/"},"modified":"2025-01-18T21:02:01","modified_gmt":"2025-01-18T20:02:01","slug":"who-we-are","status":"publish","type":"page","link":"https:\/\/www.bunkrpraslavice.cz\/en\/about-us\/who-we-are\/","title":{"rendered":"Who we are"},"content":{"rendered":"<p>[et_pb_section fb_built=&#8221;1&#8243; admin_label=&#8221;Hero&#8221; _builder_version=&#8221;4.23.1&#8243; background_color=&#8221;gcid-22394426-c4cb-49d3-b544-1c84cdb00df7&#8243; custom_margin=&#8221;||||false|false&#8221; custom_padding=&#8221;120px||0px|&#8221; box_shadow_style=&#8221;preset4&#8243; box_shadow_horizontal=&#8221;0px&#8221; box_shadow_vertical=&#8221;-100px&#8221; box_shadow_color=&#8221;#ffffff&#8221; box_shadow_position=&#8221;inner&#8221; global_colors_info=&#8221;{%22gcid-22394426-c4cb-49d3-b544-1c84cdb00df7%22:%91%22background_color%22%93}&#8221;][et_pb_row _builder_version=&#8221;4.16&#8243; background_size=&#8221;initial&#8221; background_position=&#8221;top_left&#8221; background_repeat=&#8221;repeat&#8221; custom_margin=&#8221;||40px|&#8221; global_colors_info=&#8221;{}&#8221;][et_pb_column type=&#8221;4_4&#8243; _builder_version=&#8221;4.16&#8243; custom_padding=&#8221;|||&#8221; global_colors_info=&#8221;{}&#8221; custom_padding__hover=&#8221;|||&#8221;][et_pb_text admin_label=&#8221;Title&#8221; _builder_version=&#8221;4.23.1&#8243; text_font=&#8221;||||||||&#8221; header_font=&#8221;Montserrat|500|||||||&#8221; header_text_align=&#8221;center&#8221; header_font_size=&#8221;84px&#8221; background_layout=&#8221;dark&#8221; animation_style=&#8221;zoom&#8221; animation_direction=&#8221;left&#8221; animation_intensity_zoom=&#8221;10%&#8221; header_font_size_tablet=&#8221;50px&#8221; header_font_size_phone=&#8221;&#8221; header_font_size_last_edited=&#8221;on|phone&#8221; global_colors_info=&#8221;{}&#8221;]<\/p>\n<h1>Who we are<\/h1>\n<p>[\/et_pb_text][et_pb_divider color=&#8221;rgba(255,255,255,0.7)&#8221; divider_weight=&#8221;3px&#8221; _builder_version=&#8221;4.16&#8243; max_width=&#8221;100px&#8221; module_alignment=&#8221;center&#8221; animation_style=&#8221;zoom&#8221; animation_direction=&#8221;left&#8221; global_colors_info=&#8221;{}&#8221;][\/et_pb_divider][et_pb_text _builder_version=&#8221;4.23.1&#8243; text_font=&#8221;Montserrat|300|||||||&#8221; text_text_color=&#8221;rgba(255,255,255,0.7)&#8221; text_font_size=&#8221;20px&#8221; text_line_height=&#8221;1.8em&#8221; text_orientation=&#8221;center&#8221; background_layout=&#8221;dark&#8221; module_alignment=&#8221;center&#8221; animation_style=&#8221;zoom&#8221; animation_direction=&#8221;left&#8221; animation_delay=&#8221;100ms&#8221; animation_intensity_zoom=&#8221;10%&#8221; global_colors_info=&#8221;{}&#8221;]<\/p>\n<p>We are a group of enthusiasts who have decided to preserve and share a piece of our common past in the form of this unique building of the monstrous P\u0159\u00e1slavice bunker. It is a huge and somewhat mysterious object that hides many stories and documents the Cold War era and everything that happened at that time. <\/p>\n<p>We decided to take on the challenge and <strong>revive the bunker<\/strong>.<\/p>\n<p>Why? Because we believe that <strong>history is the best teacher<\/strong>. What better way to learn than through personal experience? We are proud to provide a unique and authentic experience to our visitors.   <\/p>\n<p>They are made up <strong>of a diverse group of<\/strong> people who have one thing in common &#8211; <strong>an interest in history<\/strong>. We welcome school trips, families with children, fans of history or telecommunications, tourists or even filmmakers. Anyone who wants to immerse themselves in the atmosphere of the Cold War.  <\/p>\n<p>What makes us <strong>unique<\/strong>? In authenticity. It&#8217;s not just a tour of the bunker, it&#8217;s a journey through time. The bunker is fully equipped with period equipment, as it was at the time of its use.   <\/p>\n<p>Not only that. We are <strong>a community<\/strong>. We are people united by a common passion. We try to share it with our visitors. If you come to us, you will become part of our family.    <\/p>\n<p>Why choose us? Because with us <strong>you will taste<\/strong> history for <strong>yourself<\/strong><strong>.<\/strong> You will learn something with us, have fun at the same time and become a part of history.  <\/p>\n<p>We look forward to your visit to the P\u0159\u00e1slavice bunker!<\/p>\n<h4><em><strong>\u2764\ufe0f #MyZBunkru<\/strong><\/em><\/h4>\n<p>[\/et_pb_text][\/et_pb_column][\/et_pb_row][et_pb_row _builder_version=&#8221;4.16&#8243; custom_padding=&#8221;27px|0px|0px|0px&#8221; global_colors_info=&#8221;{}&#8221;][et_pb_column type=&#8221;4_4&#8243; _builder_version=&#8221;4.16&#8243; custom_padding=&#8221;|||&#8221; global_colors_info=&#8221;{}&#8221; custom_padding__hover=&#8221;|||&#8221;][et_pb_video src=&#8221;https:\/\/www.youtube.com\/watch?v=RvZAFD7MNC0&#8243; _builder_version=&#8221;4.22.2&#8243; animation_style=&#8221;slide&#8221; animation_direction=&#8221;bottom&#8221; animation_intensity_slide=&#8221;5%&#8221; animation_starting_opacity=&#8221;100%&#8221; box_shadow_style=&#8221;preset3&#8243; box_shadow_vertical=&#8221;35px&#8221; box_shadow_blur=&#8221;100px&#8221; box_shadow_spread=&#8221;0px&#8221; box_shadow_color=&#8221;rgba(0,0,0,0.2)&#8221; global_colors_info=&#8221;{}&#8221;][\/et_pb_video][\/et_pb_column][\/et_pb_row][\/et_pb_section][et_pb_section fb_built=&#8221;1&#8243; admin_label=&#8221;Team&#8221; _builder_version=&#8221;4.16&#8243; global_colors_info=&#8221;{}&#8221;][et_pb_row _builder_version=&#8221;4.16&#8243; locked=&#8221;off&#8221; global_colors_info=&#8221;{}&#8221;][et_pb_column type=&#8221;4_4&#8243; _builder_version=&#8221;4.16&#8243; custom_padding=&#8221;|||&#8221; global_colors_info=&#8221;{}&#8221; custom_padding__hover=&#8221;|||&#8221;][et_pb_text _builder_version=&#8221;4.23.1&#8243; text_font=&#8221;||||||||&#8221; header_font=&#8221;||||||||&#8221; header_2_font=&#8221;Montserrat|500|||||||&#8221; header_2_text_align=&#8221;center&#8221; header_2_font_size=&#8221;30px&#8221; global_colors_info=&#8221;{}&#8221;]<\/p>\n<h2>Bunker team P\u0159\u00e1slavice<\/h2>\n<p>[\/et_pb_text][\/et_pb_column][\/et_pb_row][et_pb_row column_structure=&#8221;1_4,1_4,1_4,1_4&#8243; _builder_version=&#8221;4.16&#8243; global_colors_info=&#8221;{}&#8221;][et_pb_column type=&#8221;1_4&#8243; _builder_version=&#8221;4.16&#8243; custom_padding=&#8221;|||&#8221; global_colors_info=&#8221;{}&#8221; custom_padding__hover=&#8221;|||&#8221;][et_pb_team_member name=&#8221;Michal Netolick\u00fd&#8221; image_url=&#8221;https:\/\/www.bunkrpraslavice.cz\/wp-content\/uploads\/2023\/11\/Michal_profilovka.png&#8221; icon_color=&#8221;#e4e6f0&#8243; _builder_version=&#8221;4.23.1&#8243; header_font=&#8221;Montserrat|500|||||||&#8221; header_font_size=&#8221;20px&#8221; header_line_height=&#8221;1.8em&#8221; body_font=&#8221;Montserrat|300|||||||&#8221; body_font_size=&#8221;17px&#8221; body_line_height=&#8221;1.8em&#8221; text_orientation=&#8221;center&#8221; global_colors_info=&#8221;{}&#8221;]<\/p>\n<p>Chairman of the association Bunkr P\u0159\u00e1slavice z.s.<\/p>\n<p>[\/et_pb_team_member][\/et_pb_column][et_pb_column type=&#8221;1_4&#8243; _builder_version=&#8221;4.16&#8243; custom_padding=&#8221;|||&#8221; global_colors_info=&#8221;{}&#8221; custom_padding__hover=&#8221;|||&#8221;][et_pb_team_member name=&#8221;Ale\u0161 Hor\u00e1k&#8221; image_url=&#8221;https:\/\/www.bunkrpraslavice.cz\/wp-content\/uploads\/2023\/11\/Ales_profilovka.png&#8221; icon_color=&#8221;#e4e6f0&#8243; _builder_version=&#8221;4.23.1&#8243; header_font=&#8221;Montserrat|500|||||||&#8221; header_font_size=&#8221;20px&#8221; header_line_height=&#8221;1.8em&#8221; body_font=&#8221;Montserrat|300|||||||&#8221; body_font_size=&#8221;17px&#8221; body_line_height=&#8221;1.8em&#8221; text_orientation=&#8221;center&#8221; global_colors_info=&#8221;{}&#8221;]<\/p>\n<p>Technical leader and great expert on the bunker and its history<\/p>\n<p>[\/et_pb_team_member][\/et_pb_column][et_pb_column type=&#8221;1_4&#8243; _builder_version=&#8221;4.16&#8243; custom_padding=&#8221;|||&#8221; global_colors_info=&#8221;{}&#8221; custom_padding__hover=&#8221;|||&#8221;][et_pb_team_member name=&#8221;Martin Bukovsk\u00fd&#8221; image_url=&#8221;https:\/\/www.bunkrpraslavice.cz\/wp-content\/uploads\/2023\/11\/Martin_profilovka.png&#8221; icon_color=&#8221;#e4e6f0&#8243; _builder_version=&#8221;4.23.1&#8243; header_font=&#8221;Montserrat|500|||||||&#8221; header_font_size=&#8221;20px&#8221; header_line_height=&#8221;1.8em&#8221; body_font=&#8221;Montserrat|300|||||||&#8221; body_font_size=&#8221;17px&#8221; body_line_height=&#8221;1.8em&#8221; text_orientation=&#8221;center&#8221; global_colors_info=&#8221;{}&#8221;]<\/p>\n<p>The main guide and connoisseur of everything related to the bunker<\/p>\n<p>[\/et_pb_team_member][\/et_pb_column][et_pb_column type=&#8221;1_4&#8243; _builder_version=&#8221;4.16&#8243; custom_padding=&#8221;|||&#8221; global_colors_info=&#8221;{}&#8221; custom_padding__hover=&#8221;|||&#8221;][et_pb_team_member name=&#8221;Kate\u0159ina Pa\u0161kov\u00e1&#8221; image_url=&#8221;https:\/\/www.bunkrpraslavice.cz\/wp-content\/uploads\/2023\/11\/Katka_profilovka.png&#8221; icon_color=&#8221;#e4e6f0&#8243; _builder_version=&#8221;4.23.1&#8243; header_font=&#8221;Montserrat|500|||||||&#8221; header_font_size=&#8221;20px&#8221; header_line_height=&#8221;1.8em&#8221; body_font=&#8221;Montserrat|300|||||||&#8221; body_font_size=&#8221;17px&#8221; body_line_height=&#8221;1.8em&#8221; text_orientation=&#8221;center&#8221; global_colors_info=&#8221;{}&#8221;]<\/p>\n<p>Our Communication Specialist and Marketing Expert<\/p>\n<p>[\/et_pb_team_member][\/et_pb_column][\/et_pb_row][\/et_pb_section][et_pb_section fb_built=&#8221;1&#8243; admin_label=&#8221;About&#8221; _builder_version=&#8221;4.16&#8243; global_colors_info=&#8221;{}&#8221;][et_pb_row _builder_version=&#8221;4.16&#8243; global_colors_info=&#8221;{}&#8221;][et_pb_column type=&#8221;4_4&#8243; _builder_version=&#8221;4.16&#8243; custom_padding=&#8221;|||&#8221; global_colors_info=&#8221;{}&#8221; custom_padding__hover=&#8221;|||&#8221;][et_pb_divider color=&#8221;#3d8eff&#8221; divider_weight=&#8221;3px&#8221; _builder_version=&#8221;4.16&#8243; max_width=&#8221;100px&#8221; module_alignment=&#8221;center&#8221; height=&#8221;7px&#8221; global_colors_info=&#8221;{}&#8221;][\/et_pb_divider][et_pb_text _builder_version=&#8221;4.23.1&#8243; text_font=&#8221;||||||||&#8221; header_font=&#8221;||||||||&#8221; header_2_font=&#8221;Montserrat|500|||||||&#8221; header_2_font_size=&#8221;30px&#8221; text_orientation=&#8221;center&#8221; global_colors_info=&#8221;{}&#8221;]<\/p>\n<h2>Our goals<\/h2>\n<p>[\/et_pb_text][\/et_pb_column][\/et_pb_row][et_pb_row column_structure=&#8221;1_2,1_2&#8243; _builder_version=&#8221;4.16&#8243; custom_margin=&#8221;50|||&#8221; global_colors_info=&#8221;{}&#8221;][et_pb_column type=&#8221;1_2&#8243; _builder_version=&#8221;4.16&#8243; custom_padding=&#8221;|||&#8221; global_colors_info=&#8221;{}&#8221; custom_padding__hover=&#8221;|||&#8221;][et_pb_blurb title=&#8221;Our mission&#8221; use_icon=&#8221;on&#8221; font_icon=&#8221;&#xe0f5;||divi||400&#8243; icon_color=&#8221;gcid-22394426-c4cb-49d3-b544-1c84cdb00df7&#8243; icon_placement=&#8221;left&#8221; _builder_version=&#8221;4.23.1&#8243; header_font=&#8221;Montserrat|500|||||||&#8221; header_text_color=&#8221;#&#8221; header_line_height=&#8221;1.8em&#8221; body_font=&#8221;Montserrat|300|||||||&#8221; body_font_size=&#8221;17px&#8221; body_line_height=&#8221;1.8em&#8221; custom_padding=&#8221;|||&#8221; global_colors_info=&#8221;{%22gcid-22394426-c4cb-49d3-b544-1c84cdb00df7%22:%91%22icon_color%22%93}&#8221;]<\/p>\n<p>To provide an authentic view of the legacy of the Cold War through the P\u0159\u00e1slavice bunker. We want to shed light on the historical significance of this object and its role in the period of global tension and political change.<\/p>\n<p>[\/et_pb_blurb][et_pb_blurb title=&#8221;Protection&#8221; use_icon=&#8221;on&#8221; font_icon=&#8221;&#xf2ce;||fa||900&#8243; icon_color=&#8221;gcid-22394426-c4cb-49d3-b544-1c84cdb00df7&#8243; icon_placement=&#8221;left&#8221; _builder_version=&#8221;4.23.1&#8243; header_font=&#8221;Montserrat|500|||||||&#8221; header_text_color=&#8221;#&#8221; header_line_height=&#8221;1.8em&#8221; body_font=&#8221;Montserrat|300|||||||&#8221; body_font_size=&#8221;17px&#8221; body_line_height=&#8221;1.8em&#8221; custom_padding=&#8221;|||&#8221; locked=&#8221;off&#8221; global_colors_info=&#8221;{%22gcid-22394426-c4cb-49d3-b544-1c84cdb00df7%22:%91%22icon_color%22%93}&#8221;]<\/p>\n<p>We are proud of our work to preserve and maintain the P\u0159\u00e1slavice bunker for future generations. Our efforts to protect and restore this historic site reflect our commitment to preserving important aspects of our country&#8217;s past.<\/p>\n<p>[\/et_pb_blurb][\/et_pb_column][et_pb_column type=&#8221;1_2&#8243; _builder_version=&#8221;4.16&#8243; custom_padding=&#8221;|||&#8221; global_colors_info=&#8221;{}&#8221; custom_padding__hover=&#8221;|||&#8221;][et_pb_blurb title=&#8221;Education&#8221; use_icon=&#8221;on&#8221; font_icon=&#8221;&#xf5da;||fa||900&#8243; icon_color=&#8221;gcid-22394426-c4cb-49d3-b544-1c84cdb00df7&#8243; icon_placement=&#8221;left&#8221; _builder_version=&#8221;4.23.1&#8243; header_font=&#8221;Montserrat|500|||||||&#8221; header_text_color=&#8221;#&#8221; header_line_height=&#8221;1.8em&#8221; body_font=&#8221;Montserrat|300|||||||&#8221; body_font_size=&#8221;17px&#8221; body_line_height=&#8221;1.8em&#8221; custom_padding=&#8221;|||&#8221; locked=&#8221;off&#8221; global_colors_info=&#8221;{%22gcid-22394426-c4cb-49d3-b544-1c84cdb00df7%22:%91%22icon_color%22%93}&#8221;]<\/p>\n<p>Through our building and other educational activities, we try to raise awareness of the history of the Cold War. We offer visitors engaging experiences that convey an understanding of this key era of modern history.<\/p>\n<p>[\/et_pb_blurb][et_pb_blurb title=&#8221;Community Engagement&#8221; use_icon=&#8221;on&#8221; font_icon=&#8221;&#xf0c0;||fa||900&#8243; icon_color=&#8221;gcid-22394426-c4cb-49d3-b544-1c84cdb00df7&#8243; icon_placement=&#8221;left&#8221; _builder_version=&#8221;4.23.1&#8243; header_font=&#8221;Montserrat|500|||||||&#8221; header_text_color=&#8221;#&#8221; header_line_height=&#8221;1.8em&#8221; body_font=&#8221;Montserrat|300|||||||&#8221; body_font_size=&#8221;17px&#8221; body_line_height=&#8221;1.8em&#8221; custom_padding=&#8221;|||&#8221; locked=&#8221;off&#8221; global_colors_info=&#8221;{%22gcid-22394426-c4cb-49d3-b544-1c84cdb00df7%22:%91%22icon_color%22%93}&#8221;]<\/p>\n<p>We believe in the power of community and cooperation with local organizations, schools and historical groups. Our events and programmes are designed to promote dialogue and mutual understanding between different generations, in a spirit of learning from history and passing on knowledge.<\/p>\n<p>[\/et_pb_blurb][\/et_pb_column][\/et_pb_row][\/et_pb_section]<\/p>\n","protected":false},"excerpt":{"rendered":"<p>Who we areWe are a group of enthusiasts who have decided to preserve and share a piece of our common past in the form of this unique building of the monstrous P\u0159\u00e1slavice bunker. It is a huge and somewhat mysterious object that hides many stories and documents the Cold War era and everything that happened [&hellip;]<\/p>\n","protected":false},"author":1,"featured_media":0,"parent":8031,"menu_order":0,"comment_status":"closed","ping_status":"closed","template":"","meta":{"_et_pb_use_builder":"on","_et_pb_old_content":"","_et_gb_content_width":"","footnotes":""},"class_list":["post-7924","page","type-page","status-publish","hentry"],"_links":{"self":[{"href":"https:\/\/www.bunkrpraslavice.cz\/en\/wp-json\/wp\/v2\/pages\/7924","targetHints":{"allow":["GET"]}}],"collection":[{"href":"https:\/\/www.bunkrpraslavice.cz\/en\/wp-json\/wp\/v2\/pages"}],"about":[{"href":"https:\/\/www.bunkrpraslavice.cz\/en\/wp-json\/wp\/v2\/types\/page"}],"author":[{"embeddable":true,"href":"https:\/\/www.bunkrpraslavice.cz\/en\/wp-json\/wp\/v2\/users\/1"}],"replies":[{"embeddable":true,"href":"https:\/\/www.bunkrpraslavice.cz\/en\/wp-json\/wp\/v2\/comments?post=7924"}],"version-history":[{"count":0,"href":"https:\/\/www.bunkrpraslavice.cz\/en\/wp-json\/wp\/v2\/pages\/7924\/revisions"}],"up":[{"embeddable":true,"href":"https:\/\/www.bunkrpraslavice.cz\/en\/wp-json\/wp\/v2\/pages\/8031"}],"wp:attachment":[{"href":"https:\/\/www.bunkrpraslavice.cz\/en\/wp-json\/wp\/v2\/media?parent=7924"}],"curies":[{"name":"wp","href":"https:\/\/api.w.org\/{rel}","templated":true}]}}