{"id":8079,"date":"2023-11-12T23:21:28","date_gmt":"2023-11-12T22:21:28","guid":{"rendered":"https:\/\/www.bunkrpraslavice.cz\/haeufig-gestellte-fragen\/"},"modified":"2025-01-19T15:21:30","modified_gmt":"2025-01-19T14:21:30","slug":"haeufig-gestellte-fragen","status":"publish","type":"page","link":"https:\/\/www.bunkrpraslavice.cz\/de\/haeufig-gestellte-fragen\/","title":{"rendered":"H\u00e4ufig gestellte Fragen"},"content":{"rendered":"<p>[et_pb_section fb_built=&#8220;1&#8243; admin_label=&#8220;Hero&#8220; _builder_version=&#8220;4.23.1&#8243; custom_margin=&#8220;||||false|false&#8220; custom_padding=&#8220;90px||30px|&#8220; locked=&#8220;off&#8220; global_colors_info=&#8220;{}&#8220;][et_pb_row _builder_version=&#8220;4.22.2&#8243; background_size=&#8220;initial&#8220; background_position=&#8220;top_left&#8220; background_repeat=&#8220;repeat&#8220; custom_margin=&#8220;||||false|false&#8220; global_colors_info=&#8220;{}&#8220;][et_pb_column type=&#8220;4_4&#8243; _builder_version=&#8220;4.16&#8243; custom_padding=&#8220;|||&#8220; global_colors_info=&#8220;{}&#8220; custom_padding__hover=&#8220;|||&#8220;][et_pb_text admin_label=&#8220;Title&#8220; _builder_version=&#8220;4.23.1&#8243; text_font=&#8220;||||||||&#8220; header_font=&#8220;Montserrat|500|||||||&#8220; header_text_align=&#8220;center&#8220; header_font_size=&#8220;84px&#8220; animation_style=&#8220;zoom&#8220; animation_direction=&#8220;left&#8220; animation_intensity_zoom=&#8220;10%&#8220; header_font_size_tablet=&#8220;50px&#8220; header_font_size_phone=&#8220;&#8220; header_font_size_last_edited=&#8220;on|phone&#8220; global_colors_info=&#8220;{}&#8220;]<\/p>\n<h1>H\u00e4ufig Fragen<\/h1>\n<p>[\/et_pb_text][et_pb_divider color=&#8220;#564C4D&#8220; divider_weight=&#8220;3px&#8220; _builder_version=&#8220;4.22.2&#8243; max_width=&#8220;100px&#8220; module_alignment=&#8220;center&#8220; animation_style=&#8220;fade&#8220; animation_direction=&#8220;left&#8220; global_colors_info=&#8220;{}&#8220;][\/et_pb_divider][\/et_pb_column][\/et_pb_row][\/et_pb_section][et_pb_section fb_built=&#8220;1&#8243; admin_label=&#8220;About&#8220; _builder_version=&#8220;4.23.1&#8243; min_height=&#8220;984.2px&#8220; custom_margin=&#8220;||||false|false&#8220; custom_padding=&#8220;0px|0px|90px|0px||&#8220; global_colors_info=&#8220;{}&#8220;][et_pb_row column_structure=&#8220;1_2,1_2&#8243; _builder_version=&#8220;4.16&#8243; custom_margin=&#8220;|||&#8220; global_colors_info=&#8220;{}&#8220;][et_pb_column type=&#8220;1_2&#8243; _builder_version=&#8220;4.16&#8243; custom_padding=&#8220;|||&#8220; global_colors_info=&#8220;{}&#8220; custom_padding__hover=&#8220;|||&#8220;][et_pb_blurb title=&#8220;\u00dcber den Kauf&#8220; use_icon=&#8220;on&#8220; font_icon=&#8220;&#xf291;||fa||900&#8243; icon_color=&#8220;#564C4D&#8220; icon_placement=&#8220;left&#8220; _builder_version=&#8220;4.23.1&#8243; header_font=&#8220;Montserrat|500|||||||&#8220; header_line_height=&#8220;1.8em&#8220; body_font=&#8220;Montserrat|300|||||||&#8220; body_font_size=&#8220;17px&#8220; body_line_height=&#8220;1.8em&#8220; custom_margin=&#8220;80px||0px|&#8220; custom_padding=&#8220;|||&#8220; global_colors_info=&#8220;{}&#8220;][\/et_pb_blurb][et_pb_toggle title=&#8220;Ist es m\u00f6glich, vor Ort in bar zu bezahlen?&#8220; _builder_version=&#8220;4.16&#8243; title_text_color=&#8220;#000000&#8243; title_font=&#8220;Montserrat|300|||||||&#8220; title_line_height=&#8220;1.8em&#8220; body_font=&#8220;Montserrat|300|||||||&#8220; body_font_size=&#8220;16px&#8220; body_line_height=&#8220;1.8em&#8220; background_color=&#8220;rgba(0,0,0,0)&#8220; custom_margin=&#8220;||0px|28px&#8220; custom_padding=&#8220;|||&#8220; border_width_all=&#8220;0px&#8220; global_colors_info=&#8220;{}&#8220;]<\/p>\n<p><strong>Nein<\/strong><span>. V\u0161echny vstupenky prod\u00e1v\u00e1me skrze online prodej na na\u0161ich webov\u00fdch str\u00e1nk\u00e1ch. Pokud p\u0159ijedete na prohl\u00eddku bez vstupenky, m\u016f\u017eete si ji je\u0161t\u011b na posledn\u00ed chv\u00edli zakoupit online. Vystavujete se riziku, \u017ee ji\u017e nebude voln\u00e1 kapacita.   <\/span><\/p>\n<p>[\/et_pb_toggle][et_pb_toggle title=&#8220;Kann ich das Datum der Tour \u00e4ndern?&#8220; _builder_version=&#8220;4.16&#8243; title_text_color=&#8220;#000000&#8243; title_font=&#8220;Montserrat|300|||||||&#8220; title_line_height=&#8220;1.8em&#8220; body_font=&#8220;Montserrat|300|||||||&#8220; body_font_size=&#8220;16px&#8220; body_line_height=&#8220;1.8em&#8220; background_color=&#8220;rgba(0,0,0,0)&#8220; custom_margin=&#8220;||0px|28px&#8220; custom_padding=&#8220;|||&#8220; border_width_all=&#8220;0px&#8220; global_colors_info=&#8220;{}&#8220;]<\/p>\n<p><span>Wir verkaufen Tickets f\u00fcr ein bestimmtes Datum. Sie k\u00f6nnen es \u00e4ndern <\/span><span> <\/span><strong>Kaufen Sie gegen eine zus\u00e4tzliche Geb\u00fchr<\/strong><span>. Zm\u011bnu term\u00ednu je nutn\u00e9 prov\u00e9st nejpozd\u011bji do 24 hodin p\u0159ed p\u016fvodn\u00edm term\u00ednem prohl\u00eddky. <\/span><\/p>\n<p>[\/et_pb_toggle][et_pb_toggle title=&#8220;Was ist, wenn ich eine Tour f\u00fcr eine Gruppe an einem anderen als dem ver\u00f6ffentlichten Datum w\u00fcnsche?&#8220; _builder_version=&#8220;4.16&#8243; title_text_color=&#8220;#000000&#8243; title_font=&#8220;Montserrat|300|||||||&#8220; title_line_height=&#8220;1.8em&#8220; body_font=&#8220;Montserrat|300|||||||&#8220; body_font_size=&#8220;16px&#8220; body_line_height=&#8220;1.8em&#8220; background_color=&#8220;rgba(0,0,0,0)&#8220; custom_margin=&#8220;||0px|28px&#8220; custom_padding=&#8220;|||&#8220; border_width_all=&#8220;0px&#8220; global_colors_info=&#8220;{}&#8220;]<\/p>\n<p><span>In diesem Fall<\/span><span> <\/span><strong>Kontaktieren Sie uns mit Ihren Anforderungen<\/strong><span>. B\u011b\u017en\u011b d\u011bl\u00e1me prohl\u00eddky i v pracovn\u00ed dny. V\u0161e je mo\u017en\u00e9 dohodnout.  <\/span><\/p>\n<p>[\/et_pb_toggle][et_pb_blurb title=&#8220;\u00dcber das Geb\u00e4ude&#8220; use_icon=&#8220;on&#8220; font_icon=&#8220;&#xf66f;||fa||900&#8243; icon_color=&#8220;#564C4D&#8220; image_icon_background_color=&#8220;RGBA(255,255,255,0)&#8220; icon_placement=&#8220;left&#8220; _builder_version=&#8220;4.23.1&#8243; header_font=&#8220;Montserrat|500|||||||&#8220; header_text_color=&#8220;#&#8220; header_line_height=&#8220;1.8em&#8220; body_font=&#8220;Montserrat|300|||||||&#8220; body_font_size=&#8220;17px&#8220; body_line_height=&#8220;1.8em&#8220; custom_margin=&#8220;80px||0px|&#8220; custom_padding=&#8220;|||&#8220; locked=&#8220;off&#8220; global_colors_info=&#8220;{}&#8220;][\/et_pb_blurb][et_pb_toggle title=&#8220;Wie hoch ist die Temperatur im Bunker?&#8220; _builder_version=&#8220;4.16&#8243; title_text_color=&#8220;#000000&#8243; title_font=&#8220;Montserrat|300|||||||&#8220; title_line_height=&#8220;1.8em&#8220; body_font=&#8220;Montserrat|300|||||||&#8220; body_font_size=&#8220;16px&#8220; body_line_height=&#8220;1.8em&#8220; background_color=&#8220;rgba(0,0,0,0)&#8220; custom_margin=&#8220;||0px|28px&#8220; custom_padding=&#8220;|||&#8220; border_width_all=&#8220;0px&#8220; locked=&#8220;off&#8220; global_colors_info=&#8220;{}&#8220;]<\/p>\n<p><span>Die Temperatur im Inneren liegt<\/span> das ganze Jahr \u00fcber bei <span> <\/span><strong>etwa 15 \u2013 17 \u00b0C<\/strong><span>.<\/span><\/p>\n<p>[\/et_pb_toggle][et_pb_toggle title=&#8220;Wo kann ich parken?&#8220; _builder_version=&#8220;4.16&#8243; title_text_color=&#8220;#000000&#8243; title_font=&#8220;Montserrat|300|||||||&#8220; title_line_height=&#8220;1.8em&#8220; body_font=&#8220;Montserrat|300|||||||&#8220; body_font_size=&#8220;16px&#8220; body_line_height=&#8220;1.8em&#8220; background_color=&#8220;rgba(0,0,0,0)&#8220; custom_margin=&#8220;||0px|28px&#8220; custom_padding=&#8220;|||&#8220; border_width_all=&#8220;0px&#8220; locked=&#8220;off&#8220; global_colors_info=&#8220;{}&#8220;]<\/p>\n<p><span>Kostenlose Parkpl\u00e4tze stehen zur Verf\u00fcgung<\/span><span> <\/span><strong>direkt auf dem Gel\u00e4nde<\/strong><span>. Nebojte se projet z\u00e1kazem vjezdu a zaparkovat p\u0159\u00edmo p\u0159ed objektem. <\/span><\/p>\n<p>[\/et_pb_toggle][et_pb_toggle title=&#8220;Ist es m\u00f6glich, Erfrischungen zu kaufen?&#8220; _builder_version=&#8220;4.27.2&#8243; title_text_color=&#8220;#000000&#8243; title_font=&#8220;Montserrat|300|||||||&#8220; title_line_height=&#8220;1.8em&#8220; body_font=&#8220;Montserrat|300|||||||&#8220; body_font_size=&#8220;16px&#8220; body_line_height=&#8220;1.8em&#8220; background_color=&#8220;rgba(0,0,0,0)&#8220; custom_margin=&#8220;||0px|28px&#8220; custom_padding=&#8220;|||&#8220; hover_enabled=&#8220;0&#8243; border_width_all=&#8220;0px&#8220; locked=&#8220;off&#8220; global_colors_info=&#8220;{}&#8220; sticky_enabled=&#8220;0&#8243;]<\/p>\n<p><strong>Ano<\/strong>. Automat na k\u00e1vu a dal\u0161\u00ed n\u00e1poje spolu s automatem na drobn\u00e9 ob\u010derstven\u00ed najdete v chodb\u011b v n\u00e1v\u0161t\u011bvnick\u00e9m centru.<\/p>\n<p>[\/et_pb_toggle][et_pb_toggle title=&#8220;Wo genau startet die Tour?&#8220; _builder_version=&#8220;4.16&#8243; title_text_color=&#8220;#000000&#8243; title_font=&#8220;Montserrat|300|||||||&#8220; title_line_height=&#8220;1.8em&#8220; body_font=&#8220;Montserrat|300|||||||&#8220; body_font_size=&#8220;16px&#8220; body_line_height=&#8220;1.8em&#8220; background_color=&#8220;rgba(0,0,0,0)&#8220; custom_margin=&#8220;||0px|28px&#8220; custom_padding=&#8220;|||&#8220; border_width_all=&#8220;0px&#8220; locked=&#8220;off&#8220; global_colors_info=&#8220;{}&#8220;]<\/p>\n<p><span>Ihr Reiseleiter holt Sie zur Startzeit der Tour ab<\/span><span> <\/span><strong>am Eingang des Geb\u00e4udes<\/strong><span>. Je ozna\u010den cedul\u00ed s n\u00e1pisem <\/span><span> <\/span><strong>&#8222;Bunker-Tour&#8220;.<\/strong><span><\/span><\/p>\n<p>[\/et_pb_toggle][\/et_pb_column][et_pb_column type=&#8220;1_2&#8243; _builder_version=&#8220;4.16&#8243; custom_padding=&#8220;|||&#8220; global_colors_info=&#8220;{}&#8220; custom_padding__hover=&#8220;|||&#8220;][et_pb_blurb title=&#8220;\u00dcber die Tour&#8220; use_icon=&#8220;on&#8220; font_icon=&#8220;&#xf406;||fa||900&#8243; icon_color=&#8220;#564C4D&#8220; icon_placement=&#8220;left&#8220; _builder_version=&#8220;4.23.1&#8243; header_font=&#8220;Montserrat|500|||||||&#8220; header_text_color=&#8220;#&#8220; header_line_height=&#8220;1.8em&#8220; body_font=&#8220;Montserrat|300|||||||&#8220; body_font_size=&#8220;17px&#8220; body_line_height=&#8220;1.8em&#8220; custom_margin=&#8220;80px||0px|&#8220; custom_padding=&#8220;|||&#8220; locked=&#8220;off&#8220; global_colors_info=&#8220;{}&#8220;][\/et_pb_blurb][et_pb_toggle title=&#8220;Darf ich im Bunker fotografieren?  &#8220; _builder_version=&#8220;4.16&#8243; title_text_color=&#8220;#000000&#8243; title_font=&#8220;Montserrat|300|||||||&#8220; title_line_height=&#8220;1.8em&#8220; body_font=&#8220;Montserrat|300|||||||&#8220; body_font_size=&#8220;16px&#8220; body_line_height=&#8220;1.8em&#8220; background_color=&#8220;rgba(0,0,0,0)&#8220; custom_margin=&#8220;||0px|28px&#8220; custom_padding=&#8220;|||&#8220; border_width_all=&#8220;0px&#8220; locked=&#8220;off&#8220; global_colors_info=&#8220;{}&#8220;]<\/p>\n<p><strong>Ja<\/strong>. W\u00e4hrend der Tour k\u00f6nnen Sie Fotos f\u00fcr den pers\u00f6nlichen Gebrauch machen. <\/p>\n<p>[\/et_pb_toggle][et_pb_toggle title=&#8220;Kann ich ein Video erstellen?  &#8220; _builder_version=&#8220;4.16&#8243; title_text_color=&#8220;#000000&#8243; title_font=&#8220;Montserrat|300|||||||&#8220; title_line_height=&#8220;1.8em&#8220; body_font=&#8220;Montserrat|300|||||||&#8220; body_font_size=&#8220;16px&#8220; body_line_height=&#8220;1.8em&#8220; background_color=&#8220;rgba(0,0,0,0)&#8220; custom_margin=&#8220;||0px|28px&#8220; custom_padding=&#8220;|||&#8220; border_width_all=&#8220;0px&#8220; locked=&#8220;off&#8220; global_colors_info=&#8220;{}&#8220;]<\/p>\n<p><strong>Nein<\/strong>. Es ist nicht gestattet, w\u00e4hrend der F\u00fchrungen audiovisuelle oder Audioaufnahmen zu machen. <\/p>\n<p>[\/et_pb_toggle][et_pb_toggle title=&#8220;Ist die Tour k\u00f6rperlich anstrengend?&#8220; _builder_version=&#8220;4.16&#8243; title_text_color=&#8220;#000000&#8243; title_font=&#8220;Montserrat|300|||||||&#8220; title_line_height=&#8220;1.8em&#8220; body_font=&#8220;Montserrat|300|||||||&#8220; body_font_size=&#8220;16px&#8220; body_line_height=&#8220;1.8em&#8220; background_color=&#8220;rgba(0,0,0,0)&#8220; custom_margin=&#8220;||0px|28px&#8220; custom_padding=&#8220;|||&#8220; border_width_all=&#8220;0px&#8220; locked=&#8220;off&#8220; global_colors_info=&#8220;{}&#8220;]<\/p>\n<p>Der Rundgang f\u00fchrt in vier Untergeschosse. Alles muss \u00fcber eine Treppe erklommen werden, <strong>wir haben keinen Aufzug zur Verf\u00fcgung.<\/strong> <\/p>\n<p>[\/et_pb_toggle][et_pb_toggle title=&#8220;Kann eine \u00e4ltere Person die Tour bew\u00e4ltigen?  &#8220; _builder_version=&#8220;4.22.2&#8243; title_text_color=&#8220;#000000&#8243; title_font=&#8220;Montserrat|300|||||||&#8220; title_line_height=&#8220;1.8em&#8220; body_font=&#8220;Montserrat|300|||||||&#8220; body_font_size=&#8220;16px&#8220; body_line_height=&#8220;1.8em&#8220; background_color=&#8220;rgba(0,0,0,0)&#8220; custom_margin=&#8220;||0px|28px&#8220; custom_padding=&#8220;|||&#8220; border_width_all=&#8220;0px&#8220; locked=&#8220;off&#8220; global_colors_info=&#8220;{}&#8220;]<\/p>\n<p><strong>Ja<\/strong>. Auch \u00e4ltere Menschen mit durchschnittlicher k\u00f6rperlicher Verfassung k\u00f6nnen den Besuch problemlos bew\u00e4ltigen. <\/p>\n<p>[\/et_pb_toggle][et_pb_toggle title=&#8220;Kann ich meine Kinder mitbringen?&#8220; _builder_version=&#8220;4.16&#8243; title_text_color=&#8220;#000000&#8243; title_font=&#8220;Montserrat|300|||||||&#8220; title_line_height=&#8220;1.8em&#8220; body_font=&#8220;Montserrat|300|||||||&#8220; body_font_size=&#8220;16px&#8220; body_line_height=&#8220;1.8em&#8220; background_color=&#8220;rgba(0,0,0,0)&#8220; custom_margin=&#8220;||0px|28px&#8220; custom_padding=&#8220;|||&#8220; border_width_all=&#8220;0px&#8220; locked=&#8220;off&#8220; global_colors_info=&#8220;{}&#8220;]<\/p>\n<p><span>Ja. Beteiligung <\/span><span> <\/span><strong>Bitte denken Sie an kleine Kinder unter 6 Jahren<\/strong><span>, da die Tour f\u00fcr sie m\u00f6glicherweise keinen Spa\u00df macht und lang sein kann.<\/span><\/p>\n<p>[\/et_pb_toggle][et_pb_toggle title=&#8220;Wie ist das mit Haustieren?  &#8220; _builder_version=&#8220;4.16&#8243; title_text_color=&#8220;#000000&#8243; title_font=&#8220;Montserrat|300|||||||&#8220; title_line_height=&#8220;1.8em&#8220; body_font=&#8220;Montserrat|300|||||||&#8220; body_font_size=&#8220;16px&#8220; body_line_height=&#8220;1.8em&#8220; background_color=&#8220;rgba(0,0,0,0)&#8220; custom_margin=&#8220;||0px|28px&#8220; custom_padding=&#8220;|||&#8220; border_width_all=&#8220;0px&#8220; locked=&#8220;off&#8220; global_colors_info=&#8220;{}&#8220;]<\/p>\n<p>Haustiere<strong> sind nicht erlaubt<\/strong>. Bitte lassen Sie die Hunde zu Hause. <\/p>\n<p>[\/et_pb_toggle][\/et_pb_column][\/et_pb_row][\/et_pb_section]<\/p>\n","protected":false},"excerpt":{"rendered":"<p>H\u00e4ufig FragenNein. V\u0161echny vstupenky prod\u00e1v\u00e1me skrze online prodej na na\u0161ich webov\u00fdch str\u00e1nk\u00e1ch. Pokud p\u0159ijedete na prohl\u00eddku bez vstupenky, m\u016f\u017eete si ji je\u0161t\u011b na posledn\u00ed chv\u00edli zakoupit online. Vystavujete se riziku, \u017ee ji\u017e nebude voln\u00e1 kapacita. Wir verkaufen Tickets f\u00fcr ein bestimmtes Datum. Sie k\u00f6nnen es \u00e4ndern Kaufen Sie gegen eine zus\u00e4tzliche Geb\u00fchr. Zm\u011bnu term\u00ednu je [&hellip;]<\/p>\n","protected":false},"author":1,"featured_media":0,"parent":0,"menu_order":0,"comment_status":"closed","ping_status":"closed","template":"","meta":{"_et_pb_use_builder":"on","_et_pb_old_content":"","_et_gb_content_width":"","footnotes":""},"class_list":["post-8079","page","type-page","status-publish","hentry"],"_links":{"self":[{"href":"https:\/\/www.bunkrpraslavice.cz\/de\/wp-json\/wp\/v2\/pages\/8079","targetHints":{"allow":["GET"]}}],"collection":[{"href":"https:\/\/www.bunkrpraslavice.cz\/de\/wp-json\/wp\/v2\/pages"}],"about":[{"href":"https:\/\/www.bunkrpraslavice.cz\/de\/wp-json\/wp\/v2\/types\/page"}],"author":[{"embeddable":true,"href":"https:\/\/www.bunkrpraslavice.cz\/de\/wp-json\/wp\/v2\/users\/1"}],"replies":[{"embeddable":true,"href":"https:\/\/www.bunkrpraslavice.cz\/de\/wp-json\/wp\/v2\/comments?post=8079"}],"version-history":[{"count":0,"href":"https:\/\/www.bunkrpraslavice.cz\/de\/wp-json\/wp\/v2\/pages\/8079\/revisions"}],"wp:attachment":[{"href":"https:\/\/www.bunkrpraslavice.cz\/de\/wp-json\/wp\/v2\/media?parent=8079"}],"curies":[{"name":"wp","href":"https:\/\/api.w.org\/{rel}","templated":true}]}}