{"id":8059,"date":"2023-11-12T19:52:08","date_gmt":"2023-11-12T18:52:08","guid":{"rendered":"https:\/\/www.bunkrpraslavice.cz\/fotogalerie\/fotogalerie-dark-tour\/"},"modified":"2025-08-14T08:49:17","modified_gmt":"2025-08-14T07:49:17","slug":"fotogalerie-dark-tour","status":"publish","type":"page","link":"https:\/\/www.bunkrpraslavice.cz\/de\/fotogalerie\/fotogalerie-dark-tour\/","title":{"rendered":"Fotogalerie Adrenalintour &#8222;Experiment 025&#8220;"},"content":{"rendered":"<p>[et_pb_section fb_built=&#8220;1&#8243; admin_label=&#8220;Hero&#8220; _builder_version=&#8220;4.23.1&#8243; custom_margin=&#8220;||||false|false&#8220; custom_padding=&#8220;90px||30px|&#8220; global_colors_info=&#8220;{}&#8220;][et_pb_row _builder_version=&#8220;4.22.2&#8243; background_size=&#8220;initial&#8220; background_position=&#8220;top_left&#8220; background_repeat=&#8220;repeat&#8220; custom_margin=&#8220;|auto||auto|false|false&#8220; global_colors_info=&#8220;{}&#8220;][et_pb_column type=&#8220;4_4&#8243; _builder_version=&#8220;4.16&#8243; custom_padding=&#8220;|||&#8220; global_colors_info=&#8220;{}&#8220; custom_padding__hover=&#8220;|||&#8220;][et_pb_text admin_label=&#8220;Title&#8220; _builder_version=&#8220;4.16&#8243; text_font=&#8220;||||||||&#8220; header_font=&#8220;Montserrat|500|||||||&#8220; header_text_align=&#8220;center&#8220; header_font_size=&#8220;84px&#8220; animation_style=&#8220;zoom&#8220; animation_direction=&#8220;left&#8220; animation_intensity_zoom=&#8220;10%&#8220; header_font_size_tablet=&#8220;50px&#8220; header_font_size_phone=&#8220;&#8220; header_font_size_last_edited=&#8220;on|phone&#8220; global_colors_info=&#8220;{}&#8220;]<\/p>\n<h1>Fotogalerie: Adrenalin-Tour<\/h1>\n<h1>&#8222;Versuch 025&#8220;<\/h1>\n<p>[\/et_pb_text][et_pb_divider color=&#8220;#564c4d&#8220; divider_weight=&#8220;3px&#8220; _builder_version=&#8220;4.22.2&#8243; max_width=&#8220;100px&#8220; module_alignment=&#8220;center&#8220; animation_style=&#8220;zoom&#8220; animation_direction=&#8220;left&#8220; global_colors_info=&#8220;{}&#8220;][\/et_pb_divider][et_pb_text _builder_version=&#8220;4.27.4&#8243; _module_preset=&#8220;default&#8220; text_orientation=&#8220;center&#8220; custom_padding=&#8220;9px|||||&#8220; hover_enabled=&#8220;0&#8243; global_colors_info=&#8220;{}&#8220; sticky_enabled=&#8220;0&#8243;]<\/p>\n<p><span style=\"font-weight: 400;\">Eine Tour mit Elementen <strong>eines Erlebnisspiels<\/strong>! <strong>Eine fiktive Geschichte<\/strong>, die Ihnen G\u00e4nsehaut und G\u00e4nsehaut am ganzen K\u00f6rper bescheren wird. Sie werden ein Teil davon sein! Liebhaber von Abenteuer und Adrenalin, freuen Sie sich! <strong>Die Adrenalintour &#8222;Experiment 025&#8220;<\/strong> ist ein Erlebnis, bei dem Sie <strong>eine unwiederholbare Spannung<\/strong> genie\u00dfen werden.    <\/span><\/p>\n<p><span style=\"font-weight: 400;\">Werden Sie einer (einer) in einer Gruppe von <strong>Entdeckern,<\/strong> die den Bunker zum ersten Mal <strong>seit 40 Jahren<\/strong> betreten. 1983 wurde es <strong>hermetisch abgedichtet<\/strong>.   <\/span><\/p>\n<p><span style=\"font-weight: 400;\">Warum? Was ging darin vor sich? Welche <strong>Experimente<\/strong>, an wem und mit welchem Ziel?  <\/span><\/p>\n<p>Der einzige, der sich zu diesem Zeitpunkt retten konnte, ist der <strong>&#8222;Anf\u00fchrer&#8220; der Gruppe<\/strong>, der Chefforscher Dr. Tich\u00fd. Er wird mit euch in den Untergrund gehen, wo er an <strong>die ferne Vergangenheit<\/strong> erinnert wird, die niemals ans Licht h\u00e4tte kommen d\u00fcrfen. Werden sie sie mit Ihnen teilen?  <span style=\"font-weight: 400;\"><\/span><\/p>\n<p>Wie kommt es, dass Dr. Tich\u00fd, der vor 40 Jahren als einziger aus dem Bunker entkommen konnte, gar <strong>nicht altert<\/strong>?<\/p>\n<p><strong>Ist Unsterblichkeit ein Geschenk oder ein Fluch?!<\/strong><\/p>\n<p>[\/et_pb_text][\/et_pb_column][\/et_pb_row][\/et_pb_section][et_pb_section fb_built=&#8220;1&#8243; _builder_version=&#8220;4.22.2&#8243; _module_preset=&#8220;default&#8220; global_colors_info=&#8220;{}&#8220;][et_pb_row _builder_version=&#8220;4.22.2&#8243; _module_preset=&#8220;default&#8220; global_colors_info=&#8220;{}&#8220;][et_pb_column type=&#8220;4_4&#8243; _builder_version=&#8220;4.22.2&#8243; _module_preset=&#8220;default&#8220; global_colors_info=&#8220;{}&#8220;][et_pb_gallery gallery_ids=&#8220;8663,8777,8780,8783,8786,8789,8792,8801,8804,8807,8810,8813,8816,8819,8822,9093,9120,9131,9134,9140,9143&#8243; posts_number=&#8220;1000&#8243; orientation=&#8220;portrait&#8220; show_title_and_caption=&#8220;off&#8220; show_pagination=&#8220;off&#8220; _builder_version=&#8220;4.27.4&#8243; _module_preset=&#8220;default&#8220; title_level=&#8220;h5&#8243; text_orientation=&#8220;center&#8220; hover_enabled=&#8220;0&#8243; global_colors_info=&#8220;{}&#8220; sticky_enabled=&#8220;0&#8243;][\/et_pb_gallery][\/et_pb_column][\/et_pb_row][\/et_pb_section]<\/p>\n","protected":false},"excerpt":{"rendered":"<p>Fotogalerie: Adrenalin-Tour &#8222;Versuch 025&#8243;Eine Tour mit Elementen eines Erlebnisspiels! Eine fiktive Geschichte, die Ihnen G\u00e4nsehaut und G\u00e4nsehaut am ganzen K\u00f6rper bescheren wird. Sie werden ein Teil davon sein! Liebhaber von Abenteuer und Adrenalin, freuen Sie sich! Die Adrenalintour &#8222;Experiment 025&#8220; ist ein Erlebnis, bei dem Sie eine unwiederholbare Spannung genie\u00dfen werden. Werden Sie einer (einer) [&hellip;]<\/p>\n","protected":false},"author":1,"featured_media":0,"parent":7798,"menu_order":0,"comment_status":"closed","ping_status":"closed","template":"","meta":{"_et_pb_use_builder":"on","_et_pb_old_content":"","_et_gb_content_width":"","footnotes":""},"class_list":["post-8059","page","type-page","status-publish","hentry"],"_links":{"self":[{"href":"https:\/\/www.bunkrpraslavice.cz\/de\/wp-json\/wp\/v2\/pages\/8059","targetHints":{"allow":["GET"]}}],"collection":[{"href":"https:\/\/www.bunkrpraslavice.cz\/de\/wp-json\/wp\/v2\/pages"}],"about":[{"href":"https:\/\/www.bunkrpraslavice.cz\/de\/wp-json\/wp\/v2\/types\/page"}],"author":[{"embeddable":true,"href":"https:\/\/www.bunkrpraslavice.cz\/de\/wp-json\/wp\/v2\/users\/1"}],"replies":[{"embeddable":true,"href":"https:\/\/www.bunkrpraslavice.cz\/de\/wp-json\/wp\/v2\/comments?post=8059"}],"version-history":[{"count":0,"href":"https:\/\/www.bunkrpraslavice.cz\/de\/wp-json\/wp\/v2\/pages\/8059\/revisions"}],"up":[{"embeddable":true,"href":"https:\/\/www.bunkrpraslavice.cz\/de\/wp-json\/wp\/v2\/pages\/7798"}],"wp:attachment":[{"href":"https:\/\/www.bunkrpraslavice.cz\/de\/wp-json\/wp\/v2\/media?parent=8059"}],"curies":[{"name":"wp","href":"https:\/\/api.w.org\/{rel}","templated":true}]}}