{"id":8044,"date":"2023-11-12T18:41:22","date_gmt":"2023-11-12T17:41:22","guid":{"rendered":"https:\/\/www.bunkrpraslavice.cz\/fotogalerie\/fotogalerie-schicksalsstunde\/"},"modified":"2025-01-18T21:02:13","modified_gmt":"2025-01-18T20:02:13","slug":"fotogalerie-schicksalsstunde","status":"publish","type":"page","link":"https:\/\/www.bunkrpraslavice.cz\/de\/fotogalerie\/fotogalerie-schicksalsstunde\/","title":{"rendered":"Fotogalerie Schicksalsstunde"},"content":{"rendered":"<p>[et_pb_section fb_built=&#8220;1&#8243; admin_label=&#8220;Hero&#8220; _builder_version=&#8220;4.23.1&#8243; custom_margin=&#8220;50px||||false|false&#8220; custom_padding=&#8220;90px||30px|&#8220; global_colors_info=&#8220;{}&#8220;][et_pb_row _builder_version=&#8220;4.22.2&#8243; background_size=&#8220;initial&#8220; background_position=&#8220;top_left&#8220; background_repeat=&#8220;repeat&#8220; custom_margin=&#8220;|auto||auto|false|false&#8220; global_colors_info=&#8220;{}&#8220;][et_pb_column type=&#8220;4_4&#8243; _builder_version=&#8220;4.16&#8243; custom_padding=&#8220;|||&#8220; global_colors_info=&#8220;{}&#8220; custom_padding__hover=&#8220;|||&#8220;][et_pb_text admin_label=&#8220;Title&#8220; _builder_version=&#8220;4.16&#8243; text_font=&#8220;||||||||&#8220; header_font=&#8220;Montserrat|500|||||||&#8220; header_text_align=&#8220;center&#8220; header_font_size=&#8220;84px&#8220; animation_style=&#8220;zoom&#8220; animation_direction=&#8220;left&#8220; animation_intensity_zoom=&#8220;10%&#8220; header_font_size_tablet=&#8220;50px&#8220; header_font_size_phone=&#8220;&#8220; header_font_size_last_edited=&#8220;on|phone&#8220; global_colors_info=&#8220;{}&#8220;]<\/p>\n<h1>Fotogalerie: Die schicksalhafte Stunde<\/h1>\n<p>[\/et_pb_text][et_pb_divider color=&#8220;#564c4d&#8220; divider_weight=&#8220;3px&#8220; _builder_version=&#8220;4.22.2&#8243; max_width=&#8220;100px&#8220; module_alignment=&#8220;center&#8220; animation_style=&#8220;zoom&#8220; animation_direction=&#8220;left&#8220; global_colors_info=&#8220;{}&#8220;][\/et_pb_divider][et_pb_text _builder_version=&#8220;4.23.1&#8243; _module_preset=&#8220;default&#8220; text_orientation=&#8220;center&#8220; global_colors_info=&#8220;{}&#8220;]<\/p>\n<p><span style=\"font-weight: 400;\">Das Erlebnisprogramm &#8222;Schicksalsstunde&#8220; l\u00e4sst Sie in <strong>die spannungsgeladene Atmosph\u00e4re des Kalten Krieges<\/strong> eintauchen. Es war eine Zeit voller Unsicherheit, Zweifel und Spannungen. Stellen Sie sich vor, Sie w\u00e4ren ein Schl\u00fcsselmitarbeiter in einem der wichtigsten Kommunikationszentren, in dem jede Entscheidung weitreichende Konsequenzen haben kann. Die d\u00fcstere Atmosph\u00e4re des Kalten Krieges k\u00f6nnen Sie in einem der gr\u00f6\u00dften und geheimsten Kommunikationszentren der Tschechoslowakischen Sozialistischen Republik, dem Bunker von P\u0159\u00e1slavice, erleben.   <\/span><\/p>\n<p>[\/et_pb_text][\/et_pb_column][\/et_pb_row][\/et_pb_section][et_pb_section fb_built=&#8220;1&#8243; _builder_version=&#8220;4.22.2&#8243; _module_preset=&#8220;default&#8220; global_colors_info=&#8220;{}&#8220;][et_pb_row _builder_version=&#8220;4.22.2&#8243; _module_preset=&#8220;default&#8220; global_colors_info=&#8220;{}&#8220;][et_pb_column type=&#8220;4_4&#8243; _builder_version=&#8220;4.22.2&#8243; _module_preset=&#8220;default&#8220; global_colors_info=&#8220;{}&#8220;][et_pb_gallery gallery_ids=&#8220;7057,7059,7061,7063,7069,7071,7073,7081,7085,7087,7089,7095,7099,7109,7111,7113&#8243; posts_number=&#8220;1000&#8243; orientation=&#8220;portrait&#8220; show_title_and_caption=&#8220;off&#8220; show_pagination=&#8220;off&#8220; _builder_version=&#8220;4.23.1&#8243; _module_preset=&#8220;default&#8220; title_level=&#8220;h5&#8243; text_orientation=&#8220;center&#8220; global_colors_info=&#8220;{}&#8220;][\/et_pb_gallery][\/et_pb_column][\/et_pb_row][\/et_pb_section]<\/p>\n","protected":false},"excerpt":{"rendered":"<p>Fotogalerie: Die schicksalhafte StundeDas Erlebnisprogramm &#8222;Schicksalsstunde&#8220; l\u00e4sst Sie in die spannungsgeladene Atmosph\u00e4re des Kalten Krieges eintauchen. Es war eine Zeit voller Unsicherheit, Zweifel und Spannungen. Stellen Sie sich vor, Sie w\u00e4ren ein Schl\u00fcsselmitarbeiter in einem der wichtigsten Kommunikationszentren, in dem jede Entscheidung weitreichende Konsequenzen haben kann. Die d\u00fcstere Atmosph\u00e4re des Kalten Krieges k\u00f6nnen Sie in [&hellip;]<\/p>\n","protected":false},"author":1,"featured_media":0,"parent":7798,"menu_order":0,"comment_status":"closed","ping_status":"closed","template":"","meta":{"_et_pb_use_builder":"on","_et_pb_old_content":"","_et_gb_content_width":"","footnotes":""},"class_list":["post-8044","page","type-page","status-publish","hentry"],"_links":{"self":[{"href":"https:\/\/www.bunkrpraslavice.cz\/de\/wp-json\/wp\/v2\/pages\/8044","targetHints":{"allow":["GET"]}}],"collection":[{"href":"https:\/\/www.bunkrpraslavice.cz\/de\/wp-json\/wp\/v2\/pages"}],"about":[{"href":"https:\/\/www.bunkrpraslavice.cz\/de\/wp-json\/wp\/v2\/types\/page"}],"author":[{"embeddable":true,"href":"https:\/\/www.bunkrpraslavice.cz\/de\/wp-json\/wp\/v2\/users\/1"}],"replies":[{"embeddable":true,"href":"https:\/\/www.bunkrpraslavice.cz\/de\/wp-json\/wp\/v2\/comments?post=8044"}],"version-history":[{"count":0,"href":"https:\/\/www.bunkrpraslavice.cz\/de\/wp-json\/wp\/v2\/pages\/8044\/revisions"}],"up":[{"embeddable":true,"href":"https:\/\/www.bunkrpraslavice.cz\/de\/wp-json\/wp\/v2\/pages\/7798"}],"wp:attachment":[{"href":"https:\/\/www.bunkrpraslavice.cz\/de\/wp-json\/wp\/v2\/media?parent=8044"}],"curies":[{"name":"wp","href":"https:\/\/api.w.org\/{rel}","templated":true}]}}