{"id":8020,"date":"2023-11-12T17:40:47","date_gmt":"2023-11-12T16:40:47","guid":{"rendered":"https:\/\/www.bunkrpraslavice.cz\/ueber-uns\/"},"modified":"2025-01-18T21:02:01","modified_gmt":"2025-01-18T20:02:01","slug":"ueber-uns","status":"publish","type":"page","link":"https:\/\/www.bunkrpraslavice.cz\/de\/ueber-uns\/","title":{"rendered":"\u00dcber uns"},"content":{"rendered":"<p>[et_pb_section fb_built=&#8220;1&#8243; admin_label=&#8220;Hero&#8220; _builder_version=&#8220;4.23.1&#8243; background_color=&#8220;gcid-22394426-c4cb-49d3-b544-1c84cdb00df7&#8243; custom_margin=&#8220;||||false|false&#8220; custom_padding=&#8220;120px||0px|&#8220; box_shadow_style=&#8220;preset4&#8243; box_shadow_horizontal=&#8220;0px&#8220; box_shadow_vertical=&#8220;-100px&#8220; box_shadow_color=&#8220;#ffffff&#8220; box_shadow_position=&#8220;inner&#8220; global_colors_info=&#8220;{%22gcid-22394426-c4cb-49d3-b544-1c84cdb00df7%22:%91%22background_color%22%93}&#8220;][et_pb_row _builder_version=&#8220;4.16&#8243; background_size=&#8220;initial&#8220; background_position=&#8220;top_left&#8220; background_repeat=&#8220;repeat&#8220; custom_margin=&#8220;||40px|&#8220; global_colors_info=&#8220;{}&#8220;][et_pb_column type=&#8220;4_4&#8243; _builder_version=&#8220;4.16&#8243; custom_padding=&#8220;|||&#8220; global_colors_info=&#8220;{}&#8220; custom_padding__hover=&#8220;|||&#8220;][et_pb_text admin_label=&#8220;Title&#8220; _builder_version=&#8220;4.16&#8243; text_font=&#8220;||||||||&#8220; header_font=&#8220;Montserrat|500|||||||&#8220; header_text_align=&#8220;center&#8220; header_font_size=&#8220;84px&#8220; background_layout=&#8220;dark&#8220; animation_style=&#8220;zoom&#8220; animation_direction=&#8220;left&#8220; animation_intensity_zoom=&#8220;10%&#8220; header_font_size_tablet=&#8220;50px&#8220; header_font_size_phone=&#8220;&#8220; header_font_size_last_edited=&#8220;on|phone&#8220; global_colors_info=&#8220;{}&#8220;]<\/p>\n<h1>\u00dcber uns<\/h1>\n<p>[\/et_pb_text][et_pb_divider color=&#8220;rgba(255,255,255,0.7)&#8220; divider_weight=&#8220;3px&#8220; _builder_version=&#8220;4.16&#8243; max_width=&#8220;100px&#8220; module_alignment=&#8220;center&#8220; animation_style=&#8220;zoom&#8220; animation_direction=&#8220;left&#8220; global_colors_info=&#8220;{}&#8220;][\/et_pb_divider][et_pb_text _builder_version=&#8220;4.23.1&#8243; text_font=&#8220;Montserrat|300|||||||&#8220; text_text_color=&#8220;rgba(255,255,255,0.7)&#8220; text_font_size=&#8220;20px&#8220; text_line_height=&#8220;1.8em&#8220; text_orientation=&#8220;center&#8220; background_layout=&#8220;dark&#8220; module_alignment=&#8220;center&#8220; animation_style=&#8220;zoom&#8220; animation_direction=&#8220;left&#8220; animation_delay=&#8220;100ms&#8220; animation_intensity_zoom=&#8220;10%&#8220; global_colors_info=&#8220;{}&#8220;]<\/p>\n<p>Wir sind eine Gruppe von Enthusiasten, die beschlossen haben, ein St\u00fcck unserer gemeinsamen Vergangenheit in Form dieses einzigartigen Geb\u00e4udes des monstr\u00f6sen Bunkers von P\u0159\u00e1slavice zu bewahren und zu teilen. Es ist ein riesiges und etwas mysteri\u00f6ses Objekt, das viele Geschichten verbirgt und die Zeit des Kalten Krieges und alles, was damals geschah, dokumentiert. <\/p>\n<p>Wir beschlossen, die Herausforderung anzunehmen und <strong>den Bunker wiederzubeleben<\/strong>.<\/p>\n<p>Warum? Denn wir glauben, dass <strong>die Geschichte der beste Lehrer ist<\/strong>. Gibt es einen besseren Weg, um zu lernen, als durch pers\u00f6nliche Erfahrung? Wir sind stolz darauf, unseren Besuchern ein einzigartiges und authentisches Erlebnis zu bieten.   <\/p>\n<p>Sie setzen sich aus <strong>einer bunt gemischten Gruppe von<\/strong> Menschen zusammen, die eines gemeinsam haben &#8211; <strong>das Interesse an Geschichte<\/strong>. Wir freuen uns \u00fcber Schulausfl\u00fcge, Familien mit Kindern, Fans von Geschichte oder Telekommunikation, Touristen oder auch Filmemacher. Alle, die in die Atmosph\u00e4re des Kalten Krieges eintauchen wollen.  <\/p>\n<p>Was macht uns <strong>einzigartig<\/strong>? In Authentizit\u00e4t. Es ist nicht nur ein Rundgang durch den Bunker, es ist eine Zeitreise. Der Bunker ist komplett mit historischen Ger\u00e4ten ausgestattet, wie er es zum Zeitpunkt seiner Nutzung war.   <\/p>\n<p>Nicht nur das. Wir sind <strong>eine Gemeinschaft<\/strong>. Wir sind Menschen, die durch eine gemeinsame Leidenschaft vereint sind. Wir versuchen, es mit unseren Besuchern zu teilen. Wenn Sie zu uns kommen, werden Sie Teil unserer Familie.    <\/p>\n<p>Warum sollten Sie sich f\u00fcr uns entscheiden? Denn bei uns <strong>schmecken Sie<\/strong> die Geschichte <strong>selbst<\/strong><strong>.<\/strong> Du lernst bei uns etwas, hast gleichzeitig Spa\u00df und wirst ein Teil der Geschichte.  <\/p>\n<p>Wir freuen uns auf Ihren Besuch im Bunker P\u0159\u00e1slavice!<\/p>\n<h4><em><strong>\u2764\ufe0f #MyZBunkru<\/strong><\/em><\/h4>\n<p>[\/et_pb_text][\/et_pb_column][\/et_pb_row][et_pb_row _builder_version=&#8220;4.16&#8243; custom_padding=&#8220;27px|0px|0px|0px&#8220; global_colors_info=&#8220;{}&#8220;][et_pb_column type=&#8220;4_4&#8243; _builder_version=&#8220;4.16&#8243; custom_padding=&#8220;|||&#8220; global_colors_info=&#8220;{}&#8220; custom_padding__hover=&#8220;|||&#8220;][et_pb_video src=&#8220;https:\/\/www.bunkrpraslavice.cz\/wp-content\/uploads\/2023\/11\/Martin-pari_kratke.mp4&#8243; _builder_version=&#8220;4.23.1&#8243; animation_style=&#8220;slide&#8220; animation_direction=&#8220;bottom&#8220; animation_intensity_slide=&#8220;5%&#8220; animation_starting_opacity=&#8220;100%&#8220; box_shadow_style=&#8220;preset3&#8243; box_shadow_vertical=&#8220;35px&#8220; box_shadow_blur=&#8220;100px&#8220; box_shadow_spread=&#8220;0px&#8220; box_shadow_color=&#8220;rgba(0,0,0,0.2)&#8220; global_colors_info=&#8220;{}&#8220;][\/et_pb_video][\/et_pb_column][\/et_pb_row][\/et_pb_section]<\/p>\n","protected":false},"excerpt":{"rendered":"<p>\u00dcber unsWir sind eine Gruppe von Enthusiasten, die beschlossen haben, ein St\u00fcck unserer gemeinsamen Vergangenheit in Form dieses einzigartigen Geb\u00e4udes des monstr\u00f6sen Bunkers von P\u0159\u00e1slavice zu bewahren und zu teilen. Es ist ein riesiges und etwas mysteri\u00f6ses Objekt, das viele Geschichten verbirgt und die Zeit des Kalten Krieges und alles, was damals geschah, dokumentiert. Wir [&hellip;]<\/p>\n","protected":false},"author":1,"featured_media":0,"parent":0,"menu_order":0,"comment_status":"closed","ping_status":"closed","template":"","meta":{"_et_pb_use_builder":"on","_et_pb_old_content":"","_et_gb_content_width":"","footnotes":""},"class_list":["post-8020","page","type-page","status-publish","hentry"],"_links":{"self":[{"href":"https:\/\/www.bunkrpraslavice.cz\/de\/wp-json\/wp\/v2\/pages\/8020","targetHints":{"allow":["GET"]}}],"collection":[{"href":"https:\/\/www.bunkrpraslavice.cz\/de\/wp-json\/wp\/v2\/pages"}],"about":[{"href":"https:\/\/www.bunkrpraslavice.cz\/de\/wp-json\/wp\/v2\/types\/page"}],"author":[{"embeddable":true,"href":"https:\/\/www.bunkrpraslavice.cz\/de\/wp-json\/wp\/v2\/users\/1"}],"replies":[{"embeddable":true,"href":"https:\/\/www.bunkrpraslavice.cz\/de\/wp-json\/wp\/v2\/comments?post=8020"}],"version-history":[{"count":0,"href":"https:\/\/www.bunkrpraslavice.cz\/de\/wp-json\/wp\/v2\/pages\/8020\/revisions"}],"wp:attachment":[{"href":"https:\/\/www.bunkrpraslavice.cz\/de\/wp-json\/wp\/v2\/media?parent=8020"}],"curies":[{"name":"wp","href":"https:\/\/api.w.org\/{rel}","templated":true}]}}