{"id":8010,"date":"2023-10-28T05:50:33","date_gmt":"2023-10-28T04:50:33","guid":{"rendered":"https:\/\/www.bunkrpraslavice.cz\/tourmoeglichkeiten-und-eintritt\/dunkle-tour\/"},"modified":"2025-08-14T08:50:22","modified_gmt":"2025-08-14T07:50:22","slug":"dunkle-tour","status":"publish","type":"page","link":"https:\/\/www.bunkrpraslavice.cz\/de\/tourmoeglichkeiten-und-eintritt\/dunkle-tour\/","title":{"rendered":"Adrenalin-Tour &#8222;Experiment 025&#8220;"},"content":{"rendered":"<p>[et_pb_section fb_built=&#8220;1&#8243; admin_label=&#8220;Hero&#8220; _builder_version=&#8220;4.27.4&#8243; use_background_color_gradient=&#8220;on&#8220; background_color_gradient_stops=&#8220;rgba(0,0,0,0.5) 0%|rgba(0,0,0,0) 100%&#8220; background_color_gradient_overlays_image=&#8220;on&#8220; background_color_gradient_start=&#8220;rgba(0,0,0,0.5)&#8220; background_color_gradient_end=&#8220;rgba(0,0,0,0)&#8220; background_image=&#8220;https:\/\/www.bunkrpraslavice.cz\/wp-content\/uploads\/2025\/05\/IMG_20250321_192901-scaled.jpg&#8220; custom_margin=&#8220;|||&#8220; custom_padding=&#8220;180px||0px|&#8220; bottom_divider_style=&#8220;slant&#8220; bottom_divider_color=&#8220;#ffffff&#8220; bottom_divider_flip=&#8220;horizontal&#8220; animation_style=&#8220;slide&#8220; animation_direction=&#8220;top&#8220; animation_intensity_slide=&#8220;5%&#8220; animation_starting_opacity=&#8220;100%&#8220; hover_enabled=&#8220;0&#8243; locked=&#8220;off&#8220; global_colors_info=&#8220;{}&#8220; sticky_enabled=&#8220;0&#8243; title_text=&#8220;IMG_20250321_192901&#8243;][et_pb_row _builder_version=&#8220;4.23.1&#8243; background_color=&#8220;gcid-574c55ff-0ea2-4f76-83e0-4978e78ca3e3&#8243; background_enable_color=&#8220;on&#8220; background_size=&#8220;initial&#8220; background_position=&#8220;top_left&#8220; background_repeat=&#8220;repeat&#8220; custom_padding=&#8220;27px|0px|0px|0px&#8220; global_colors_info=&#8220;{%22gcid-574c55ff-0ea2-4f76-83e0-4978e78ca3e3%22:%91%22background_color%22%93}&#8220;][et_pb_column type=&#8220;4_4&#8243; _builder_version=&#8220;4.16&#8243; custom_padding=&#8220;|||&#8220; global_colors_info=&#8220;{}&#8220; custom_padding__hover=&#8220;|||&#8220;][et_pb_text admin_label=&#8220;Title&#8220; _builder_version=&#8220;4.22.2&#8243; text_font=&#8220;||||||||&#8220; header_font=&#8220;Montserrat|600|||||||&#8220; header_font_size=&#8220;80px&#8220; header_line_height=&#8220;1.2em&#8220; background_layout=&#8220;dark&#8220; animation_style=&#8220;zoom&#8220; animation_direction=&#8220;left&#8220; animation_intensity_zoom=&#8220;10%&#8220; header_font_size_tablet=&#8220;&#8220; header_font_size_phone=&#8220;55px&#8220; header_font_size_last_edited=&#8220;on|tablet&#8220; global_colors_info=&#8220;{}&#8220;]<\/p>\n<h1>Adrenalin-Tour &#8222;Experiment 025&#8220;<\/h1>\n<p>[\/et_pb_text][et_pb_divider color=&#8220;rgba(255,255,255,0.7)&#8220; divider_weight=&#8220;3px&#8220; _builder_version=&#8220;4.16&#8243; max_width=&#8220;120px&#8220; animation_style=&#8220;zoom&#8220; animation_direction=&#8220;left&#8220; global_colors_info=&#8220;{}&#8220;][\/et_pb_divider][et_pb_text _builder_version=&#8220;4.23.1&#8243; text_font=&#8220;Montserrat|300|||||||&#8220; text_font_size=&#8220;20px&#8220; text_line_height=&#8220;1.8em&#8220; background_layout=&#8220;dark&#8220; animation_style=&#8220;zoom&#8220; animation_direction=&#8220;left&#8220; animation_delay=&#8220;100ms&#8220; animation_intensity_zoom=&#8220;10%&#8220; global_colors_info=&#8220;{}&#8220;]<\/p>\n<p style=\"text-align: justify;\"><span style=\"font-weight: 400;\">Seien Sie Teil einer Gruppe <strong>von Entdeckern,<\/strong> die den Bunker zum ersten Mal <strong>seit 40 Jahren<\/strong> betreten. 1983 wurde es <strong>hermetisch abgedichtet<\/strong>. Warum? Welche <strong>Experimente<\/strong> fanden damals dort <strong>statt<\/strong>? Wer war der einzige, der <strong>\u00fcberlebte<\/strong>?    <br \/><\/span><\/p>\n<p>[\/et_pb_text][\/et_pb_column][\/et_pb_row][et_pb_row _builder_version=&#8220;4.23.1&#8243; _module_preset=&#8220;default&#8220; custom_margin=&#8220;0px||0px||true|false&#8220; custom_padding=&#8220;0px||0px||true|false&#8220; locked=&#8220;off&#8220; global_colors_info=&#8220;{}&#8220;][et_pb_column type=&#8220;4_4&#8243; _builder_version=&#8220;4.23.1&#8243; _module_preset=&#8220;default&#8220; global_colors_info=&#8220;{}&#8220;][et_pb_button button_url=&#8220;@ET-DC@eyJkeW5hbWljIjp0cnVlLCJjb250ZW50IjoicG9zdF9saW5rX3VybF9wYWdlIiwic2V0dGluZ3MiOnsicG9zdF9pZCI6IjQ4MDMiLCJlbmFibGVfaHRtbCI6Im9mZiJ9fQ==@&#8220; button_text=&#8220;Veranstaltung bestellen&#8220; _builder_version=&#8220;4.23.1&#8243; _dynamic_attributes=&#8220;button_url&#8220; custom_button=&#8220;on&#8220; button_text_color=&#8220;#FFFFFF&#8220; button_bg_color=&#8220;gcid-734f5fd7-d700-4693-8a20-fbee7a193918&#8243; button_border_width=&#8220;0px&#8220; button_border_radius=&#8220;0px&#8220; button_font=&#8220;Montserrat|500||on|||||&#8220; button_icon=&#8220;&#x24;||divi||400&#8243; button_on_hover=&#8220;off&#8220; background_layout=&#8220;dark&#8220; custom_margin=&#8220;30px||0px||false|false&#8220; custom_padding=&#8220;24px|60px|24px|40px&#8220; animation_style=&#8220;zoom&#8220; animation_direction=&#8220;left&#8220; animation_delay=&#8220;200ms&#8220; animation_intensity_zoom=&#8220;10%&#8220; global_colors_info=&#8220;{%22gcid-734f5fd7-d700-4693-8a20-fbee7a193918%22:%91%22button_bg_color%22%93}&#8220; button_text_size__hover_enabled=&#8220;off&#8220; button_one_text_size__hover_enabled=&#8220;off&#8220; button_two_text_size__hover_enabled=&#8220;off&#8220; button_text_color__hover_enabled=&#8220;off&#8220; button_one_text_color__hover_enabled=&#8220;off&#8220; button_two_text_color__hover_enabled=&#8220;off&#8220; button_border_width__hover_enabled=&#8220;off&#8220; button_one_border_width__hover_enabled=&#8220;off&#8220; button_two_border_width__hover_enabled=&#8220;off&#8220; button_border_color__hover_enabled=&#8220;off&#8220; button_one_border_color__hover_enabled=&#8220;off&#8220; button_two_border_color__hover_enabled=&#8220;off&#8220; button_border_radius__hover_enabled=&#8220;off&#8220; button_one_border_radius__hover_enabled=&#8220;off&#8220; button_two_border_radius__hover_enabled=&#8220;off&#8220; button_letter_spacing__hover_enabled=&#8220;off&#8220; button_one_letter_spacing__hover_enabled=&#8220;off&#8220; button_two_letter_spacing__hover_enabled=&#8220;off&#8220; button_bg_color__hover_enabled=&#8220;off&#8220; button_one_bg_color__hover_enabled=&#8220;off&#8220; button_two_bg_color__hover_enabled=&#8220;off&#8220;][\/et_pb_button][\/et_pb_column][\/et_pb_row][\/et_pb_section][et_pb_section fb_built=&#8220;1&#8243; _builder_version=&#8220;4.22.2&#8243; _module_preset=&#8220;default&#8220; min_height=&#8220;543.5px&#8220; locked=&#8220;off&#8220; global_colors_info=&#8220;{}&#8220;][et_pb_row _builder_version=&#8220;4.22.2&#8243; _module_preset=&#8220;default&#8220; global_colors_info=&#8220;{}&#8220;][et_pb_column type=&#8220;4_4&#8243; _builder_version=&#8220;4.22.2&#8243; _module_preset=&#8220;default&#8220; global_colors_info=&#8220;{}&#8220;][et_pb_heading title=&#8220;%22Experiment 025%22 &#8211; Adrenalingeladene Tour durch den Bunker mit einer Geschichte&#8220; _builder_version=&#8220;4.27.4&#8243; _module_preset=&#8220;default&#8220; hover_enabled=&#8220;0&#8243; global_colors_info=&#8220;{}&#8220; sticky_enabled=&#8220;0&#8243;][\/et_pb_heading][et_pb_text _builder_version=&#8220;4.22.2&#8243; _module_preset=&#8220;default&#8220; global_colors_info=&#8220;{}&#8220;]<\/p>\n<p><span x-html=\"data.payload\"><strong>Liebhaber von Abenteuer und Adrenalin<\/strong> aufgepasst! Wir haben ein <strong>Erlebnis<\/strong> f\u00fcr Sie, das <strong>sich tief in Ihr Ged\u00e4chtnis einbrennen<\/strong> wird.  <\/span><\/p>\n<p><strong>&#8222;Experiment 025&#8220;<\/strong> ist eine Tour mit Elementen <strong>eines Abenteuerspiels<\/strong>! <strong>Eine fiktive Geschichte<\/strong>, die Ihnen G\u00e4nsehaut und G\u00e4nsehaut am ganzen K\u00f6rper bescheren wird. Sie werden ein Teil davon sein! <b>Sie werden<\/b> <strong>eine unwiederholbare Anspannung<\/strong> erleben. Sie werden wirklich Angst haben!  <\/p>\n<p>Seien Sie Teil einer Gruppe <strong>von Entdeckern,<\/strong> die den Bunker zum ersten Mal <strong>seit 40 Jahren<\/strong> betreten. 1983 wurde es <strong>hermetisch abgedichtet<\/strong>. <\/p>\n<p><strong>Warum<\/strong>? Was ging darin vor sich? Welche <strong>Experimente<\/strong>, an wem und mit welchem Ziel?  <\/p>\n<p>Der einzige, der sich damals retten konnte, ist <strong>Dr. Tich\u00fd<\/strong>. Er wird mit euch in den Untergrund gehen, wo er an <strong>die ferne Vergangenheit<\/strong> erinnert wird, die niemals ans Licht h\u00e4tte kommen d\u00fcrfen. Werden sie sie mit Ihnen teilen?  <\/p>\n<p>Dr. Tich\u00fd, der vor 40 Jahren als einziger aus dem Bunker entkommen konnte, hatte keinen  <strong>Alterst es nicht? Wie ist das m\u00f6glich?! <\/strong><\/p>\n<p><span x-html=\"data.payload\"><\/span><\/p>\n<p>Bei <strong>&#8222;Experiment 025&#8220;<\/strong> bekommt unser Bunker eine ganz <strong>andere Dimension<\/strong>. Das Erlebnis der R\u00e4umlichkeiten wird <strong>durch audiovisuelle Effekte<\/strong> verst\u00e4rkt. Dr. Tich\u00fds Erinnerungen sind wie lebendig. Und leider sind sie nicht angenehm! Machen Sie sich bereit f\u00fcr eine <strong>Reise durch dunkle Korridore und geheimnisvolle Ecken<\/strong>, in denen die bittere Vergangenheit direkt vor Ihren Augen zum Leben erweckt wird. Du triffst den <strong>&#8222;Schl\u00e4chter&#8220;,<\/strong> <strong>einen streunenden Soldaten<\/strong> oder ein blasses M\u00e4dchen       <strong>Anabel! Von Angesicht zu Angesicht. <\/strong><\/p>\n<p>Die Adrenalintour &#8222;<strong>Experiment 025&#8243;<\/strong> ist so konzipiert, dass sie Sie von den ersten Augenblicken an in eine geheimnisvolle und nachdenkliche Atmosph\u00e4re hineinzieht. <strong>Der Bunker ist mit Spezialeffekten und Sound- und Lichtelementen ausgestattet, die den Eindruck intensivieren und die Spannung erh\u00f6hen.<\/strong><\/p>\n<p>Traust du dich, <strong>mit uns in die Dunkelheit zu treten<\/strong>?<\/p>\n<p>&nbsp;<\/p>\n<h3>F\u00fcnf Gr\u00fcnde, f\u00fcr die Adrenalintour &#8222;Experiment 025&#8220; zu kommen:<\/h3>\n<ul>\n<li><strong>Erfahrung:<\/strong> Diese Tour bringt Adrenalin, Aufregung und au\u00dfergew\u00f6hnliche Erlebnisse, die Sie nicht vergessen werden.<\/li>\n<li><strong>Geschichte:<\/strong> Die Tour erm\u00f6glicht es Ihnen, f\u00fcr eine Weile Teil einer fiktiven Geschichte zu sein.<\/li>\n<li><strong>Spannung:<\/strong> Spezialeffekte, Beleuchtung und Ger\u00e4usche im Bunker sorgen f\u00fcr eine mitrei\u00dfende Atmosph\u00e4re, in die Sie eintauchen werden.<\/li>\n<li><strong>Adrenalin-Spa\u00df:<\/strong> Ideal f\u00fcr Liebhaber von Adrenalin und Horrorerlebnissen. F\u00fcr &#8222;die Kleinen&#8220; ist das wirklich kein Spa\u00df.<\/li>\n<li><strong>Ein neuartiges Geschenk:<\/strong> Wenn Sie auf der Suche nach einem originellen Geschenk f\u00fcr mutige Freunde oder Familienmitglieder sind, ist diese Tour genau das Richtige.<\/li>\n<\/ul>\n<p>[\/et_pb_text][\/et_pb_column][\/et_pb_row][et_pb_row _builder_version=&#8220;4.22.2&#8243; _module_preset=&#8220;default&#8220; box_shadow_style=&#8220;preset1&#8243; global_colors_info=&#8220;{}&#8220;][et_pb_column type=&#8220;4_4&#8243; _builder_version=&#8220;4.22.2&#8243; _module_preset=&#8220;default&#8220; global_colors_info=&#8220;{}&#8220;][et_pb_heading title=&#8220;Zulassung Einzelpersonen&#8220; _builder_version=&#8220;4.23.1&#8243; _module_preset=&#8220;default&#8220; title_text_align=&#8220;center&#8220; global_colors_info=&#8220;{}&#8220;][\/et_pb_heading][et_pb_text _builder_version=&#8220;4.25.1&#8243; _module_preset=&#8220;default&#8220; global_colors_info=&#8220;{}&#8220;]<\/p>\n<table style=\"border-collapse: collapse; width: 100%; height: 144px;\" border=\"1\">\n<tbody>\n<tr style=\"height: 24px;\">\n<td style=\"width: 50%; height: 24px;\">Kinder bis 6 Jahre<\/td>\n<td style=\"width: 50%; height: 24px;\"><span style=\"font-weight: 400;\">kostenlos<\/span><\/td>\n<\/tr>\n<tr style=\"height: 24px;\">\n<td style=\"width: 50%; height: 24px;\"><span style=\"font-weight: 400;\">Kinder von 6 bis 15 Jahren<\/span><\/td>\n<td style=\"width: 50%; height: 24px;\">350 CZK<\/td>\n<\/tr>\n<tr style=\"height: 24px;\">\n<td style=\"width: 50%; height: 24px;\">Erwachsene<\/td>\n<td style=\"width: 50%; height: 24px;\"><span style=\"font-weight: 400;\">490 CZK<\/span><\/td>\n<\/tr>\n<tr style=\"height: 48px;\">\n<td style=\"width: 50%; height: 48px;\">Senioren \u00fcber 65 Jahre<\/td>\n<td style=\"width: 50%; height: 48px;\"><span style=\"font-weight: 400;\">350 CZK<\/span><\/td>\n<\/tr>\n<\/tbody>\n<\/table>\n<p>[\/et_pb_text][\/et_pb_column][\/et_pb_row][et_pb_row _builder_version=&#8220;4.23.1&#8243; _module_preset=&#8220;default&#8220; global_colors_info=&#8220;{}&#8220;][et_pb_column type=&#8220;4_4&#8243; _builder_version=&#8220;4.23.1&#8243; _module_preset=&#8220;default&#8220; global_colors_info=&#8220;{}&#8220;][\/et_pb_column][\/et_pb_row][et_pb_row _builder_version=&#8220;4.22.2&#8243; _module_preset=&#8220;default&#8220; box_shadow_style=&#8220;preset1&#8243; locked=&#8220;off&#8220; global_colors_info=&#8220;{}&#8220;][et_pb_column type=&#8220;4_4&#8243; _builder_version=&#8220;4.22.2&#8243; _module_preset=&#8220;default&#8220; global_colors_info=&#8220;{}&#8220;][et_pb_heading title=&#8220;Eintritt f\u00fcr Gruppen *&#8220; _builder_version=&#8220;4.23.1&#8243; _module_preset=&#8220;default&#8220; title_text_align=&#8220;center&#8220; global_colors_info=&#8220;{}&#8220;][\/et_pb_heading][et_pb_text _builder_version=&#8220;4.25.1&#8243; _module_preset=&#8220;default&#8220; global_colors_info=&#8220;{}&#8220;]<\/p>\n<table style=\"border-collapse: collapse; width: 100%; height: 144px;\" border=\"1\">\n<tbody>\n<tr>\n<td style=\"width: 50%;\">Dunkle F\u00fchrung f\u00fcr eine Gruppe (auf Englisch)<\/td>\n<td style=\"width: 50%;\">\n<p>440 CZK \/ Person oder 17 EUR \/ Person<\/p>\n<p>Die Mindestteilnehmerzahl betr\u00e4gt 10 und die H\u00f6chstteilnehmerzahl 25 Personen.<\/p>\n<\/td>\n<\/tr>\n<tr style=\"height: 24px;\">\n<td style=\"width: 50%; height: 24px;\">Dunkle Tour f\u00fcr Gruppen (Englisch)<\/td>\n<td style=\"width: 50%; height: 24px;\">\n<p>500 CZK \/ Person oder 20 EUR \/ Person<\/p>\n<p>Die Mindestteilnehmerzahl betr\u00e4gt 10 und die H\u00f6chstteilnehmerzahl 25 Personen.<\/p>\n<\/td>\n<\/tr>\n<tr>\n<td style=\"width: 50%;\">Bei Bustouren von 40 \u2013 50 Personen wird die Tour in 2 Gruppen aufgeteilt, wobei der Beginn der Tour 15 Minuten hintereinander erfolgt<\/td>\n<td style=\"width: 50%;\">\n<p>380 CZK \/ Person oder 15 EUR \/ Person<\/p>\n<p>Die Mindestteilnehmerzahl betr\u00e4gt 40 Personen.<\/p>\n<\/td>\n<\/tr>\n<\/tbody>\n<\/table>\n<p>[\/et_pb_text][et_pb_text _builder_version=&#8220;4.23.1&#8243; _module_preset=&#8220;default&#8220; min_height=&#8220;73.2px&#8220; global_colors_info=&#8220;{}&#8220;]<\/p>\n<p><em>* Gruppenf\u00fchrungen werden au\u00dferhalb der \u00fcblichen \u00f6ffentlichen Termine durchgef\u00fchrt. Die Tour kann je nach Fitness der Gruppe angepasst werden. Zum Beispiel f\u00fcr Seniorenclubs, Schulen, Kinderlager.  <\/em><\/p>\n<p>[\/et_pb_text][et_pb_button button_url=&#8220;https:\/\/www.bunkrpraslavice.cz\/de\/anfrageformular\/&#8220; url_new_window=&#8220;on&#8220; button_text=&#8220;Fordern Sie einen Tourtermin an&#8220; button_alignment=&#8220;center&#8220; _builder_version=&#8220;4.23.1&#8243; custom_button=&#8220;on&#8220; button_text_color=&#8220;#FFFFFF&#8220; button_bg_color=&#8220;gcid-734f5fd7-d700-4693-8a20-fbee7a193918&#8243; button_border_width=&#8220;0px&#8220; button_border_radius=&#8220;0px&#8220; button_font=&#8220;Montserrat|500||on|||||&#8220; button_icon=&#8220;&#x24;||divi||400&#8243; button_on_hover=&#8220;off&#8220; background_layout=&#8220;dark&#8220; custom_margin=&#8220;14px|||||&#8220; custom_padding=&#8220;24px|60px|24px|40px&#8220; animation_style=&#8220;zoom&#8220; animation_direction=&#8220;left&#8220; animation_delay=&#8220;200ms&#8220; animation_intensity_zoom=&#8220;10%&#8220; global_colors_info=&#8220;{%22gcid-734f5fd7-d700-4693-8a20-fbee7a193918%22:%91%22button_bg_color%22%93}&#8220; button_text_size__hover_enabled=&#8220;off&#8220; button_one_text_size__hover_enabled=&#8220;off&#8220; button_two_text_size__hover_enabled=&#8220;off&#8220; button_text_color__hover_enabled=&#8220;off&#8220; button_one_text_color__hover_enabled=&#8220;off&#8220; button_two_text_color__hover_enabled=&#8220;off&#8220; button_border_width__hover_enabled=&#8220;off&#8220; button_one_border_width__hover_enabled=&#8220;off&#8220; button_two_border_width__hover_enabled=&#8220;off&#8220; button_border_color__hover_enabled=&#8220;off&#8220; button_one_border_color__hover_enabled=&#8220;off&#8220; button_two_border_color__hover_enabled=&#8220;off&#8220; button_border_radius__hover_enabled=&#8220;off&#8220; button_one_border_radius__hover_enabled=&#8220;off&#8220; button_two_border_radius__hover_enabled=&#8220;off&#8220; button_letter_spacing__hover_enabled=&#8220;off&#8220; button_one_letter_spacing__hover_enabled=&#8220;off&#8220; button_two_letter_spacing__hover_enabled=&#8220;off&#8220; button_bg_color__hover_enabled=&#8220;off&#8220; button_one_bg_color__hover_enabled=&#8220;off&#8220; button_two_bg_color__hover_enabled=&#8220;off&#8220;][\/et_pb_button][\/et_pb_column][\/et_pb_row][et_pb_row _builder_version=&#8220;4.23.1&#8243; _module_preset=&#8220;default&#8220; global_colors_info=&#8220;{}&#8220;][et_pb_column type=&#8220;4_4&#8243; _builder_version=&#8220;4.23.1&#8243; _module_preset=&#8220;default&#8220; global_colors_info=&#8220;{}&#8220;][\/et_pb_column][\/et_pb_row][et_pb_row _builder_version=&#8220;4.22.2&#8243; _module_preset=&#8220;default&#8220; box_shadow_style=&#8220;preset1&#8243; locked=&#8220;off&#8220; global_colors_info=&#8220;{}&#8220;][et_pb_column type=&#8220;4_4&#8243; _builder_version=&#8220;4.22.2&#8243; _module_preset=&#8220;default&#8220; global_colors_info=&#8220;{}&#8220;][et_pb_heading title=&#8220;Informationen zur Tour&#8220; _builder_version=&#8220;4.23.1&#8243; _module_preset=&#8220;default&#8220; title_text_align=&#8220;center&#8220; custom_padding=&#8220;3px|||||&#8220; global_colors_info=&#8220;{}&#8220;][\/et_pb_heading][et_pb_text _builder_version=&#8220;4.23.1&#8243; _module_preset=&#8220;default&#8220; global_colors_info=&#8220;{}&#8220;]<\/p>\n<table style=\"border-collapse: collapse; width: 100%; height: 144px;\" border=\"1\">\n<tbody>\n<tr>\n<td style=\"width: 50%;\">Dauer der Tour<\/td>\n<td style=\"width: 50%;\">75 Minuten<\/td>\n<\/tr>\n<tr style=\"height: 24px;\">\n<td style=\"width: 50%; height: 24px;\">Maximale Personenzahl auf der Tour \/ Maximale Gruppengr\u00f6\u00dfe<\/td>\n<td style=\"width: 50%; height: 24px;\">25 Personen<\/td>\n<\/tr>\n<tr style=\"height: 24px;\">\n<td style=\"width: 50%; height: 24px;\">Es gibt keine M\u00f6glichkeit, Tickets vor Ort zu kaufen. <strong>Kauf von Tickets nur auf elektronischem Wege<\/strong>. F\u00fcr Gruppen nach Vereinbarung. <\/td>\n<td style=\"width: 50%; height: 24px;\">Die Tourroute umfasst <strong>4 Etagen<\/strong>, die Temperatur betr\u00e4gt 17\u00b0C, es gibt keine Toiletten auf der Route<\/td>\n<\/tr>\n<tr>\n<td style=\"width: 50%;\">Die Tourroute kopiert <a href=\"https:\/\/www.bunkrpraslavice.cz\/de\/tourmoeglichkeiten-und-eintritt\/standard-touren\/\">den Standard-Tourenrundgang<\/a>.<\/td>\n<td style=\"width: 50%;\"><\/td>\n<\/tr>\n<\/tbody>\n<\/table>\n<p>[\/et_pb_text][\/et_pb_column][\/et_pb_row][et_pb_row _builder_version=&#8220;4.23.1&#8243; _module_preset=&#8220;default&#8220; global_colors_info=&#8220;{}&#8220;][et_pb_column type=&#8220;4_4&#8243; _builder_version=&#8220;4.23.1&#8243; _module_preset=&#8220;default&#8220; global_colors_info=&#8220;{}&#8220;][et_pb_divider color=&#8220;gcid-22394426-c4cb-49d3-b544-1c84cdb00df7&#8243; _builder_version=&#8220;4.23.1&#8243; _module_preset=&#8220;default&#8220; global_colors_info=&#8220;{%22gcid-22394426-c4cb-49d3-b544-1c84cdb00df7%22:%91%22color%22%93}&#8220;][\/et_pb_divider][\/et_pb_column][\/et_pb_row][\/et_pb_section][et_pb_section fb_built=&#8220;1&#8243; admin_label=&#8220;Video&#8220; _builder_version=&#8220;4.16&#8243; background_color_gradient_direction=&#8220;120deg&#8220; module_alignment=&#8220;right&#8220; custom_margin=&#8220;|||&#8220; custom_padding=&#8220;54px|0px|54px|0px&#8220; locked=&#8220;off&#8220; global_colors_info=&#8220;{}&#8220;][et_pb_row column_structure=&#8220;2_3,1_3&#8243; custom_padding_last_edited=&#8220;on|desktop&#8220; _builder_version=&#8220;4.22.1&#8243; background_color=&#8220;RGBA(255,255,255,0)&#8220; max_width=&#8220;80%&#8220; custom_margin=&#8220;|||&#8220; custom_padding=&#8220;0px|0px|0px|0px&#8220; custom_padding_tablet=&#8220;&#8220; custom_padding_phone=&#8220;0px|0px|0px|0px&#8220; use_custom_width=&#8220;on&#8220; width_unit=&#8220;off&#8220; global_colors_info=&#8220;{}&#8220;][et_pb_column type=&#8220;2_3&#8243; _builder_version=&#8220;4.16&#8243; custom_padding=&#8220;|||&#8220; global_colors_info=&#8220;{}&#8220; custom_padding__hover=&#8220;|||&#8220;][et_pb_video src=&#8220;https:\/\/www.youtube.com\/watch?v=7cwkCaJSUBY&#8220; _builder_version=&#8220;4.27.4&#8243; _module_preset=&#8220;default&#8220; global_colors_info=&#8220;{}&#8220;][\/et_pb_video][\/et_pb_column][et_pb_column type=&#8220;1_3&#8243; _builder_version=&#8220;4.16&#8243; custom_padding=&#8220;|||&#8220; global_colors_info=&#8220;{}&#8220; custom_padding__hover=&#8220;|||&#8220;][\/et_pb_column][\/et_pb_row][et_pb_row custom_padding_last_edited=&#8220;on|phone&#8220; _builder_version=&#8220;4.22.2&#8243; background_color=&#8220;#564C4D&#8220; background_enable_color=&#8220;on&#8220; max_width=&#8220;80%&#8220; module_alignment=&#8220;right&#8220; custom_margin=&#8220;-20%|||&#8220; custom_margin_tablet=&#8220;-25%|||&#8220; custom_margin_phone=&#8220;-25%|||&#8220; custom_margin_last_edited=&#8220;on|tablet&#8220; custom_padding=&#8220;8%|10%|8%|10%|true|&#8220; custom_padding_tablet=&#8220;&#8220; custom_padding_phone=&#8220;20%|10%|10%|10%&#8220; use_custom_width=&#8220;on&#8220; width_unit=&#8220;off&#8220; global_colors_info=&#8220;{}&#8220;][et_pb_column type=&#8220;4_4&#8243; _builder_version=&#8220;4.16&#8243; custom_padding=&#8220;|||&#8220; global_colors_info=&#8220;{}&#8220; custom_padding__hover=&#8220;|||&#8220;][et_pb_text admin_label=&#8220;Subtitle&#8220; _builder_version=&#8220;4.22.2&#8243; text_font=&#8220;Montserrat|500||on|||||&#8220; background_layout=&#8220;dark&#8220; max_width=&#8220;960px&#8220; animation_style=&#8220;fade&#8220; global_colors_info=&#8220;{}&#8220;]<\/p>\n<p>&nbsp;<\/p>\n<p>&nbsp;<\/p>\n<p>[\/et_pb_text][et_pb_text admin_label=&#8220;Title&#8220; _builder_version=&#8220;4.22.2&#8243; text_font=&#8220;||||||||&#8220; header_font=&#8220;||||||||&#8220; header_2_font=&#8220;Montserrat|500|||||||&#8220; header_2_font_size=&#8220;30px&#8220; background_layout=&#8220;dark&#8220; max_width=&#8220;960px&#8220; custom_padding=&#8220;10px|||||&#8220; animation_style=&#8220;fade&#8220; global_colors_info=&#8220;{}&#8220;]<\/p>\n<h2>Schauen Sie sich an, wie es auf den &#8222;Experiment 025&#8220;-Touren aussieht<\/h2>\n<p>[\/et_pb_text][et_pb_gallery gallery_ids=&#8220;8789,8786,9087,9120&#8243; orientation=&#8220;portrait&#8220; show_title_and_caption=&#8220;off&#8220; show_pagination=&#8220;off&#8220; _builder_version=&#8220;4.27.4&#8243; _module_preset=&#8220;default&#8220; hover_enabled=&#8220;0&#8243; global_colors_info=&#8220;{}&#8220; sticky_enabled=&#8220;0&#8243;][\/et_pb_gallery][et_pb_button button_url=&#8220;@ET-DC@eyJkeW5hbWljIjp0cnVlLCJjb250ZW50IjoicG9zdF9saW5rX3VybF9wYWdlIiwic2V0dGluZ3MiOnsicG9zdF9pZCI6IjQ0MjMiLCJlbmFibGVfaHRtbCI6Im9mZiJ9fQ==@&#8220; button_text=&#8220;Fotogalerie&#8220; _builder_version=&#8220;4.22.2&#8243; _dynamic_attributes=&#8220;button_url&#8220; custom_button=&#8220;on&#8220; button_text_size=&#8220;14px&#8220; button_bg_color=&#8220;rgba(0,0,0,0.24)&#8220; button_border_width=&#8220;0px&#8220; button_border_color=&#8220;#405ce6&#8243; button_border_radius=&#8220;49px&#8220; button_font=&#8220;Montserrat|500||on|||||&#8220; button_use_icon=&#8220;off&#8220; background_layout=&#8220;dark&#8220; custom_margin=&#8220;20px|||&#8220; custom_padding=&#8220;20px|45px|20px|45px&#8220; animation_style=&#8220;fade&#8220; global_colors_info=&#8220;{}&#8220; button_text_size__hover_enabled=&#8220;off&#8220; button_one_text_size__hover_enabled=&#8220;off&#8220; button_two_text_size__hover_enabled=&#8220;off&#8220; button_text_color__hover_enabled=&#8220;off&#8220; button_one_text_color__hover_enabled=&#8220;off&#8220; button_two_text_color__hover_enabled=&#8220;off&#8220; button_border_width__hover_enabled=&#8220;off&#8220; button_one_border_width__hover_enabled=&#8220;off&#8220; button_two_border_width__hover_enabled=&#8220;off&#8220; button_border_color__hover_enabled=&#8220;off&#8220; button_one_border_color__hover_enabled=&#8220;off&#8220; button_two_border_color__hover_enabled=&#8220;off&#8220; button_border_radius__hover_enabled=&#8220;off&#8220; button_one_border_radius__hover_enabled=&#8220;off&#8220; button_two_border_radius__hover_enabled=&#8220;off&#8220; button_letter_spacing__hover_enabled=&#8220;off&#8220; button_one_letter_spacing__hover_enabled=&#8220;off&#8220; button_two_letter_spacing__hover_enabled=&#8220;off&#8220; button_bg_color__hover_enabled=&#8220;off&#8220; button_one_bg_color__hover_enabled=&#8220;off&#8220; button_two_bg_color__hover_enabled=&#8220;off&#8220;][\/et_pb_button][\/et_pb_column][\/et_pb_row][\/et_pb_section]<\/p>\n","protected":false},"excerpt":{"rendered":"<p>Adrenalin-Tour &#8222;Experiment 025&#8243;Seien Sie Teil einer Gruppe von Entdeckern, die den Bunker zum ersten Mal seit 40 Jahren betreten. 1983 wurde es hermetisch abgedichtet. Warum? Welche Experimente fanden damals dort statt? Wer war der einzige, der \u00fcberlebte? Liebhaber von Abenteuer und Adrenalin aufgepasst! Wir haben ein Erlebnis f\u00fcr Sie, das sich tief in Ihr Ged\u00e4chtnis [&hellip;]<\/p>\n","protected":false},"author":1,"featured_media":0,"parent":7948,"menu_order":0,"comment_status":"closed","ping_status":"closed","template":"","meta":{"_et_pb_use_builder":"on","_et_pb_old_content":"","_et_gb_content_width":"","footnotes":""},"class_list":["post-8010","page","type-page","status-publish","hentry"],"_links":{"self":[{"href":"https:\/\/www.bunkrpraslavice.cz\/de\/wp-json\/wp\/v2\/pages\/8010","targetHints":{"allow":["GET"]}}],"collection":[{"href":"https:\/\/www.bunkrpraslavice.cz\/de\/wp-json\/wp\/v2\/pages"}],"about":[{"href":"https:\/\/www.bunkrpraslavice.cz\/de\/wp-json\/wp\/v2\/types\/page"}],"author":[{"embeddable":true,"href":"https:\/\/www.bunkrpraslavice.cz\/de\/wp-json\/wp\/v2\/users\/1"}],"replies":[{"embeddable":true,"href":"https:\/\/www.bunkrpraslavice.cz\/de\/wp-json\/wp\/v2\/comments?post=8010"}],"version-history":[{"count":0,"href":"https:\/\/www.bunkrpraslavice.cz\/de\/wp-json\/wp\/v2\/pages\/8010\/revisions"}],"up":[{"embeddable":true,"href":"https:\/\/www.bunkrpraslavice.cz\/de\/wp-json\/wp\/v2\/pages\/7948"}],"wp:attachment":[{"href":"https:\/\/www.bunkrpraslavice.cz\/de\/wp-json\/wp\/v2\/media?parent=8010"}],"curies":[{"name":"wp","href":"https:\/\/api.w.org\/{rel}","templated":true}]}}