{"id":7959,"date":"2023-10-22T15:51:45","date_gmt":"2023-10-22T14:51:45","guid":{"rendered":"https:\/\/www.bunkrpraslavice.cz\/erklaerung-zur-barrierefreiheit\/"},"modified":"2025-01-18T21:01:34","modified_gmt":"2025-01-18T20:01:34","slug":"erklaerung-zur-barrierefreiheit","status":"publish","type":"page","link":"https:\/\/www.bunkrpraslavice.cz\/de\/erklaerung-zur-barrierefreiheit\/","title":{"rendered":"Erkl\u00e4rung zur Barrierefreiheit"},"content":{"rendered":"<p>[et_pb_section fb_built=&#8220;1&#8243; _builder_version=&#8220;4.22.2&#8243; _module_preset=&#8220;default&#8220; global_colors_info=&#8220;{}&#8220;][et_pb_row _builder_version=&#8220;4.22.2&#8243; _module_preset=&#8220;default&#8220; global_colors_info=&#8220;{}&#8220;][et_pb_column type=&#8220;4_4&#8243; _builder_version=&#8220;4.22.2&#8243; _module_preset=&#8220;default&#8220; global_colors_info=&#8220;{}&#8220;][et_pb_heading title=&#8220;@ET-DC@eyJkeW5hbWljIjp0cnVlLCJjb250ZW50IjoicG9zdF90aXRsZSIsInNldHRpbmdzIjp7ImJlZm9yZSI6IiIsImFmdGVyIjoiIn19@&#8220; _builder_version=&#8220;4.23.1&#8243; _dynamic_attributes=&#8220;title&#8220; _module_preset=&#8220;default&#8220; title_text_align=&#8220;center&#8220; hover_enabled=&#8220;0&#8243; global_colors_info=&#8220;{}&#8220; sticky_enabled=&#8220;0&#8243;][\/et_pb_heading][et_pb_text _builder_version=&#8220;4.22.2&#8243; _module_preset=&#8220;default&#8220; global_colors_info=&#8220;{}&#8220;]<\/p>\n<p>Diese Webpr\u00e4sentation ber\u00fccksichtigt die Zug\u00e4nglichkeit und Barrierefreiheit der Website gem\u00e4\u00df den allgemein anerkannten Grunds\u00e4tzen der Regeln f\u00fcr die Erstellung einer barrierefreien Website und der Anweisungen, die f\u00fcr die Zwecke der \u00c4nderung des Gesetzes Nr. 365\/2000 Slg. \u00fcber Informationssysteme der \u00f6ffentlichen Verwaltung erstellt wurden.<\/p>\n<p>Die Darstellung wird nach den vom W3C-Konsortium ver\u00f6ffentlichten Spezifikationen gem\u00e4\u00df der verwendeten Auszeichnungssprache HTML 4 Transitional, HTML 5 oder XHTML 1.1 Transitional erstellt und h\u00e4lt sich an syntaktische und semantische Korrektheit.<br \/>Der Inhalt wird durch die Verwendung von Cascading Stylesheets vollst\u00e4ndig vom Stil getrennt. Die Pr\u00e4sentation kann auch auf anderen Ausgabeger\u00e4ten (Mobiltelefone, Sprachleser, etc.) genutzt werden. <br \/>Einige zus\u00e4tzliche Informationen (insbesondere Dokumente zum Herunterladen) sind auf der Website in anderen Formaten, meistens PDF, verf\u00fcgbar. Um Dokumente in diesem Format anzeigen zu k\u00f6nnen, muss ein Browser installiert sein <span> <\/span><a class=\"externi\" href=\"http:\/\/get.adobe.com\/cz\/reader\/\" target=\"_blank\" rel=\"noopener\">Adobe Reader<\/a>, der kostenlos von der Website von Adobe Inc. heruntergeladen werden kann, oder ein anderes Programm, das das PDF-Format anzeigen kann.<\/p>\n<p>[\/et_pb_text][\/et_pb_column][\/et_pb_row][\/et_pb_section]<\/p>\n","protected":false},"excerpt":{"rendered":"<p>Diese Webpr\u00e4sentation ber\u00fccksichtigt die Zug\u00e4nglichkeit und Barrierefreiheit der Website gem\u00e4\u00df den allgemein anerkannten Grunds\u00e4tzen der Regeln f\u00fcr die Erstellung einer barrierefreien Website und der Anweisungen, die f\u00fcr die Zwecke der \u00c4nderung des Gesetzes Nr. 365\/2000 Slg. \u00fcber Informationssysteme der \u00f6ffentlichen Verwaltung erstellt wurden. Die Darstellung wird nach den vom W3C-Konsortium ver\u00f6ffentlichten Spezifikationen gem\u00e4\u00df der verwendeten [&hellip;]<\/p>\n","protected":false},"author":1,"featured_media":0,"parent":0,"menu_order":0,"comment_status":"closed","ping_status":"closed","template":"","meta":{"_et_pb_use_builder":"on","_et_pb_old_content":"","_et_gb_content_width":"","footnotes":""},"class_list":["post-7959","page","type-page","status-publish","hentry"],"_links":{"self":[{"href":"https:\/\/www.bunkrpraslavice.cz\/de\/wp-json\/wp\/v2\/pages\/7959","targetHints":{"allow":["GET"]}}],"collection":[{"href":"https:\/\/www.bunkrpraslavice.cz\/de\/wp-json\/wp\/v2\/pages"}],"about":[{"href":"https:\/\/www.bunkrpraslavice.cz\/de\/wp-json\/wp\/v2\/types\/page"}],"author":[{"embeddable":true,"href":"https:\/\/www.bunkrpraslavice.cz\/de\/wp-json\/wp\/v2\/users\/1"}],"replies":[{"embeddable":true,"href":"https:\/\/www.bunkrpraslavice.cz\/de\/wp-json\/wp\/v2\/comments?post=7959"}],"version-history":[{"count":0,"href":"https:\/\/www.bunkrpraslavice.cz\/de\/wp-json\/wp\/v2\/pages\/7959\/revisions"}],"wp:attachment":[{"href":"https:\/\/www.bunkrpraslavice.cz\/de\/wp-json\/wp\/v2\/media?parent=7959"}],"curies":[{"name":"wp","href":"https:\/\/api.w.org\/{rel}","templated":true}]}}