{"id":7948,"date":"2023-10-22T10:16:32","date_gmt":"2023-10-22T09:16:32","guid":{"rendered":"https:\/\/www.bunkrpraslavice.cz\/tourmoeglichkeiten-und-eintritt\/"},"modified":"2025-08-14T08:50:31","modified_gmt":"2025-08-14T07:50:31","slug":"tourmoeglichkeiten-und-eintritt","status":"publish","type":"page","link":"https:\/\/www.bunkrpraslavice.cz\/de\/tourmoeglichkeiten-und-eintritt\/","title":{"rendered":"Tourm\u00f6glichkeiten und Eintritt"},"content":{"rendered":"<p>[et_pb_section fb_built=&#8220;1&#8243; admin_label=&#8220;Hero&#8220; _builder_version=&#8220;4.23.1&#8243; custom_padding=&#8220;90px||30px|&#8220; locked=&#8220;off&#8220; global_colors_info=&#8220;{}&#8220;][et_pb_row _builder_version=&#8220;4.22.2&#8243; background_size=&#8220;initial&#8220; background_position=&#8220;top_left&#8220; background_repeat=&#8220;repeat&#8220; custom_margin=&#8220;||||false|false&#8220; global_colors_info=&#8220;{}&#8220;][et_pb_column type=&#8220;4_4&#8243; _builder_version=&#8220;4.16&#8243; custom_padding=&#8220;|||&#8220; global_colors_info=&#8220;{}&#8220; custom_padding__hover=&#8220;|||&#8220;][et_pb_text admin_label=&#8220;Title&#8220; _builder_version=&#8220;4.23.1&#8243; text_font=&#8220;||||||||&#8220; header_font=&#8220;Montserrat|500|||||||&#8220; header_text_align=&#8220;center&#8220; header_font_size=&#8220;84px&#8220; animation_style=&#8220;zoom&#8220; animation_direction=&#8220;left&#8220; animation_intensity_zoom=&#8220;10%&#8220; header_font_size_tablet=&#8220;50px&#8220; header_font_size_phone=&#8220;&#8220; header_font_size_last_edited=&#8220;on|phone&#8220; global_colors_info=&#8220;{}&#8220;]<\/p>\n<h1>Tourm\u00f6glichkeiten und Eintritt<\/h1>\n<p>[\/et_pb_text][et_pb_divider color=&#8220;#564C4D&#8220; divider_weight=&#8220;3px&#8220; _builder_version=&#8220;4.22.2&#8243; max_width=&#8220;100px&#8220; module_alignment=&#8220;center&#8220; animation_style=&#8220;fade&#8220; animation_direction=&#8220;left&#8220; global_colors_info=&#8220;{}&#8220;][\/et_pb_divider][\/et_pb_column][\/et_pb_row][\/et_pb_section][et_pb_section fb_built=&#8220;1&#8243; _builder_version=&#8220;4.23.1&#8243; _module_preset=&#8220;default&#8220; locked=&#8220;off&#8220; global_colors_info=&#8220;{}&#8220;][et_pb_row _builder_version=&#8220;4.22.2&#8243; _module_preset=&#8220;default&#8220; global_colors_info=&#8220;{}&#8220;][et_pb_column type=&#8220;4_4&#8243; _builder_version=&#8220;4.22.2&#8243; _module_preset=&#8220;default&#8220; global_colors_info=&#8220;{}&#8220;][et_pb_text _builder_version=&#8220;4.23.1&#8243; _module_preset=&#8220;default&#8220; text_orientation=&#8220;center&#8220; global_colors_info=&#8220;{}&#8220;]<\/p>\n<p><strong>Das historische Geb\u00e4ude<\/strong> des Bunkers P\u0159\u00e1slavice, das w\u00e4hrend des <strong>Kalten Krieges<\/strong> erbaut wurde, ist ein stummer Zeuge der angespannten Jahre, in denen die Welt am Rande von <strong>Frieden<\/strong> und <strong>Konflikt<\/strong> stand. Betreten Sie eine Welt, in der Vergangenheit und Gegenwart miteinander verwoben sind. <\/p>\n<p><strong>Willkommen im Bunker P\u0159\u00e1slavice<\/strong>. Kommen Sie und nutzen Sie eine der angebotenen Optionen und <strong>sehen, genie\u00dfen und genie\u00dfen<\/strong> Sie unser Geb\u00e4ude. <\/p>\n<p>Erleben Sie die Atmosph\u00e4re eines Ortes, an dem <strong>sich Geschichte und Milit\u00e4rtechnologie<\/strong> mit der modernen Welt von heute verflechten.<\/p>\n<p>[\/et_pb_text][\/et_pb_column][\/et_pb_row][et_pb_row column_structure=&#8220;1_2,1_2&#8243; _builder_version=&#8220;4.23.1&#8243; _module_preset=&#8220;default&#8220; global_colors_info=&#8220;{}&#8220;][et_pb_column type=&#8220;1_2&#8243; _builder_version=&#8220;4.23.1&#8243; _module_preset=&#8220;default&#8220; global_colors_info=&#8220;{}&#8220;][et_pb_button button_url=&#8220;https:\/\/rezervace.bunkrpraslavice.cz&#8220; url_new_window=&#8220;on&#8220; button_text=&#8220;Buchen Sie eine Tour&#8220; button_alignment=&#8220;center&#8220; _builder_version=&#8220;4.23.1&#8243; custom_button=&#8220;on&#8220; button_text_color=&#8220;#FFFFFF&#8220; button_bg_color=&#8220;gcid-734f5fd7-d700-4693-8a20-fbee7a193918&#8243; button_border_width=&#8220;0px&#8220; button_border_radius=&#8220;0px&#8220; button_font=&#8220;Montserrat|500||on|||||&#8220; button_icon=&#8220;&#x24;||divi||400&#8243; button_on_hover=&#8220;off&#8220; background_layout=&#8220;dark&#8220; custom_margin=&#8220;14px|||||&#8220; custom_padding=&#8220;24px|60px|24px|40px&#8220; animation_style=&#8220;zoom&#8220; animation_direction=&#8220;left&#8220; animation_delay=&#8220;200ms&#8220; animation_intensity_zoom=&#8220;10%&#8220; locked=&#8220;off&#8220; global_colors_info=&#8220;{%22gcid-734f5fd7-d700-4693-8a20-fbee7a193918%22:%91%22button_bg_color%22%93}&#8220; button_text_size__hover_enabled=&#8220;off&#8220; button_one_text_size__hover_enabled=&#8220;off&#8220; button_two_text_size__hover_enabled=&#8220;off&#8220; button_text_color__hover_enabled=&#8220;off&#8220; button_one_text_color__hover_enabled=&#8220;off&#8220; button_two_text_color__hover_enabled=&#8220;off&#8220; button_border_width__hover_enabled=&#8220;off&#8220; button_one_border_width__hover_enabled=&#8220;off&#8220; button_two_border_width__hover_enabled=&#8220;off&#8220; button_border_color__hover_enabled=&#8220;off&#8220; button_one_border_color__hover_enabled=&#8220;off&#8220; button_two_border_color__hover_enabled=&#8220;off&#8220; button_border_radius__hover_enabled=&#8220;off&#8220; button_one_border_radius__hover_enabled=&#8220;off&#8220; button_two_border_radius__hover_enabled=&#8220;off&#8220; button_letter_spacing__hover_enabled=&#8220;off&#8220; button_one_letter_spacing__hover_enabled=&#8220;off&#8220; button_two_letter_spacing__hover_enabled=&#8220;off&#8220; button_bg_color__hover_enabled=&#8220;off&#8220; button_one_bg_color__hover_enabled=&#8220;off&#8220; button_two_bg_color__hover_enabled=&#8220;off&#8220;][\/et_pb_button][\/et_pb_column][et_pb_column type=&#8220;1_2&#8243; _builder_version=&#8220;4.23.1&#8243; _module_preset=&#8220;default&#8220; global_colors_info=&#8220;{}&#8220;][et_pb_button button_url=&#8220;https:\/\/www.bunkrpraslavice.cz\/de\/anfrageformular\/&#8220; url_new_window=&#8220;on&#8220; button_text=&#8220;Fordern Sie weitere Dienstleistungen an&#8220; button_alignment=&#8220;center&#8220; _builder_version=&#8220;4.23.1&#8243; custom_button=&#8220;on&#8220; button_text_color=&#8220;#FFFFFF&#8220; button_bg_color=&#8220;gcid-734f5fd7-d700-4693-8a20-fbee7a193918&#8243; button_border_width=&#8220;0px&#8220; button_border_radius=&#8220;0px&#8220; button_font=&#8220;Montserrat|500||on|||||&#8220; button_icon=&#8220;&#x24;||divi||400&#8243; button_on_hover=&#8220;off&#8220; background_layout=&#8220;dark&#8220; custom_margin=&#8220;14px|||||&#8220; custom_padding=&#8220;24px|60px|24px|40px&#8220; animation_style=&#8220;zoom&#8220; animation_direction=&#8220;left&#8220; animation_delay=&#8220;200ms&#8220; animation_intensity_zoom=&#8220;10%&#8220; locked=&#8220;off&#8220; global_colors_info=&#8220;{%22gcid-734f5fd7-d700-4693-8a20-fbee7a193918%22:%91%22button_bg_color%22%93}&#8220; button_text_size__hover_enabled=&#8220;off&#8220; button_one_text_size__hover_enabled=&#8220;off&#8220; button_two_text_size__hover_enabled=&#8220;off&#8220; button_text_color__hover_enabled=&#8220;off&#8220; button_one_text_color__hover_enabled=&#8220;off&#8220; button_two_text_color__hover_enabled=&#8220;off&#8220; button_border_width__hover_enabled=&#8220;off&#8220; button_one_border_width__hover_enabled=&#8220;off&#8220; button_two_border_width__hover_enabled=&#8220;off&#8220; button_border_color__hover_enabled=&#8220;off&#8220; button_one_border_color__hover_enabled=&#8220;off&#8220; button_two_border_color__hover_enabled=&#8220;off&#8220; button_border_radius__hover_enabled=&#8220;off&#8220; button_one_border_radius__hover_enabled=&#8220;off&#8220; button_two_border_radius__hover_enabled=&#8220;off&#8220; button_letter_spacing__hover_enabled=&#8220;off&#8220; button_one_letter_spacing__hover_enabled=&#8220;off&#8220; button_two_letter_spacing__hover_enabled=&#8220;off&#8220; button_bg_color__hover_enabled=&#8220;off&#8220; button_one_bg_color__hover_enabled=&#8220;off&#8220; button_two_bg_color__hover_enabled=&#8220;off&#8220;][\/et_pb_button][\/et_pb_column][\/et_pb_row][et_pb_row _builder_version=&#8220;4.23.1&#8243; _module_preset=&#8220;default&#8220; global_colors_info=&#8220;{}&#8220;][et_pb_column type=&#8220;4_4&#8243; _builder_version=&#8220;4.23.1&#8243; _module_preset=&#8220;default&#8220; global_colors_info=&#8220;{}&#8220;][et_pb_divider color=&#8220;gcid-22394426-c4cb-49d3-b544-1c84cdb00df7&#8243; _builder_version=&#8220;4.23.1&#8243; _module_preset=&#8220;default&#8220; global_colors_info=&#8220;{%22gcid-22394426-c4cb-49d3-b544-1c84cdb00df7%22:%91%22color%22%93}&#8220;][\/et_pb_divider][et_pb_heading title=&#8220;Nachfolgend finden Sie die Touroptionen&#8220; _builder_version=&#8220;4.23.1&#8243; _module_preset=&#8220;default&#8220; title_text_align=&#8220;center&#8220; custom_margin=&#8220;-5px|||||&#8220; global_colors_info=&#8220;{}&#8220;][\/et_pb_heading][\/et_pb_column][\/et_pb_row][et_pb_row column_structure=&#8220;1_2,1_2&#8243; _builder_version=&#8220;4.23.1&#8243; _module_preset=&#8220;default&#8220; global_colors_info=&#8220;{}&#8220;][et_pb_column type=&#8220;1_2&#8243; _builder_version=&#8220;4.23.1&#8243; _module_preset=&#8220;default&#8220; background_color=&#8220;gcid-22394426-c4cb-49d3-b544-1c84cdb00df7&#8243; link_option_url=&#8220;https:\/\/www.bunkrpraslavice.cz\/de\/tourmoeglichkeiten-und-eintritt\/standard-touren\/&#8220; global_colors_info=&#8220;{%22gcid-22394426-c4cb-49d3-b544-1c84cdb00df7%22:%91%22background_color%22%93}&#8220;][et_pb_image src=&#8220;https:\/\/www.bunkrpraslavice.cz\/wp-content\/uploads\/2025\/02\/Martin-u-ustredny_decka.jpg&#8220; title_text=&#8220;Martin bei \u00fast\u0159edny_d\u011bcka&#8220; _builder_version=&#8220;4.27.4&#8243; _module_preset=&#8220;default&#8220; custom_margin=&#8220;||31px|||&#8220; global_colors_info=&#8220;{}&#8220;][\/et_pb_image][et_pb_heading title=&#8220;Standard-Touren&#8220; _builder_version=&#8220;4.23.1&#8243; _module_preset=&#8220;default&#8220; title_text_align=&#8220;center&#8220; title_text_color=&#8220;gcid-ff366e07-a307-4da8-9d55-fe6de435fe2d&#8220; global_colors_info=&#8220;{%22gcid-ff366e07-a307-4da8-9d55-fe6de435fe2d%22:%91%22title_text_color%22%93}&#8220;][\/et_pb_heading][\/et_pb_column][et_pb_column type=&#8220;1_2&#8243; _builder_version=&#8220;4.23.1&#8243; _module_preset=&#8220;default&#8220; background_color=&#8220;gcid-22394426-c4cb-49d3-b544-1c84cdb00df7&#8243; link_option_url=&#8220;https:\/\/www.bunkrpraslavice.cz\/de\/tourmoeglichkeiten-und-eintritt\/vip-touren\/&#8220; global_colors_info=&#8220;{%22gcid-22394426-c4cb-49d3-b544-1c84cdb00df7%22:%91%22background_color%22%93}&#8220;][et_pb_image src=&#8220;https:\/\/www.bunkrpraslavice.cz\/wp-content\/uploads\/2025\/02\/IMG_3898-scaled.jpg&#8220; title_text=&#8220;IMG_3898&#8243; _builder_version=&#8220;4.27.4&#8243; _module_preset=&#8220;default&#8220; custom_margin=&#8220;||36px|||&#8220; custom_padding=&#8220;||4px|||&#8220; global_colors_info=&#8220;{}&#8220;][\/et_pb_image][et_pb_heading title=&#8220;VIP-F\u00fchrungen&#8220; _builder_version=&#8220;4.23.1&#8243; _module_preset=&#8220;default&#8220; title_text_align=&#8220;center&#8220; title_text_color=&#8220;gcid-ff366e07-a307-4da8-9d55-fe6de435fe2d&#8220; custom_margin=&#8220;||14px|||&#8220; global_colors_info=&#8220;{%22gcid-ff366e07-a307-4da8-9d55-fe6de435fe2d%22:%91%22title_text_color%22%93}&#8220;][\/et_pb_heading][\/et_pb_column][\/et_pb_row][et_pb_row column_structure=&#8220;1_2,1_2&#8243; _builder_version=&#8220;4.23.1&#8243; _module_preset=&#8220;default&#8220; global_colors_info=&#8220;{}&#8220;][et_pb_column type=&#8220;1_2&#8243; _builder_version=&#8220;4.23.1&#8243; _module_preset=&#8220;default&#8220; background_color=&#8220;gcid-22394426-c4cb-49d3-b544-1c84cdb00df7&#8243; link_option_url=&#8220;https:\/\/www.bunkrpraslavice.cz\/de\/tourmoeglichkeiten-und-eintritt\/die-schicksalhafte-stunde\/&#8220; global_colors_info=&#8220;{%22gcid-22394426-c4cb-49d3-b544-1c84cdb00df7%22:%91%22background_color%22%93}&#8220;][et_pb_image src=&#8220;https:\/\/www.bunkrpraslavice.cz\/wp-content\/uploads\/2023\/11\/osudova-hodina-16_9-1-scaled.jpg&#8220; title_text=&#8220;Schicksalsstunde 16_9&#8243; _builder_version=&#8220;4.23.1&#8243; _module_preset=&#8220;default&#8220; min_height=&#8220;204.6px&#8220; global_colors_info=&#8220;{}&#8220;][\/et_pb_image][et_pb_heading title=&#8220;Die schicksalhafte Stunde&#8220; _builder_version=&#8220;4.27.4&#8243; _module_preset=&#8220;default&#8220; title_text_align=&#8220;center&#8220; title_text_color=&#8220;gcid-ff366e07-a307-4da8-9d55-fe6de435fe2d&#8220; global_colors_info=&#8220;{%22gcid-ff366e07-a307-4da8-9d55-fe6de435fe2d%22:%91%22title_text_color%22%93}&#8220;][\/et_pb_heading][\/et_pb_column][et_pb_column type=&#8220;1_2&#8243; _builder_version=&#8220;4.23.1&#8243; _module_preset=&#8220;default&#8220; background_color=&#8220;gcid-22394426-c4cb-49d3-b544-1c84cdb00df7&#8243; link_option_url=&#8220;\/moznosti-prohlidek-a-vstupne\/temna-prohlidka\/&#8220; global_colors_info=&#8220;{%22gcid-22394426-c4cb-49d3-b544-1c84cdb00df7%22:%91%22background_color%22%93}&#8220;][et_pb_image src=&#8220;https:\/\/www.bunkrpraslavice.cz\/wp-content\/uploads\/2025\/03\/skupina-lidi-v-cervene-chodbe-scaled-e1741010669226.jpg&#8220; title_text=&#8220;Gruppe von Menschen im roten Korridor&#8220; url=&#8220;https:\/\/www.bunkrpraslavice.cz\/de\/tourmoeglichkeiten-und-eintritt\/dunkle-tour\/&#8220; _builder_version=&#8220;4.27.4&#8243; _module_preset=&#8220;default&#8220; locked=&#8220;off&#8220; global_colors_info=&#8220;{}&#8220;][\/et_pb_image][et_pb_heading title=&#8220;Adrenalin-Tour: %22Experiment 025%22&#8243; _builder_version=&#8220;4.27.4&#8243; _module_preset=&#8220;default&#8220; title_text_align=&#8220;center&#8220; title_text_color=&#8220;gcid-ff366e07-a307-4da8-9d55-fe6de435fe2d&#8220; custom_margin=&#8220;-30px|||||&#8220; locked=&#8220;off&#8220; global_colors_info=&#8220;{%22gcid-ff366e07-a307-4da8-9d55-fe6de435fe2d%22:%91%22title_text_color%22%93}&#8220;][\/et_pb_heading][\/et_pb_column][\/et_pb_row][et_pb_row column_structure=&#8220;1_2,1_2&#8243; _builder_version=&#8220;4.23.1&#8243; _module_preset=&#8220;default&#8220; global_colors_info=&#8220;{}&#8220;][et_pb_column type=&#8220;1_2&#8243; _builder_version=&#8220;4.23.1&#8243; _module_preset=&#8220;default&#8220; background_color=&#8220;gcid-22394426-c4cb-49d3-b544-1c84cdb00df7&#8243; link_option_url=&#8220;https:\/\/www.bunkrpraslavice.cz\/de\/tourmoeglichkeiten-und-eintritt\/thematische-touren\/&#8220; global_colors_info=&#8220;{%22gcid-22394426-c4cb-49d3-b544-1c84cdb00df7%22:%91%22background_color%22%93}&#8220;][et_pb_image src=&#8220;https:\/\/www.bunkrpraslavice.cz\/wp-content\/uploads\/2023\/11\/prohlidka-17.11-scaled.jpeg&#8220; title_text=&#8220;Rundgang 17.11&#8243; _builder_version=&#8220;4.23.1&#8243; _module_preset=&#8220;default&#8220; global_colors_info=&#8220;{}&#8220;][\/et_pb_image][et_pb_heading title=&#8220;Thematische Touren&#8220; _builder_version=&#8220;4.23.1&#8243; _module_preset=&#8220;default&#8220; title_text_align=&#8220;center&#8220; title_text_color=&#8220;gcid-ff366e07-a307-4da8-9d55-fe6de435fe2d&#8220; global_colors_info=&#8220;{%22gcid-ff366e07-a307-4da8-9d55-fe6de435fe2d%22:%91%22title_text_color%22%93}&#8220;][\/et_pb_heading][\/et_pb_column][et_pb_column type=&#8220;1_2&#8243; _builder_version=&#8220;4.23.1&#8243; _module_preset=&#8220;default&#8220; background_color=&#8220;gcid-22394426-c4cb-49d3-b544-1c84cdb00df7&#8243; link_option_url=&#8220;https:\/\/www.bunkrpraslavice.cz\/de\/tourmoeglichkeiten-und-eintritt\/kino-im-bunker\/&#8220; global_colors_info=&#8220;{%22gcid-22394426-c4cb-49d3-b544-1c84cdb00df7%22:%91%22background_color%22%93}&#8220;][et_pb_image src=&#8220;https:\/\/www.bunkrpraslavice.cz\/wp-content\/uploads\/2023\/11\/Promitaci-prostor-bunkr.jpg&#8220; title_text=&#8220;Projektionsraum Bunker&#8220; _builder_version=&#8220;4.23.1&#8243; _module_preset=&#8220;default&#8220; global_colors_info=&#8220;{}&#8220;][\/et_pb_image][et_pb_heading title=&#8220;Kino im Bunker&#8220; _builder_version=&#8220;4.23.1&#8243; _module_preset=&#8220;default&#8220; title_text_align=&#8220;center&#8220; title_text_color=&#8220;gcid-ff366e07-a307-4da8-9d55-fe6de435fe2d&#8220; global_colors_info=&#8220;{%22gcid-ff366e07-a307-4da8-9d55-fe6de435fe2d%22:%91%22title_text_color%22%93}&#8220;][\/et_pb_heading][\/et_pb_column][\/et_pb_row][et_pb_row column_structure=&#8220;1_2,1_2&#8243; _builder_version=&#8220;4.23.1&#8243; _module_preset=&#8220;default&#8220; global_colors_info=&#8220;{}&#8220;][et_pb_column type=&#8220;1_2&#8243; _builder_version=&#8220;4.23.1&#8243; _module_preset=&#8220;default&#8220; background_color=&#8220;gcid-22394426-c4cb-49d3-b544-1c84cdb00df7&#8243; link_option_url=&#8220;https:\/\/www.bunkrpraslavice.cz\/de\/tourmoeglichkeiten-und-eintritt\/retrotech-eine-reise-in-die-geschichte-der-telekommunikation\/&#8220; global_colors_info=&#8220;{%22gcid-22394426-c4cb-49d3-b544-1c84cdb00df7%22:%91%22background_color%22%93}&#8220;][et_pb_image src=&#8220;https:\/\/www.bunkrpraslavice.cz\/wp-content\/uploads\/2023\/12\/IMG_3158-scaled.jpeg&#8220; alt=&#8220;W\u00e4hrend der erweiterten Tour bleibt gen\u00fcgend Zeit, um alles im Detail zu sehen&#8220; title_text=&#8220;Detail der Kommunikationstechnik&#8220; _builder_version=&#8220;4.27.4&#8243; _module_preset=&#8220;default&#8220; global_colors_info=&#8220;{}&#8220;][\/et_pb_image][et_pb_heading title=&#8220;RetroTech-Programm&#8220; _builder_version=&#8220;4.23.1&#8243; _module_preset=&#8220;default&#8220; title_text_align=&#8220;center&#8220; title_text_color=&#8220;gcid-ff366e07-a307-4da8-9d55-fe6de435fe2d&#8220; global_colors_info=&#8220;{%22gcid-ff366e07-a307-4da8-9d55-fe6de435fe2d%22:%91%22title_text_color%22%93}&#8220;][\/et_pb_heading][\/et_pb_column][et_pb_column type=&#8220;1_2&#8243; _builder_version=&#8220;4.23.1&#8243; _module_preset=&#8220;default&#8220; background_color=&#8220;gcid-22394426-c4cb-49d3-b544-1c84cdb00df7&#8243; link_option_url=&#8220;https:\/\/www.bunkrpraslavice.cz\/de\/tourmoeglichkeiten-und-eintritt\/kino-im-bunker\/&#8220; global_colors_info=&#8220;{%22gcid-22394426-c4cb-49d3-b544-1c84cdb00df7%22:%91%22background_color%22%93}&#8220;][et_pb_image src=&#8220;https:\/\/www.bunkrpraslavice.cz\/wp-content\/uploads\/2023\/11\/lidi-v-baterkarne.jpg&#8220; alt=&#8220;Menschen bei einem dunklen Rundgang im Taschenlampenraum, nur mit Taschenlampe&#8220; title_text=&#8220;Dunkler Rundgang durch den Taschenlampenraum&#8220; _builder_version=&#8220;4.27.4&#8243; _module_preset=&#8220;default&#8220; hover_enabled=&#8220;0&#8243; global_colors_info=&#8220;{}&#8220; sticky_enabled=&#8220;0&#8243; url=&#8220;https:\/\/www.bunkrpraslavice.cz\/de\/tourmoeglichkeiten-und-eintritt\/abendliche-taschenlampen-tour\/&#8220;][\/et_pb_image][et_pb_heading title=&#8220;Abendliche %22 Batterie%22 Tour&#8220; _builder_version=&#8220;4.27.4&#8243; _module_preset=&#8220;default&#8220; title_text_align=&#8220;center&#8220; title_text_color=&#8220;gcid-ff366e07-a307-4da8-9d55-fe6de435fe2d&#8220; global_colors_info=&#8220;{%22gcid-ff366e07-a307-4da8-9d55-fe6de435fe2d%22:%91%22title_text_color%22%93}&#8220;][\/et_pb_heading][\/et_pb_column][\/et_pb_row][et_pb_row _builder_version=&#8220;4.23.1&#8243; _module_preset=&#8220;default&#8220; custom_margin=&#8220;-14px|auto||auto||&#8220; global_colors_info=&#8220;{}&#8220;][et_pb_column type=&#8220;4_4&#8243; _builder_version=&#8220;4.23.1&#8243; _module_preset=&#8220;default&#8220; global_colors_info=&#8220;{}&#8220;][et_pb_divider color=&#8220;gcid-22394426-c4cb-49d3-b544-1c84cdb00df7&#8243; _builder_version=&#8220;4.23.1&#8243; _module_preset=&#8220;default&#8220; global_colors_info=&#8220;{%22gcid-22394426-c4cb-49d3-b544-1c84cdb00df7%22:%91%22color%22%93}&#8220;][\/et_pb_divider][et_pb_heading title=&#8220;Sie haben die M\u00f6glichkeit, R\u00e4ume in unserem Geb\u00e4ude zu mieten&#8220; _builder_version=&#8220;4.23.1&#8243; _module_preset=&#8220;default&#8220; title_text_align=&#8220;center&#8220; locked=&#8220;off&#8220; global_colors_info=&#8220;{}&#8220;][\/et_pb_heading][\/et_pb_column][\/et_pb_row][et_pb_row column_structure=&#8220;1_2,1_2&#8243; _builder_version=&#8220;4.23.1&#8243; _module_preset=&#8220;default&#8220; global_colors_info=&#8220;{}&#8220;][et_pb_column type=&#8220;1_2&#8243; _builder_version=&#8220;4.23.1&#8243; _module_preset=&#8220;default&#8220; background_color=&#8220;gcid-22394426-c4cb-49d3-b544-1c84cdb00df7&#8243; link_option_url=&#8220;https:\/\/www.bunkrpraslavice.cz\/de\/tourmoeglichkeiten-und-eintritt\/die-schicksalhafte-stunde\/&#8220; global_colors_info=&#8220;{%22gcid-22394426-c4cb-49d3-b544-1c84cdb00df7%22:%91%22background_color%22%93}&#8220;][et_pb_image src=&#8220;https:\/\/www.bunkrpraslavice.cz\/wp-content\/uploads\/2023\/11\/Konferencni-prostor-bunkr-1.jpeg&#8220; title_text=&#8220;Konferenzraum Bunker 1&#8243; _builder_version=&#8220;4.23.1&#8243; _module_preset=&#8220;default&#8220; global_colors_info=&#8220;{}&#8220;][\/et_pb_image][et_pb_heading title=&#8220;Vermietung von Fl\u00e4chen&#8220; _builder_version=&#8220;4.23.1&#8243; _module_preset=&#8220;default&#8220; title_text_align=&#8220;center&#8220; title_text_color=&#8220;gcid-ff366e07-a307-4da8-9d55-fe6de435fe2d&#8220; global_colors_info=&#8220;{%22gcid-ff366e07-a307-4da8-9d55-fe6de435fe2d%22:%91%22title_text_color%22%93}&#8220;][\/et_pb_heading][\/et_pb_column][et_pb_column type=&#8220;1_2&#8243; _builder_version=&#8220;4.23.1&#8243; _module_preset=&#8220;default&#8220; background_color=&#8220;gcid-22394426-c4cb-49d3-b544-1c84cdb00df7&#8243; link_option_url=&#8220;https:\/\/www.bunkrpraslavice.cz\/de\/tourmoeglichkeiten-und-eintritt\/irs-schulung\/&#8220; global_colors_info=&#8220;{%22gcid-22394426-c4cb-49d3-b544-1c84cdb00df7%22:%91%22background_color%22%93}&#8220;][et_pb_image src=&#8220;https:\/\/www.bunkrpraslavice.cz\/wp-content\/uploads\/2023\/11\/vstup-do-studny-s-ponorem-scaled.jpeg&#8220; title_text=&#8220;Brunneneintrag mit Tiefgang&#8220; _builder_version=&#8220;4.23.1&#8243; _module_preset=&#8220;default&#8220; global_colors_info=&#8220;{}&#8220;][\/et_pb_image][et_pb_heading title=&#8220;IRS-Schulung&#8220; _builder_version=&#8220;4.23.1&#8243; _module_preset=&#8220;default&#8220; title_text_align=&#8220;center&#8220; title_text_color=&#8220;gcid-ff366e07-a307-4da8-9d55-fe6de435fe2d&#8220; global_colors_info=&#8220;{%22gcid-ff366e07-a307-4da8-9d55-fe6de435fe2d%22:%91%22title_text_color%22%93}&#8220;][\/et_pb_heading][\/et_pb_column][\/et_pb_row][\/et_pb_section]<\/p>\n","protected":false},"excerpt":{"rendered":"<p>Tourm\u00f6glichkeiten und EintrittDas historische Geb\u00e4ude des Bunkers P\u0159\u00e1slavice, das w\u00e4hrend des Kalten Krieges erbaut wurde, ist ein stummer Zeuge der angespannten Jahre, in denen die Welt am Rande von Frieden und Konflikt stand. Betreten Sie eine Welt, in der Vergangenheit und Gegenwart miteinander verwoben sind. Willkommen im Bunker P\u0159\u00e1slavice. Kommen Sie und nutzen Sie eine [&hellip;]<\/p>\n","protected":false},"author":1,"featured_media":0,"parent":0,"menu_order":0,"comment_status":"closed","ping_status":"closed","template":"","meta":{"_et_pb_use_builder":"on","_et_pb_old_content":"","_et_gb_content_width":"","footnotes":""},"class_list":["post-7948","page","type-page","status-publish","hentry"],"_links":{"self":[{"href":"https:\/\/www.bunkrpraslavice.cz\/de\/wp-json\/wp\/v2\/pages\/7948","targetHints":{"allow":["GET"]}}],"collection":[{"href":"https:\/\/www.bunkrpraslavice.cz\/de\/wp-json\/wp\/v2\/pages"}],"about":[{"href":"https:\/\/www.bunkrpraslavice.cz\/de\/wp-json\/wp\/v2\/types\/page"}],"author":[{"embeddable":true,"href":"https:\/\/www.bunkrpraslavice.cz\/de\/wp-json\/wp\/v2\/users\/1"}],"replies":[{"embeddable":true,"href":"https:\/\/www.bunkrpraslavice.cz\/de\/wp-json\/wp\/v2\/comments?post=7948"}],"version-history":[{"count":0,"href":"https:\/\/www.bunkrpraslavice.cz\/de\/wp-json\/wp\/v2\/pages\/7948\/revisions"}],"wp:attachment":[{"href":"https:\/\/www.bunkrpraslavice.cz\/de\/wp-json\/wp\/v2\/media?parent=7948"}],"curies":[{"name":"wp","href":"https:\/\/api.w.org\/{rel}","templated":true}]}}