{"id":7873,"date":"2023-11-19T23:17:00","date_gmt":"2023-11-19T22:17:00","guid":{"rendered":"https:\/\/www.bunkrpraslavice.cz\/irs-schulung\/"},"modified":"2025-01-18T21:01:45","modified_gmt":"2025-01-18T20:01:45","slug":"irs-schulung","status":"publish","type":"page","link":"https:\/\/www.bunkrpraslavice.cz\/de\/tourmoeglichkeiten-und-eintritt\/irs-schulung\/","title":{"rendered":"IRS-Schulung"},"content":{"rendered":"<p>[et_pb_section fb_built=&#8220;1&#8243; admin_label=&#8220;Hero&#8220; _builder_version=&#8220;4.23.1&#8243; use_background_color_gradient=&#8220;on&#8220; background_color_gradient_stops=&#8220;rgba(0,0,0,0.5) 0%|rgba(0,0,0,0) 100%&#8220; background_color_gradient_overlays_image=&#8220;on&#8220; background_color_gradient_start=&#8220;rgba(0,0,0,0.5)&#8220; background_color_gradient_end=&#8220;rgba(0,0,0,0)&#8220; background_image=&#8220;https:\/\/www.bunkrpraslavice.cz\/wp-content\/uploads\/2023\/11\/vstup-do-studny-s-ponorem-scaled.jpeg&#8220; custom_margin=&#8220;|||&#8220; custom_padding=&#8220;180px||0px|&#8220; bottom_divider_style=&#8220;slant&#8220; bottom_divider_color=&#8220;#ffffff&#8220; bottom_divider_flip=&#8220;horizontal&#8220; animation_style=&#8220;slide&#8220; animation_direction=&#8220;top&#8220; animation_intensity_slide=&#8220;5%&#8220; animation_starting_opacity=&#8220;100%&#8220; locked=&#8220;off&#8220; global_colors_info=&#8220;{}&#8220;][et_pb_row _builder_version=&#8220;4.23.1&#8243; background_color=&#8220;gcid-574c55ff-0ea2-4f76-83e0-4978e78ca3e3&#8243; background_enable_color=&#8220;on&#8220; background_size=&#8220;initial&#8220; background_position=&#8220;top_left&#8220; background_repeat=&#8220;repeat&#8220; custom_padding=&#8220;27px|0px|0px|0px&#8220; global_colors_info=&#8220;{%22gcid-574c55ff-0ea2-4f76-83e0-4978e78ca3e3%22:%91%22background_color%22%93}&#8220;][et_pb_column type=&#8220;4_4&#8243; _builder_version=&#8220;4.16&#8243; custom_padding=&#8220;|||&#8220; global_colors_info=&#8220;{}&#8220; custom_padding__hover=&#8220;|||&#8220;][et_pb_text admin_label=&#8220;Title&#8220; _builder_version=&#8220;4.23.1&#8243; text_font=&#8220;||||||||&#8220; header_font=&#8220;Montserrat|600|||||||&#8220; header_font_size=&#8220;80px&#8220; header_line_height=&#8220;1.2em&#8220; background_layout=&#8220;dark&#8220; animation_style=&#8220;zoom&#8220; animation_direction=&#8220;left&#8220; animation_intensity_zoom=&#8220;10%&#8220; header_font_size_tablet=&#8220;&#8220; header_font_size_phone=&#8220;55px&#8220; header_font_size_last_edited=&#8220;on|tablet&#8220; global_colors_info=&#8220;{}&#8220;]<\/p>\n<h1>IRS-Schulung<\/h1>\n<p>[\/et_pb_text][et_pb_divider color=&#8220;rgba(255,255,255,0.7)&#8220; divider_weight=&#8220;3px&#8220; _builder_version=&#8220;4.16&#8243; max_width=&#8220;120px&#8220; animation_style=&#8220;zoom&#8220; animation_direction=&#8220;left&#8220; global_colors_info=&#8220;{}&#8220;][\/et_pb_divider][et_pb_text _builder_version=&#8220;4.23.1&#8243; text_font=&#8220;Montserrat|300|||||||&#8220; text_font_size=&#8220;20px&#8220; text_line_height=&#8220;1.8em&#8220; background_color=&#8220;RGBA(255,255,255,0)&#8220; background_layout=&#8220;dark&#8220; animation_style=&#8220;zoom&#8220; animation_direction=&#8220;left&#8220; animation_delay=&#8220;100ms&#8220; animation_intensity_zoom=&#8220;10%&#8220; global_colors_info=&#8220;{}&#8220;]<\/p>\n<p>In unserem Geb\u00e4ude gibt es mehrere Orte, die f\u00fcr die Ausbildung von Rettungsdiensten geeignet sind. Zum Beispiel ein 18 m tiefer Brunnen mit einem Korridor oder anderen R\u00e4umen. <\/p>\n<p>[\/et_pb_text][\/et_pb_column][\/et_pb_row][et_pb_row _builder_version=&#8220;4.23.1&#8243; _module_preset=&#8220;default&#8220; custom_margin=&#8220;0px||0px||true|false&#8220; custom_padding=&#8220;0px||0px||true|false&#8220; locked=&#8220;off&#8220; global_colors_info=&#8220;{}&#8220;][et_pb_column type=&#8220;4_4&#8243; _builder_version=&#8220;4.23.1&#8243; _module_preset=&#8220;default&#8220; global_colors_info=&#8220;{}&#8220;][et_pb_button button_url=&#8220;@ET-DC@eyJkeW5hbWljIjp0cnVlLCJjb250ZW50IjoicG9zdF9saW5rX3VybF9wYWdlIiwic2V0dGluZ3MiOnsicG9zdF9pZCI6IjQ4MDMifX0=@&#8220; button_text=&#8220;Bestellraum&#8220; _builder_version=&#8220;4.23.1&#8243; _dynamic_attributes=&#8220;button_url&#8220; custom_button=&#8220;on&#8220; button_text_color=&#8220;#FFFFFF&#8220; button_bg_color=&#8220;gcid-734f5fd7-d700-4693-8a20-fbee7a193918&#8243; button_border_width=&#8220;0px&#8220; button_border_radius=&#8220;0px&#8220; button_font=&#8220;Montserrat|500||on|||||&#8220; button_icon=&#8220;&#x24;||divi||400&#8243; button_on_hover=&#8220;off&#8220; background_layout=&#8220;dark&#8220; custom_margin=&#8220;30px||0px||false|false&#8220; custom_padding=&#8220;24px|60px|24px|40px&#8220; animation_style=&#8220;zoom&#8220; animation_direction=&#8220;left&#8220; animation_delay=&#8220;200ms&#8220; animation_intensity_zoom=&#8220;10%&#8220; global_colors_info=&#8220;{%22gcid-734f5fd7-d700-4693-8a20-fbee7a193918%22:%91%22button_bg_color%22%93}&#8220; button_text_size__hover_enabled=&#8220;off&#8220; button_one_text_size__hover_enabled=&#8220;off&#8220; button_two_text_size__hover_enabled=&#8220;off&#8220; button_text_color__hover_enabled=&#8220;off&#8220; button_one_text_color__hover_enabled=&#8220;off&#8220; button_two_text_color__hover_enabled=&#8220;off&#8220; button_border_width__hover_enabled=&#8220;off&#8220; button_one_border_width__hover_enabled=&#8220;off&#8220; button_two_border_width__hover_enabled=&#8220;off&#8220; button_border_color__hover_enabled=&#8220;off&#8220; button_one_border_color__hover_enabled=&#8220;off&#8220; button_two_border_color__hover_enabled=&#8220;off&#8220; button_border_radius__hover_enabled=&#8220;off&#8220; button_one_border_radius__hover_enabled=&#8220;off&#8220; button_two_border_radius__hover_enabled=&#8220;off&#8220; button_letter_spacing__hover_enabled=&#8220;off&#8220; button_one_letter_spacing__hover_enabled=&#8220;off&#8220; button_two_letter_spacing__hover_enabled=&#8220;off&#8220; button_bg_color__hover_enabled=&#8220;off&#8220; button_one_bg_color__hover_enabled=&#8220;off&#8220; button_two_bg_color__hover_enabled=&#8220;off&#8220;][\/et_pb_button][\/et_pb_column][\/et_pb_row][\/et_pb_section][et_pb_section fb_built=&#8220;1&#8243; _builder_version=&#8220;4.22.2&#8243; _module_preset=&#8220;default&#8220; min_height=&#8220;543.5px&#8220; locked=&#8220;off&#8220; global_colors_info=&#8220;{}&#8220;][et_pb_row _builder_version=&#8220;4.22.2&#8243; _module_preset=&#8220;default&#8220; global_colors_info=&#8220;{}&#8220;][et_pb_column type=&#8220;4_4&#8243; _builder_version=&#8220;4.22.2&#8243; _module_preset=&#8220;default&#8220; global_colors_info=&#8220;{}&#8220;][et_pb_heading title=&#8220;M\u00f6glichkeit der Tauchausbildung und Interventionsausbildung&#8220; _builder_version=&#8220;4.23.1&#8243; _module_preset=&#8220;default&#8220; title_level=&#8220;h2&#8243; hover_enabled=&#8220;0&#8243; global_colors_info=&#8220;{}&#8220; sticky_enabled=&#8220;0&#8243;][\/et_pb_heading][et_pb_text _builder_version=&#8220;4.23.1&#8243; _module_preset=&#8220;default&#8220; header_text_align=&#8220;justify&#8220; text_orientation=&#8220;justified&#8220; hover_enabled=&#8220;0&#8243; global_colors_info=&#8220;{}&#8220; sticky_enabled=&#8220;0&#8243;]<\/p>\n<p><span style=\"color: #0d0d0d; font-family: Roboto, Noto, sans-serif; font-size: 15px; font-style: normal; font-variant-ligatures: normal; font-variant-caps: normal; font-weight: 400; letter-spacing: normal; orphans: 2; text-align: start; text-indent: 0px; text-transform: none; widows: 2; word-spacing: 0px; -webkit-text-stroke-width: 0px; white-space: pre-wrap; background-color: #ffffff; text-decoration-thickness: initial; text-decoration-style: initial; text-decoration-color: initial; display: inline !important; float: none;\">Im Inneren des Geb\u00e4udes befindet sich ein 18 m tiefer technischer Brunnen mit rechteckigem Stollen, in dem ganzj\u00e4hrig eine Tauchausbildung und die Ausbildung von Rettungskr\u00e4ften wie Feuerwehr oder Polizei m\u00f6glich ist.  <\/span><\/p>\n<p>&nbsp;<\/p>\n<p>[\/et_pb_text][\/et_pb_column][\/et_pb_row][et_pb_row _builder_version=&#8220;4.22.2&#8243; _module_preset=&#8220;default&#8220; box_shadow_style=&#8220;preset1&#8243; global_colors_info=&#8220;{}&#8220;][et_pb_column type=&#8220;4_4&#8243; _builder_version=&#8220;4.22.2&#8243; _module_preset=&#8220;default&#8220; global_colors_info=&#8220;{}&#8220;][et_pb_text _builder_version=&#8220;4.22.2&#8243; _module_preset=&#8220;default&#8220; global_colors_info=&#8220;{}&#8220;]<\/p>\n<table style=\"border-collapse: collapse; width: 100%; height: 144px;\" border=\"1\">\n<tbody>\n<tr style=\"height: 24px;\">\n<td style=\"width: 50%; height: 24px;\">Mietdauer<\/td>\n<td style=\"width: 50%; height: 24px;\"><span style=\"font-weight: 400;\">nach Vereinbarung<br \/><\/span><\/td>\n<\/tr>\n<tr style=\"height: 24px;\">\n<td style=\"width: 50%; height: 24px;\"><span style=\"font-weight: 400;\">Mietpreis<br \/><\/span><\/td>\n<td style=\"width: 50%; height: 24px;\"><span style=\"font-weight: 400;\">nach Vereinbarung<\/span><\/td>\n<\/tr>\n<tr style=\"height: 24px;\">\n<td style=\"width: 50%; height: 24px;\">Maximale Gruppengr\u00f6\u00dfe<\/td>\n<td style=\"width: 50%; height: 24px;\"><span style=\"font-weight: 400;\">nach Vereinbarung<\/span><\/td>\n<\/tr>\n<tr style=\"height: 48px;\">\n<td style=\"width: 50%; height: 48px;\">M\u00f6glichkeit, direkt im Bunker zu schlafen<\/td>\n<td style=\"width: 50%; height: 48px;\"><span style=\"font-weight: 400;\">Wahrscheinlich nicht<br \/><\/span><\/td>\n<\/tr>\n<\/tbody>\n<\/table>\n<p>[\/et_pb_text][\/et_pb_column][\/et_pb_row][\/et_pb_section][et_pb_section fb_built=&#8220;1&#8243; admin_label=&#8220;Video&#8220; _builder_version=&#8220;4.16&#8243; background_color_gradient_direction=&#8220;120deg&#8220; module_alignment=&#8220;right&#8220; custom_margin=&#8220;|||&#8220; custom_padding=&#8220;54px|0px|54px|0px&#8220; locked=&#8220;off&#8220; global_colors_info=&#8220;{}&#8220;][et_pb_row column_structure=&#8220;2_3,1_3&#8243; custom_padding_last_edited=&#8220;on|desktop&#8220; _builder_version=&#8220;4.22.1&#8243; background_color=&#8220;RGBA(255,255,255,0)&#8220; max_width=&#8220;80%&#8220; custom_margin=&#8220;|||&#8220; custom_padding=&#8220;0px|0px|0px|0px&#8220; custom_padding_tablet=&#8220;&#8220; custom_padding_phone=&#8220;0px|0px|0px|0px&#8220; use_custom_width=&#8220;on&#8220; width_unit=&#8220;off&#8220; global_colors_info=&#8220;{}&#8220;][et_pb_column type=&#8220;2_3&#8243; _builder_version=&#8220;4.16&#8243; custom_padding=&#8220;|||&#8220; global_colors_info=&#8220;{}&#8220; custom_padding__hover=&#8220;|||&#8220;][et_pb_video src=&#8220;https:\/\/youtu.be\/ab4oWv94uUA&#8220; _builder_version=&#8220;4.23.1&#8243; custom_margin=&#8220;|||&#8220; animation_style=&#8220;slide&#8220; animation_direction=&#8220;left&#8220; animation_intensity_slide=&#8220;5%&#8220; animation_starting_opacity=&#8220;100%&#8220; box_shadow_style=&#8220;preset3&#8243; box_shadow_vertical=&#8220;45px&#8220; box_shadow_blur=&#8220;62px&#8220; box_shadow_color=&#8220;rgba(18,47,100,0.2)&#8220; global_colors_info=&#8220;{}&#8220;][\/et_pb_video][\/et_pb_column][et_pb_column type=&#8220;1_3&#8243; _builder_version=&#8220;4.16&#8243; custom_padding=&#8220;|||&#8220; global_colors_info=&#8220;{}&#8220; custom_padding__hover=&#8220;|||&#8220;][\/et_pb_column][\/et_pb_row][et_pb_row custom_padding_last_edited=&#8220;on|phone&#8220; _builder_version=&#8220;4.22.2&#8243; background_color=&#8220;#564C4D&#8220; background_enable_color=&#8220;on&#8220; max_width=&#8220;80%&#8220; module_alignment=&#8220;right&#8220; custom_margin=&#8220;-20%|||&#8220; custom_margin_tablet=&#8220;-25%|||&#8220; custom_margin_phone=&#8220;-25%|||&#8220; custom_margin_last_edited=&#8220;on|tablet&#8220; custom_padding=&#8220;8%|10%|8%|10%|true|&#8220; custom_padding_tablet=&#8220;&#8220; custom_padding_phone=&#8220;20%|10%|10%|10%&#8220; use_custom_width=&#8220;on&#8220; width_unit=&#8220;off&#8220; global_colors_info=&#8220;{}&#8220;][et_pb_column type=&#8220;4_4&#8243; _builder_version=&#8220;4.16&#8243; custom_padding=&#8220;|||&#8220; global_colors_info=&#8220;{}&#8220; custom_padding__hover=&#8220;|||&#8220;][et_pb_text admin_label=&#8220;Subtitle&#8220; _builder_version=&#8220;4.23.1&#8243; text_font=&#8220;Montserrat|500||on|||||&#8220; background_layout=&#8220;dark&#8220; max_width=&#8220;960px&#8220; animation_style=&#8220;fade&#8220; global_colors_info=&#8220;{}&#8220;]<\/p>\n<p>&nbsp;<\/p>\n<p>&nbsp;<\/p>\n<p>[\/et_pb_text][et_pb_text admin_label=&#8220;Title&#8220; _builder_version=&#8220;4.23.1&#8243; text_font=&#8220;||||||||&#8220; header_font=&#8220;||||||||&#8220; header_2_font=&#8220;Montserrat|500|||||||&#8220; header_2_font_size=&#8220;30px&#8220; background_layout=&#8220;dark&#8220; max_width=&#8220;960px&#8220; custom_padding=&#8220;10px|||||&#8220; animation_style=&#8220;fade&#8220; global_colors_info=&#8220;{}&#8220;]<\/p>\n<h2>Eingang zum Brunnen<\/h2>\n<p>[\/et_pb_text][et_pb_gallery gallery_ids=&#8220;7437,7435,7433,7439&#8243; show_title_and_caption=&#8220;off&#8220; show_pagination=&#8220;off&#8220; _builder_version=&#8220;4.23.1&#8243; _module_preset=&#8220;default&#8220; text_orientation=&#8220;center&#8220; background_layout=&#8220;dark&#8220; global_colors_info=&#8220;{}&#8220;][\/et_pb_gallery][\/et_pb_column][\/et_pb_row][\/et_pb_section]<\/p>\n","protected":false},"excerpt":{"rendered":"<p>IRS-SchulungIn unserem Geb\u00e4ude gibt es mehrere Orte, die f\u00fcr die Ausbildung von Rettungsdiensten geeignet sind. Zum Beispiel ein 18 m tiefer Brunnen mit einem Korridor oder anderen R\u00e4umen. Im Inneren des Geb\u00e4udes befindet sich ein 18 m tiefer technischer Brunnen mit rechteckigem Stollen, in dem ganzj\u00e4hrig eine Tauchausbildung und die Ausbildung von Rettungskr\u00e4ften wie Feuerwehr [&hellip;]<\/p>\n","protected":false},"author":1,"featured_media":0,"parent":7948,"menu_order":0,"comment_status":"closed","ping_status":"closed","template":"","meta":{"_et_pb_use_builder":"on","_et_pb_old_content":"","_et_gb_content_width":"","footnotes":""},"class_list":["post-7873","page","type-page","status-publish","hentry"],"_links":{"self":[{"href":"https:\/\/www.bunkrpraslavice.cz\/de\/wp-json\/wp\/v2\/pages\/7873","targetHints":{"allow":["GET"]}}],"collection":[{"href":"https:\/\/www.bunkrpraslavice.cz\/de\/wp-json\/wp\/v2\/pages"}],"about":[{"href":"https:\/\/www.bunkrpraslavice.cz\/de\/wp-json\/wp\/v2\/types\/page"}],"author":[{"embeddable":true,"href":"https:\/\/www.bunkrpraslavice.cz\/de\/wp-json\/wp\/v2\/users\/1"}],"replies":[{"embeddable":true,"href":"https:\/\/www.bunkrpraslavice.cz\/de\/wp-json\/wp\/v2\/comments?post=7873"}],"version-history":[{"count":0,"href":"https:\/\/www.bunkrpraslavice.cz\/de\/wp-json\/wp\/v2\/pages\/7873\/revisions"}],"up":[{"embeddable":true,"href":"https:\/\/www.bunkrpraslavice.cz\/de\/wp-json\/wp\/v2\/pages\/7948"}],"wp:attachment":[{"href":"https:\/\/www.bunkrpraslavice.cz\/de\/wp-json\/wp\/v2\/media?parent=7873"}],"curies":[{"name":"wp","href":"https:\/\/api.w.org\/{rel}","templated":true}]}}