{"id":7866,"date":"2023-11-16T12:42:26","date_gmt":"2023-11-16T11:42:26","guid":{"rendered":"https:\/\/www.bunkrpraslavice.cz\/ueber-den-bunker\/die-zukunft-des-bunkers\/"},"modified":"2025-01-18T20:59:28","modified_gmt":"2025-01-18T19:59:28","slug":"die-zukunft-des-bunkers","status":"publish","type":"page","link":"https:\/\/www.bunkrpraslavice.cz\/de\/ueber-den-bunker\/die-zukunft-des-bunkers\/","title":{"rendered":"Die Zukunft des Bunkers"},"content":{"rendered":"<p>[et_pb_section fb_built=&#8220;1&#8243; next_background_color=&#8220;#ffffff&#8220; _builder_version=&#8220;4.23.1&#8243; _module_preset=&#8220;default&#8220; background_color=&#8220;gcid-22394426-c4cb-49d3-b544-1c84cdb00df7&#8243; background_enable_image=&#8220;off&#8220; custom_margin=&#8220;||||false|false&#8220; bottom_divider_style=&#8220;slant&#8220; bottom_divider_height=&#8220;40px&#8220; bottom_divider_flip=&#8220;horizontal&#8220; locked=&#8220;off&#8220; global_colors_info=&#8220;{%22gcid-22394426-c4cb-49d3-b544-1c84cdb00df7%22:%91%22background_color%22%93}&#8220;][et_pb_row column_structure=&#8220;3_4,1_4&#8243; _builder_version=&#8220;4.23.1&#8243; background_size=&#8220;initial&#8220; background_position=&#8220;top_left&#8220; background_repeat=&#8220;repeat&#8220; custom_padding=&#8220;27px|0px|0px|0px&#8220; locked=&#8220;off&#8220; global_colors_info=&#8220;{}&#8220;][et_pb_column type=&#8220;3_4&#8243; _builder_version=&#8220;4.16&#8243; custom_padding=&#8220;|||&#8220; global_colors_info=&#8220;{}&#8220; custom_padding__hover=&#8220;|||&#8220;][et_pb_text admin_label=&#8220;Title&#8220; _builder_version=&#8220;4.23.1&#8243; text_font=&#8220;||||||||&#8220; header_font=&#8220;Montserrat|600|||||||&#8220; header_font_size=&#8220;80px&#8220; header_line_height=&#8220;1.2em&#8220; background_layout=&#8220;dark&#8220; animation_style=&#8220;zoom&#8220; animation_direction=&#8220;left&#8220; animation_intensity_zoom=&#8220;10%&#8220; text_font_size_tablet=&#8220;12px&#8220; text_font_size_phone=&#8220;12px&#8220; text_font_size_last_edited=&#8220;on|phone&#8220; header_font_size_tablet=&#8220;&#8220; header_font_size_phone=&#8220;47px&#8220; header_font_size_last_edited=&#8220;on|phone&#8220; global_colors_info=&#8220;{}&#8220;]<\/p>\n<h1>Die Zukunft des Bunkers<\/h1>\n<p>[\/et_pb_text][et_pb_divider color=&#8220;rgba(255,255,255,0.7)&#8220; divider_weight=&#8220;3px&#8220; _builder_version=&#8220;4.16&#8243; max_width=&#8220;120px&#8220; animation_style=&#8220;zoom&#8220; animation_direction=&#8220;left&#8220; global_colors_info=&#8220;{}&#8220;][\/et_pb_divider][\/et_pb_column][et_pb_column type=&#8220;1_4&#8243; _builder_version=&#8220;4.16&#8243; custom_padding=&#8220;|||&#8220; global_colors_info=&#8220;{}&#8220; custom_padding__hover=&#8220;|||&#8220;][\/et_pb_column][\/et_pb_row][\/et_pb_section][et_pb_section fb_built=&#8220;1&#8243; _builder_version=&#8220;4.23.1&#8243; _module_preset=&#8220;default&#8220; global_colors_info=&#8220;{}&#8220;][et_pb_row _builder_version=&#8220;4.23.1&#8243; _module_preset=&#8220;default&#8220; global_colors_info=&#8220;{}&#8220;][et_pb_column type=&#8220;4_4&#8243; _builder_version=&#8220;4.23.1&#8243; _module_preset=&#8220;default&#8220; global_colors_info=&#8220;{}&#8220;][et_pb_heading title=&#8220;Wie sieht die Zukunft dieses ehemaligen Milit\u00e4rkomplexes aus?&#8220; _builder_version=&#8220;4.23.1&#8243; _module_preset=&#8220;default&#8220; title_level=&#8220;h2&#8243; global_colors_info=&#8220;{}&#8220;][\/et_pb_heading][et_pb_text _builder_version=&#8220;4.23.1&#8243; _module_preset=&#8220;default&#8220; global_colors_info=&#8220;{}&#8220;]<\/p>\n<p>Das Areal der ehemaligen Backup-Verst\u00e4rkungsstation des Bunkers P\u0159\u00e1slavice <strong>ist keine &#8222;tote&#8220; milit\u00e4rische Brachfl\u00e4che<\/strong>. Umgekehrt. Der gesamte Komplex unter der Leitung von Flenexa plus s.r.o., dem Eigent\u00fcmer, wird allm\u00e4hlich zum Leben erweckt. Er verwandelt sich in einen Ort, an dem die Menschen leben, arbeiten und ihre Freizeit verbringen. Der Bunker P\u0159\u00e1slavice ist<strong> ein lebendiger Organismus<\/strong>, der vor Energie pulsiert und zeigt, dass auch ehemalige Milit\u00e4rstandorte eine gl\u00e4nzende Zukunft haben k\u00f6nnen.    <\/p>\n<p>Wir haben verstanden, wie <strong>wichtig<\/strong> es ist, Orten mit Geschichte ihre urspr\u00fcngliche Bedeutung zur\u00fcckzugeben und gleichzeitig Projekte f\u00fcr ihre neue und nachhaltige Nutzung zu erarbeiten und zu erfinden. Wir bem\u00fchen uns, in P\u0159\u00e1slavice bei Olomouc nicht nur einen Industriekomplex zu errichten, sondern auch einen Wohnort, <strong>ein wichtiges touristisches Ziel<\/strong> und ein Zentrum f\u00fcr die Erforschung fortschrittlicher Methoden der landwirtschaftlichen Produktion und Energie. <\/p>\n<p>Wir planen <strong>, es zu verbessern und zu f\u00f6rdern<\/strong>, damit es zu einem begehrten Ort f\u00fcr Besucher aus der ganzen Welt wird. W\u00fcrden Sie schlie\u00dflich erwarten, dass an einem Ort, der einst als geheimer Bunker diente, heute unter anderem <strong>eine vertikale Aquaponik-Farm<\/strong> beheimatet ist, die eine moderne Form der Landwirtschaft darstellt? Dass der Bunker im wahrsten Sinne des <strong>Wortes &#8222;gr\u00fcne D\u00e4rme&#8220;<\/strong> hat?  <\/p>\n<p>[\/et_pb_text][\/et_pb_column][\/et_pb_row][\/et_pb_section][et_pb_section fb_built=&#8220;1&#8243; admin_label=&#8220;Quote&#8220; _builder_version=&#8220;4.23.1&#8243; background_color=&#8220;gcid-22394426-c4cb-49d3-b544-1c84cdb00df7&#8243; max_width=&#8220;80%&#8220; max_width_tablet=&#8220;100%&#8220; max_width_phone=&#8220;&#8220; max_width_last_edited=&#8220;on|desktop&#8220; custom_margin=&#8220;|||&#8220; custom_padding=&#8220;|||&#8220; locked=&#8220;off&#8220; global_colors_info=&#8220;{%22gcid-22394426-c4cb-49d3-b544-1c84cdb00df7%22:%91%22background_color%22%93}&#8220;][et_pb_row column_structure=&#8220;1_2,1_2&#8243; _builder_version=&#8220;4.23.1&#8243; max_width=&#8220;80%&#8220; custom_margin=&#8220;|-12%||&#8220; custom_margin_tablet=&#8220;|10%||10%&#8220; custom_margin_phone=&#8220;&#8220; custom_margin_last_edited=&#8220;on|tablet&#8220; custom_padding=&#8220;|||&#8220; use_custom_width=&#8220;on&#8220; width_unit=&#8220;off&#8220; global_colors_info=&#8220;{}&#8220;][et_pb_column type=&#8220;1_2&#8243; _builder_version=&#8220;4.16&#8243; custom_padding=&#8220;|||&#8220; global_colors_info=&#8220;{}&#8220; custom_padding__hover=&#8220;|||&#8220;][et_pb_text admin_label=&#8220;Feature 01&#8243; _builder_version=&#8220;4.23.1&#8243; text_font=&#8220;Montserrat|300|||||||&#8220; text_text_color=&#8220;rgba(255,255,255,0.7)&#8220; text_font_size=&#8220;16px&#8220; text_line_height=&#8220;1.8em&#8220; header_font=&#8220;||||||||&#8220; header_2_font=&#8220;Montserrat|500|||||||&#8220; header_2_text_align=&#8220;left&#8220; header_2_font_size=&#8220;30px&#8220; header_2_line_height=&#8220;1.4em&#8220; background_layout=&#8220;dark&#8220; custom_margin=&#8220;||40px|&#8220; animation_style=&#8220;slide&#8220; animation_direction=&#8220;left&#8220; animation_intensity_slide=&#8220;5%&#8220; animation_starting_opacity=&#8220;100%&#8220; global_colors_info=&#8220;{}&#8220;]<\/p>\n<h2>Vertikale Aquaponik-Farmen<\/h2>\n<p>In einem Teil des Bunkers befindet sich eine Aquaponik-Farm. Aquaponik ist eine moderne Form der Landwirtschaft, bei der Fische und Pflanzen in einem System koexistieren. Fische liefern N\u00e4hrstoffe f\u00fcr Pflanzen und sie nutzen sie, um in einer vertikalen Indoor- oder Outdoor-Farm zu wachsen.  <\/p>\n<p>Mehr \u00fcber die M\u00f6glichkeiten von vertikalen Aquaponik-Farmen k\u00f6nnen Sie auf der <a href=\"http:\/\/www.aquaponickafarma.cz\" target=\"_blank\" rel=\"noopener\">www.aquaponickafarma.cz<\/a> Website lesen.<\/p>\n<p>[\/et_pb_text][et_pb_text admin_label=&#8220;Feature 01&#8243; _builder_version=&#8220;4.23.1&#8243; text_font=&#8220;Montserrat|300|||||||&#8220; text_text_color=&#8220;rgba(255,255,255,0.7)&#8220; text_font_size=&#8220;16px&#8220; text_line_height=&#8220;1.8em&#8220; header_font=&#8220;||||||||&#8220; header_2_font=&#8220;Montserrat|500|||||||&#8220; header_2_text_align=&#8220;left&#8220; header_2_font_size=&#8220;30px&#8220; header_2_line_height=&#8220;1.4em&#8220; background_layout=&#8220;dark&#8220; custom_margin=&#8220;||40px|&#8220; animation_style=&#8220;slide&#8220; animation_direction=&#8220;left&#8220; animation_intensity_slide=&#8220;5%&#8220; animation_starting_opacity=&#8220;100%&#8220; global_colors_info=&#8220;{}&#8220;]<\/p>\n<h2>Klimaneutraler und energieautarker Komplex<\/h2>\n<p>Unter der Leitung von Flenexa plus s.r.o., dem Eigent\u00fcmer des gesamten Komplexes, ver\u00e4ndert sich das gesamte Gebiet langsam. Ziel des Unternehmens ist es, es zu einem Beispiel f\u00fcr Transformation zu machen und zu zeigen, wie ein kohlenstoffneutraler und energieautarker Komplex geschaffen und betrieben werden kann. <\/p>\n<p>Wir investieren massiv in nachhaltige Technologien, nachwachsende Rohstoffe und Energieeinsparungen. Beispiele hierf\u00fcr sind PV-Anlagen f\u00fcr den Einsatz innerhalb des Komplexes, Wasser\/Wasser-W\u00e4rmepumpen unter Nutzung der urspr\u00fcnglichen Bunkerinfrastruktur und die Gesamtsanierung der urspr\u00fcnglichen Infrastruktur. <\/p>\n<p>[\/et_pb_text][et_pb_text admin_label=&#8220;Feature 01&#8243; _builder_version=&#8220;4.23.1&#8243; text_font=&#8220;Montserrat|300|||||||&#8220; text_text_color=&#8220;rgba(255,255,255,0.7)&#8220; text_font_size=&#8220;16px&#8220; text_line_height=&#8220;1.8em&#8220; header_font=&#8220;||||||||&#8220; header_2_font=&#8220;Montserrat|500|||||||&#8220; header_2_text_align=&#8220;left&#8220; header_2_font_size=&#8220;30px&#8220; header_2_line_height=&#8220;1.4em&#8220; background_layout=&#8220;dark&#8220; custom_margin=&#8220;||40px|&#8220; animation_style=&#8220;slide&#8220; animation_direction=&#8220;left&#8220; animation_intensity_slide=&#8220;5%&#8220; animation_starting_opacity=&#8220;100%&#8220; global_colors_info=&#8220;{}&#8220;]<\/p>\n<h2>Moderne Technologien der stofflichen Verwertung von Abf\u00e4llen<\/h2>\n<p>Das Thema Abfall und Kreislaufwirtschaft wird heutzutage sehr viel diskutiert. Wir nehmen dieses Problem nicht auf die leichte Schulter und versuchen, zu seiner L\u00f6sung beizutragen. Wir bringen die modernsten Methoden der stofflichen Verwertung von Abf\u00e4llen und deren Umwandlung in verwertbare Produkte mit.  <\/p>\n<p>In dem ehemaligen Armeekomplex haben diese Ziele ihren Platz und weisen eine andere Richtung, um diese oft toten Brachfl\u00e4chen zum Leben zu erwecken.<\/p>\n<p>[\/et_pb_text][et_pb_divider color=&#8220;gcid-ff366e07-a307-4da8-9d55-fe6de435fe2d&#8220; _builder_version=&#8220;4.23.1&#8243; _module_preset=&#8220;default&#8220; global_colors_info=&#8220;{%22gcid-ff366e07-a307-4da8-9d55-fe6de435fe2d%22:%91%22color%22%93}&#8220;][\/et_pb_divider][et_pb_text _builder_version=&#8220;4.23.1&#8243; _module_preset=&#8220;default&#8220; text_font=&#8220;Montserrat|300|||||||&#8220; text_text_color=&#8220;rgba(255,255,255,0.7)&#8220; text_font_size=&#8220;16px&#8220; text_line_height=&#8220;1.8em&#8220; header_font=&#8220;||||||||&#8220; header_2_font=&#8220;Montserrat|500|||||||&#8220; header_2_text_align=&#8220;left&#8220; header_2_font_size=&#8220;30px&#8220; header_2_line_height=&#8220;1.4em&#8220; background_layout=&#8220;dark&#8220; custom_margin=&#8220;||40px|&#8220; animation_style=&#8220;slide&#8220; animation_direction=&#8220;left&#8220; animation_intensity_slide=&#8220;5%&#8220; animation_starting_opacity=&#8220;100%&#8220; global_colors_info=&#8220;{}&#8220;]<\/p>\n<p>Wenn Sie die einzigartige Atmosph\u00e4re dieses Geb\u00e4udes erleben m\u00f6chten, z\u00f6gern Sie nicht, uns zu besuchen.<\/p>\n<p>[\/et_pb_text][et_pb_button button_url=&#8220;https:\/\/www.bunkrpraslavice.cz\/de\/anfrageformular\/&#8220; button_text=&#8220;Fordern Sie einen Tourtermin an&#8220; _builder_version=&#8220;4.23.1&#8243; custom_button=&#8220;on&#8220; button_text_size=&#8220;14px&#8220; button_bg_color=&#8220;gcid-734f5fd7-d700-4693-8a20-fbee7a193918&#8243; button_border_width=&#8220;0px&#8220; button_border_color=&#8220;#405ce6&#8243; button_border_radius=&#8220;49px&#8220; button_font=&#8220;Montserrat|500||on|||||&#8220; button_use_icon=&#8220;off&#8220; background_layout=&#8220;dark&#8220; custom_margin=&#8220;20px|||&#8220; custom_padding=&#8220;20px|45px|20px|45px&#8220; animation_style=&#8220;fade&#8220; global_colors_info=&#8220;{%22gcid-734f5fd7-d700-4693-8a20-fbee7a193918%22:%91%22button_bg_color%22%93}&#8220; button_text_size__hover_enabled=&#8220;off&#8220; button_one_text_size__hover_enabled=&#8220;off&#8220; button_two_text_size__hover_enabled=&#8220;off&#8220; button_text_color__hover_enabled=&#8220;off&#8220; button_one_text_color__hover_enabled=&#8220;off&#8220; button_two_text_color__hover_enabled=&#8220;off&#8220; button_border_width__hover_enabled=&#8220;off&#8220; button_one_border_width__hover_enabled=&#8220;off&#8220; button_two_border_width__hover_enabled=&#8220;off&#8220; button_border_color__hover_enabled=&#8220;off&#8220; button_one_border_color__hover_enabled=&#8220;off&#8220; button_two_border_color__hover_enabled=&#8220;off&#8220; button_border_radius__hover_enabled=&#8220;off&#8220; button_one_border_radius__hover_enabled=&#8220;off&#8220; button_two_border_radius__hover_enabled=&#8220;off&#8220; button_letter_spacing__hover_enabled=&#8220;off&#8220; button_one_letter_spacing__hover_enabled=&#8220;off&#8220; button_two_letter_spacing__hover_enabled=&#8220;off&#8220; button_bg_color__hover_enabled=&#8220;off&#8220; button_one_bg_color__hover_enabled=&#8220;off&#8220; button_two_bg_color__hover_enabled=&#8220;off&#8220;][\/et_pb_button][\/et_pb_column][et_pb_column type=&#8220;1_2&#8243; _builder_version=&#8220;4.16&#8243; custom_padding=&#8220;|||&#8220; global_colors_info=&#8220;{}&#8220; custom_padding__hover=&#8220;|||&#8220;][et_pb_image src=&#8220;https:\/\/www.bunkrpraslavice.cz\/wp-content\/uploads\/2023\/11\/Vertikalni-farma-Michal-orizle-scaled.jpeg&#8220; title_text=&#8220;Rpt&#8220; force_fullwidth=&#8220;on&#8220; align_tablet=&#8220;center&#8220; align_phone=&#8220;center&#8220; align_last_edited=&#8220;on|desktop&#8220; _builder_version=&#8220;4.23.1&#8243; animation_style=&#8220;slide&#8220; animation_direction=&#8220;right&#8220; animation_intensity_slide=&#8220;5%&#8220; animation_starting_opacity=&#8220;100%&#8220; box_shadow_style=&#8220;preset3&#8243; box_shadow_vertical=&#8220;46px&#8220; box_shadow_blur=&#8220;54px&#8220; box_shadow_color=&#8220;rgba(0,0,0,0.17)&#8220; global_colors_info=&#8220;{}&#8220;][\/et_pb_image][\/et_pb_column][\/et_pb_row][\/et_pb_section]<\/p>\n","protected":false},"excerpt":{"rendered":"<p>Die Zukunft des BunkersDas Areal der ehemaligen Backup-Verst\u00e4rkungsstation des Bunkers P\u0159\u00e1slavice ist keine &#8222;tote&#8220; milit\u00e4rische Brachfl\u00e4che. Umgekehrt. Der gesamte Komplex unter der Leitung von Flenexa plus s.r.o., dem Eigent\u00fcmer, wird allm\u00e4hlich zum Leben erweckt. Er verwandelt sich in einen Ort, an dem die Menschen leben, arbeiten und ihre Freizeit verbringen. Der Bunker P\u0159\u00e1slavice ist ein [&hellip;]<\/p>\n","protected":false},"author":1,"featured_media":0,"parent":7771,"menu_order":0,"comment_status":"closed","ping_status":"closed","template":"","meta":{"_et_pb_use_builder":"on","_et_pb_old_content":"","_et_gb_content_width":"","footnotes":""},"class_list":["post-7866","page","type-page","status-publish","hentry"],"_links":{"self":[{"href":"https:\/\/www.bunkrpraslavice.cz\/de\/wp-json\/wp\/v2\/pages\/7866","targetHints":{"allow":["GET"]}}],"collection":[{"href":"https:\/\/www.bunkrpraslavice.cz\/de\/wp-json\/wp\/v2\/pages"}],"about":[{"href":"https:\/\/www.bunkrpraslavice.cz\/de\/wp-json\/wp\/v2\/types\/page"}],"author":[{"embeddable":true,"href":"https:\/\/www.bunkrpraslavice.cz\/de\/wp-json\/wp\/v2\/users\/1"}],"replies":[{"embeddable":true,"href":"https:\/\/www.bunkrpraslavice.cz\/de\/wp-json\/wp\/v2\/comments?post=7866"}],"version-history":[{"count":0,"href":"https:\/\/www.bunkrpraslavice.cz\/de\/wp-json\/wp\/v2\/pages\/7866\/revisions"}],"up":[{"embeddable":true,"href":"https:\/\/www.bunkrpraslavice.cz\/de\/wp-json\/wp\/v2\/pages\/7771"}],"wp:attachment":[{"href":"https:\/\/www.bunkrpraslavice.cz\/de\/wp-json\/wp\/v2\/media?parent=7866"}],"curies":[{"name":"wp","href":"https:\/\/api.w.org\/{rel}","templated":true}]}}