{"id":7823,"date":"2023-11-15T22:10:36","date_gmt":"2023-11-15T21:10:36","guid":{"rendered":"https:\/\/www.bunkrpraslavice.cz\/ueber-den-bunker\/bunker-in-zahlen\/"},"modified":"2025-08-14T08:48:53","modified_gmt":"2025-08-14T07:48:53","slug":"bunker-in-zahlen","status":"publish","type":"page","link":"https:\/\/www.bunkrpraslavice.cz\/de\/ueber-den-bunker\/bunker-in-zahlen\/","title":{"rendered":"Bunker in Zahlen"},"content":{"rendered":"<p>[et_pb_section fb_built=&#8220;1&#8243; next_background_color=&#8220;#ffffff&#8220; _builder_version=&#8220;4.23.1&#8243; _module_preset=&#8220;default&#8220; background_color=&#8220;gcid-22394426-c4cb-49d3-b544-1c84cdb00df7&#8243; background_enable_image=&#8220;off&#8220; custom_margin=&#8220;||||false|false&#8220; bottom_divider_style=&#8220;slant&#8220; bottom_divider_height=&#8220;40px&#8220; bottom_divider_flip=&#8220;horizontal&#8220; locked=&#8220;off&#8220; global_colors_info=&#8220;{%22gcid-22394426-c4cb-49d3-b544-1c84cdb00df7%22:%91%22background_color%22%93}&#8220;][et_pb_row column_structure=&#8220;3_4,1_4&#8243; _builder_version=&#8220;4.23.1&#8243; background_size=&#8220;initial&#8220; background_position=&#8220;top_left&#8220; background_repeat=&#8220;repeat&#8220; custom_padding=&#8220;27px|0px|0px|0px&#8220; locked=&#8220;off&#8220; global_colors_info=&#8220;{}&#8220;][et_pb_column type=&#8220;3_4&#8243; _builder_version=&#8220;4.16&#8243; custom_padding=&#8220;|||&#8220; global_colors_info=&#8220;{}&#8220; custom_padding__hover=&#8220;|||&#8220;][et_pb_text admin_label=&#8220;Title&#8220; _builder_version=&#8220;4.23.1&#8243; text_font=&#8220;||||||||&#8220; header_font=&#8220;Montserrat|600|||||||&#8220; header_font_size=&#8220;80px&#8220; header_line_height=&#8220;1.2em&#8220; background_layout=&#8220;dark&#8220; animation_style=&#8220;zoom&#8220; animation_direction=&#8220;left&#8220; animation_intensity_zoom=&#8220;10%&#8220; header_font_size_tablet=&#8220;&#8220; header_font_size_phone=&#8220;55px&#8220; header_font_size_last_edited=&#8220;on|tablet&#8220; global_colors_info=&#8220;{}&#8220;]<\/p>\n<h1>Bunker in Zahlen<\/h1>\n<p>[\/et_pb_text][et_pb_divider color=&#8220;rgba(255,255,255,0.7)&#8220; divider_weight=&#8220;3px&#8220; _builder_version=&#8220;4.16&#8243; max_width=&#8220;120px&#8220; animation_style=&#8220;zoom&#8220; animation_direction=&#8220;left&#8220; global_colors_info=&#8220;{}&#8220;][\/et_pb_divider][\/et_pb_column][et_pb_column type=&#8220;1_4&#8243; _builder_version=&#8220;4.16&#8243; custom_padding=&#8220;|||&#8220; global_colors_info=&#8220;{}&#8220; custom_padding__hover=&#8220;|||&#8220;][\/et_pb_column][\/et_pb_row][\/et_pb_section][et_pb_section fb_built=&#8220;1&#8243; _builder_version=&#8220;4.23.1&#8243; _module_preset=&#8220;default&#8220; global_colors_info=&#8220;{}&#8220;][et_pb_row _builder_version=&#8220;4.23.1&#8243; _module_preset=&#8220;default&#8220; global_colors_info=&#8220;{}&#8220;][et_pb_column type=&#8220;4_4&#8243; _builder_version=&#8220;4.23.1&#8243; _module_preset=&#8220;default&#8220; global_colors_info=&#8220;{}&#8220;][et_pb_text _builder_version=&#8220;4.23.1&#8243; _module_preset=&#8220;default&#8220; custom_padding=&#8220;||3px|||&#8220; global_colors_info=&#8220;{}&#8220;]<\/p>\n<p><span style=\"font-size: 14px;\">Der Bunker von P\u0159\u00e1slavice ist <strong>ein monstr\u00f6ses Geb\u00e4ude<\/strong>, das viele Besucher mit seiner Gr\u00f6\u00dfe und seinen technischen Parametern \u00fcberraschen wird. Auch die folgenden Zahlen zeugen von seiner Gr\u00f6\u00dfe. <\/span><\/p>\n<p>[\/et_pb_text][\/et_pb_column][\/et_pb_row][et_pb_row _builder_version=&#8220;4.23.1&#8243; _module_preset=&#8220;default&#8220; locked=&#8220;off&#8220; global_colors_info=&#8220;{}&#8220;][et_pb_column type=&#8220;4_4&#8243; _builder_version=&#8220;4.23.1&#8243; _module_preset=&#8220;default&#8220; global_colors_info=&#8220;{}&#8220;][et_pb_divider color=&#8220;gcid-22394426-c4cb-49d3-b544-1c84cdb00df7&#8243; _builder_version=&#8220;4.23.1&#8243; _module_preset=&#8220;default&#8220; global_colors_info=&#8220;{%22gcid-22394426-c4cb-49d3-b544-1c84cdb00df7%22:%91%22color%22%93}&#8220;][\/et_pb_divider][\/et_pb_column][\/et_pb_row][et_pb_row _builder_version=&#8220;4.22.2&#8243; _module_preset=&#8220;default&#8220; box_shadow_style=&#8220;preset1&#8243; locked=&#8220;off&#8220; global_colors_info=&#8220;{}&#8220;][et_pb_column type=&#8220;4_4&#8243; _builder_version=&#8220;4.22.2&#8243; _module_preset=&#8220;default&#8220; global_colors_info=&#8220;{}&#8220;][et_pb_heading title=&#8220;Bunker in Zahlen&#8220; _builder_version=&#8220;4.23.1&#8243; _module_preset=&#8220;default&#8220; title_text_align=&#8220;center&#8220; custom_padding=&#8220;3px|||||&#8220; global_colors_info=&#8220;{}&#8220;][\/et_pb_heading][et_pb_text _builder_version=&#8220;4.23.1&#8243; _module_preset=&#8220;default&#8220; global_colors_info=&#8220;{}&#8220;]<\/p>\n<p>&nbsp;<\/p>\n<table style=\"border-collapse: collapse; width: 100%; height: 144px;\" border=\"1\">\n<tbody>\n<tr>\n<td style=\"width: 50%;\">Bodenbelag<\/td>\n<td style=\"width: 50%;\">ca. 10.000<sup>m2<\/sup><\/td>\n<\/tr>\n<tr style=\"height: 24px;\">\n<td style=\"width: 50%; height: 24px;\">Anzahl der<\/td>\n<p> Etagen<\/p>\n<td style=\"width: 50%; height: 24px;\">6, davon 4 Etagen direkt Bunker und 2 Etagen oberirdische Geb\u00e4ude<\/td>\n<\/tr>\n<tr style=\"height: 24px;\">\n<td style=\"width: 50%; height: 24px;\">H\u00f6he des gesamten Geb\u00e4udes<\/td>\n<td style=\"width: 50%; height: 24px;\">ca. 26 m<\/td>\n<\/tr>\n<tr>\n<td style=\"width: 50%;\">Autonome<\/td>\n<p> Betriebszeit<\/p>\n<td style=\"width: 50%;\">10 Tage<\/td>\n<\/tr>\n<tr>\n<td style=\"width: 50%;\">Widerstand<\/td>\n<td style=\"width: 50%;\">50 kT aus der unmittelbaren Umgebung<\/td>\n<\/tr>\n<tr>\n<td style=\"width: 50%;\">Anzahl der Treppen der Haupttreppe<\/td>\n<td style=\"width: 50%;\">Kapitel 91<\/td>\n<\/tr>\n<tr>\n<td style=\"width: 50%;\">Vertiefung<\/td>\n<td style=\"width: 50%;\">Kapitel 38<\/td>\n<\/tr>\n<tr>\n<td style=\"width: 50%;\">Fl\u00e4che des Bereichs<\/td>\n<td style=\"width: 50%;\">10 Hektar<\/td>\n<\/tr>\n<tr>\n<td style=\"width: 50%;\">USV-Leistung<\/td>\n<td style=\"width: 50%;\">1,2 MW<\/td>\n<\/tr>\n<\/tbody>\n<\/table>\n<p>[\/et_pb_text][et_pb_text _builder_version=&#8220;4.23.1&#8243; _module_preset=&#8220;default&#8220; global_colors_info=&#8220;{}&#8220;]<\/p>\n<p style=\"text-align: center;\"><strong>Haltbarkeit zum Vergleich mit den Atombomben in Hiroshima und Nagasaki<\/strong><\/p>\n<table style=\"border-collapse: collapse; width: 100%;\" border=\"1\">\n<tbody>\n<tr>\n<td style=\"width: 50%;\">Bunker P\u0159\u00e1slavice<\/td>\n<td style=\"width: 50%;\">Widerstand 50 kT<\/td>\n<\/tr>\n<tr>\nAtombombe <\/p>\n<td style=\"width: 50%;\">von Hiroshima<\/td>\n<td style=\"width: 50%;\">6. August 1945, 15 kT, Little Boy von Enola Gay gest\u00fcrzt<\/td>\n<\/tr>\n<tr>\nAtombombe <\/p>\n<td style=\"width: 50%;\">von Nagasaki<\/td>\n<td style=\"width: 50%;\">9. August 1945, 20 kT, Fat Man von Bockstar gest\u00fcrzt<\/td>\n<\/tr>\n<\/tbody>\n<\/table>\n<p>[\/et_pb_text][\/et_pb_column][\/et_pb_row][\/et_pb_section][et_pb_section fb_built=&#8220;1&#8243; admin_label=&#8220;Video&#8220; _builder_version=&#8220;4.16&#8243; background_color_gradient_direction=&#8220;120deg&#8220; module_alignment=&#8220;right&#8220; custom_margin=&#8220;|||&#8220; custom_padding=&#8220;54px|0px|54px|0px&#8220; locked=&#8220;off&#8220; global_colors_info=&#8220;{}&#8220;][et_pb_row column_structure=&#8220;2_3,1_3&#8243; custom_padding_last_edited=&#8220;on|desktop&#8220; _builder_version=&#8220;4.22.1&#8243; background_color=&#8220;RGBA(255,255,255,0)&#8220; max_width=&#8220;80%&#8220; custom_margin=&#8220;|||&#8220; custom_padding=&#8220;0px|0px|0px|0px&#8220; custom_padding_tablet=&#8220;&#8220; custom_padding_phone=&#8220;0px|0px|0px|0px&#8220; use_custom_width=&#8220;on&#8220; width_unit=&#8220;off&#8220; global_colors_info=&#8220;{}&#8220;][et_pb_column type=&#8220;2_3&#8243; _builder_version=&#8220;4.16&#8243; custom_padding=&#8220;|||&#8220; global_colors_info=&#8220;{}&#8220; custom_padding__hover=&#8220;|||&#8220;][et_pb_video src=&#8220;https:\/\/www.youtube.com\/watch?v=7YOaQ0POjlo&#8220; _builder_version=&#8220;4.23.1&#8243; _module_preset=&#8220;default&#8220; box_shadow_style=&#8220;preset1&#8243; global_colors_info=&#8220;{}&#8220;][\/et_pb_video][\/et_pb_column][et_pb_column type=&#8220;1_3&#8243; _builder_version=&#8220;4.16&#8243; custom_padding=&#8220;|||&#8220; global_colors_info=&#8220;{}&#8220; custom_padding__hover=&#8220;|||&#8220;][\/et_pb_column][\/et_pb_row][et_pb_row custom_padding_last_edited=&#8220;on|phone&#8220; _builder_version=&#8220;4.22.2&#8243; background_color=&#8220;#564C4D&#8220; background_enable_color=&#8220;on&#8220; max_width=&#8220;80%&#8220; module_alignment=&#8220;right&#8220; custom_margin=&#8220;-20%|||&#8220; custom_margin_tablet=&#8220;-25%|||&#8220; custom_margin_phone=&#8220;-25%|||&#8220; custom_margin_last_edited=&#8220;on|tablet&#8220; custom_padding=&#8220;8%|10%|8%|10%|true|&#8220; custom_padding_tablet=&#8220;&#8220; custom_padding_phone=&#8220;20%|10%|10%|10%&#8220; use_custom_width=&#8220;on&#8220; width_unit=&#8220;off&#8220; global_colors_info=&#8220;{}&#8220;][et_pb_column type=&#8220;4_4&#8243; _builder_version=&#8220;4.16&#8243; custom_padding=&#8220;|||&#8220; global_colors_info=&#8220;{}&#8220; custom_padding__hover=&#8220;|||&#8220;][et_pb_text admin_label=&#8220;Subtitle&#8220; _builder_version=&#8220;4.22.2&#8243; text_font=&#8220;Montserrat|500||on|||||&#8220; background_layout=&#8220;dark&#8220; max_width=&#8220;960px&#8220; animation_style=&#8220;fade&#8220; global_colors_info=&#8220;{}&#8220;]<\/p>\n<p>&nbsp;<\/p>\n<p>&nbsp;<\/p>\n<p>[\/et_pb_text][et_pb_text admin_label=&#8220;Title&#8220; _builder_version=&#8220;4.23.1&#8243; text_font=&#8220;||||||||&#8220; header_font=&#8220;||||||||&#8220; header_2_font=&#8220;Montserrat|500|||||||&#8220; header_2_font_size=&#8220;30px&#8220; background_layout=&#8220;dark&#8220; max_width=&#8220;960px&#8220; custom_padding=&#8220;10px|||||&#8220; animation_style=&#8220;fade&#8220; global_colors_info=&#8220;{}&#8220;]<\/p>\n<h2>Zum Hauptgeb\u00e4ude geh\u00f6ren auch weitere zugeh\u00f6rige Geb\u00e4ude<\/h2>\n<p>[\/et_pb_text][et_pb_text _builder_version=&#8220;4.23.1&#8243; _module_preset=&#8220;default&#8220; text_text_color=&#8220;gcid-ff366e07-a307-4da8-9d55-fe6de435fe2d&#8220; header_2_text_color=&#8220;gcid-ff366e07-a307-4da8-9d55-fe6de435fe2d&#8220; global_colors_info=&#8220;{%22gcid-ff366e07-a307-4da8-9d55-fe6de435fe2d%22:%91%22header_2_text_color%22,%22text_text_color%22%93}&#8220;]<\/p>\n<h2>Munitionsdepot<\/h2>\n<p>Es befindet sich in der N\u00e4he des Hauptgeb\u00e4udes und diente zur Lagerung von Munition f\u00fcr die Garnison, die die \u00e4u\u00dfere Verteidigung des Komplexes bildete.<\/p>\n<p>&nbsp;<\/p>\n<h2>Wachhaus und Zwinger<\/h2>\n<p>Das gesamte Gel\u00e4nde war von zwei Z\u00e4unen umgeben, zwischen denen sich Wachen mit Hunden bewegten. F\u00fcr die Sicherheit wurden in der Umgebung ein Wachhaus und ein Zwinger gebaut. <\/p>\n<p>&nbsp;<\/p>\n<h2>Antennen-Sendeanlage<\/h2>\n<p>F\u00fcr die Kurzwellenkommunikation, <span>die von der Sende- und Empfangshalle<\/span> aus dem 2. Untergeschoss abgewickelt wurde, wurden auf dem Areal vier Antennenanlagen errichtet. <\/p>\n<p>[\/et_pb_text][et_pb_divider color=&#8220;gcid-ff366e07-a307-4da8-9d55-fe6de435fe2d&#8220; _builder_version=&#8220;4.23.1&#8243; _module_preset=&#8220;default&#8220; global_colors_info=&#8220;{%22gcid-ff366e07-a307-4da8-9d55-fe6de435fe2d%22:%91%22color%22%93}&#8220;][\/et_pb_divider][et_pb_text _builder_version=&#8220;4.23.1&#8243; _module_preset=&#8220;default&#8220; text_font=&#8220;Montserrat|300|||||||&#8220; text_text_color=&#8220;gcid-ff366e07-a307-4da8-9d55-fe6de435fe2d&#8220; text_font_size=&#8220;16px&#8220; text_line_height=&#8220;1.8em&#8220; header_font=&#8220;||||||||&#8220; header_2_font=&#8220;Montserrat|500|||||||&#8220; header_2_text_align=&#8220;left&#8220; header_2_font_size=&#8220;30px&#8220; header_2_line_height=&#8220;1.4em&#8220; background_layout=&#8220;dark&#8220; custom_margin=&#8220;||40px|&#8220; animation_style=&#8220;slide&#8220; animation_direction=&#8220;left&#8220; animation_intensity_slide=&#8220;5%&#8220; animation_starting_opacity=&#8220;100%&#8220; locked=&#8220;off&#8220; global_colors_info=&#8220;{%22gcid-ff366e07-a307-4da8-9d55-fe6de435fe2d%22:%91%22text_text_color%22%93}&#8220;]<\/p>\n<p>Wenn Sie die einzigartige Atmosph\u00e4re einer geheimen milit\u00e4rischen Einrichtung erleben m\u00f6chten, z\u00f6gern Sie nicht, uns zu besuchen. Kommen Sie zu einer Standardf\u00fchrung f\u00fcr die \u00d6ffentlichkeit oder kontaktieren Sie uns und wir bereiten eine ma\u00dfgeschneiderte Veranstaltung f\u00fcr Sie vor. <\/p>\n<p>[\/et_pb_text][et_pb_button button_url=&#8220;https:\/\/www.bunkrpraslavice.cz\/de\/anfrageformular\/&#8220; button_text=&#8220;Fordern Sie einen Tourtermin an&#8220; _builder_version=&#8220;4.23.1&#8243; custom_button=&#8220;on&#8220; button_text_size=&#8220;14px&#8220; button_bg_color=&#8220;gcid-734f5fd7-d700-4693-8a20-fbee7a193918&#8243; button_border_width=&#8220;0px&#8220; button_border_color=&#8220;#405ce6&#8243; button_border_radius=&#8220;49px&#8220; button_font=&#8220;Montserrat|500||on|||||&#8220; button_use_icon=&#8220;off&#8220; background_layout=&#8220;dark&#8220; custom_margin=&#8220;20px|||&#8220; custom_padding=&#8220;20px|45px|20px|45px&#8220; animation_style=&#8220;fade&#8220; locked=&#8220;off&#8220; global_colors_info=&#8220;{%22gcid-734f5fd7-d700-4693-8a20-fbee7a193918%22:%91%22button_bg_color%22%93}&#8220; button_text_size__hover_enabled=&#8220;off&#8220; button_one_text_size__hover_enabled=&#8220;off&#8220; button_two_text_size__hover_enabled=&#8220;off&#8220; button_text_color__hover_enabled=&#8220;off&#8220; button_one_text_color__hover_enabled=&#8220;off&#8220; button_two_text_color__hover_enabled=&#8220;off&#8220; button_border_width__hover_enabled=&#8220;off&#8220; button_one_border_width__hover_enabled=&#8220;off&#8220; button_two_border_width__hover_enabled=&#8220;off&#8220; button_border_color__hover_enabled=&#8220;off&#8220; button_one_border_color__hover_enabled=&#8220;off&#8220; button_two_border_color__hover_enabled=&#8220;off&#8220; button_border_radius__hover_enabled=&#8220;off&#8220; button_one_border_radius__hover_enabled=&#8220;off&#8220; button_two_border_radius__hover_enabled=&#8220;off&#8220; button_letter_spacing__hover_enabled=&#8220;off&#8220; button_one_letter_spacing__hover_enabled=&#8220;off&#8220; button_two_letter_spacing__hover_enabled=&#8220;off&#8220; button_bg_color__hover_enabled=&#8220;off&#8220; button_one_bg_color__hover_enabled=&#8220;off&#8220; button_two_bg_color__hover_enabled=&#8220;off&#8220;][\/et_pb_button][\/et_pb_column][\/et_pb_row][\/et_pb_section]<\/p>\n","protected":false},"excerpt":{"rendered":"<p>Bunker in ZahlenDer Bunker von P\u0159\u00e1slavice ist ein monstr\u00f6ses Geb\u00e4ude, das viele Besucher mit seiner Gr\u00f6\u00dfe und seinen technischen Parametern \u00fcberraschen wird. Auch die folgenden Zahlen zeugen von seiner Gr\u00f6\u00dfe. &nbsp; Bodenbelag ca. 10.000m2 Anzahl der Etagen6, davon 4 Etagen direkt Bunker und 2 Etagen oberirdische Geb\u00e4ude H\u00f6he des gesamten Geb\u00e4udes ca. 26 m Autonome [&hellip;]<\/p>\n","protected":false},"author":1,"featured_media":0,"parent":7771,"menu_order":0,"comment_status":"closed","ping_status":"closed","template":"","meta":{"_et_pb_use_builder":"on","_et_pb_old_content":"","_et_gb_content_width":"","footnotes":""},"class_list":["post-7823","page","type-page","status-publish","hentry"],"_links":{"self":[{"href":"https:\/\/www.bunkrpraslavice.cz\/de\/wp-json\/wp\/v2\/pages\/7823","targetHints":{"allow":["GET"]}}],"collection":[{"href":"https:\/\/www.bunkrpraslavice.cz\/de\/wp-json\/wp\/v2\/pages"}],"about":[{"href":"https:\/\/www.bunkrpraslavice.cz\/de\/wp-json\/wp\/v2\/types\/page"}],"author":[{"embeddable":true,"href":"https:\/\/www.bunkrpraslavice.cz\/de\/wp-json\/wp\/v2\/users\/1"}],"replies":[{"embeddable":true,"href":"https:\/\/www.bunkrpraslavice.cz\/de\/wp-json\/wp\/v2\/comments?post=7823"}],"version-history":[{"count":0,"href":"https:\/\/www.bunkrpraslavice.cz\/de\/wp-json\/wp\/v2\/pages\/7823\/revisions"}],"up":[{"embeddable":true,"href":"https:\/\/www.bunkrpraslavice.cz\/de\/wp-json\/wp\/v2\/pages\/7771"}],"wp:attachment":[{"href":"https:\/\/www.bunkrpraslavice.cz\/de\/wp-json\/wp\/v2\/media?parent=7823"}],"curies":[{"name":"wp","href":"https:\/\/api.w.org\/{rel}","templated":true}]}}