{"id":7771,"date":"2023-11-14T13:01:00","date_gmt":"2023-11-14T12:01:00","guid":{"rendered":"https:\/\/www.bunkrpraslavice.cz\/ueber-den-bunker\/"},"modified":"2025-08-14T08:48:59","modified_gmt":"2025-08-14T07:48:59","slug":"ueber-den-bunker","status":"publish","type":"page","link":"https:\/\/www.bunkrpraslavice.cz\/de\/ueber-den-bunker\/","title":{"rendered":"\u00dcber den Bunker"},"content":{"rendered":"<p>[et_pb_section fb_built=&#8220;1&#8243; admin_label=&#8220;Hero&#8220; _builder_version=&#8220;4.22.2&#8243; background_color=&#8220;gcid-22394426-c4cb-49d3-b544-1c84cdb00df7&#8243; custom_margin=&#8220;|||&#8220; custom_padding=&#8220;120px||0px|&#8220; box_shadow_style=&#8220;preset4&#8243; box_shadow_horizontal=&#8220;0px&#8220; box_shadow_vertical=&#8220;-100px&#8220; box_shadow_color=&#8220;#ffffff&#8220; box_shadow_position=&#8220;inner&#8220; global_colors_info=&#8220;{%22gcid-22394426-c4cb-49d3-b544-1c84cdb00df7%22:%91%22background_color%22%93}&#8220;][et_pb_row _builder_version=&#8220;4.16&#8243; background_size=&#8220;initial&#8220; background_position=&#8220;top_left&#8220; background_repeat=&#8220;repeat&#8220; custom_margin=&#8220;||40px|&#8220; global_colors_info=&#8220;{}&#8220;][et_pb_column type=&#8220;4_4&#8243; _builder_version=&#8220;4.16&#8243; custom_padding=&#8220;|||&#8220; global_colors_info=&#8220;{}&#8220; custom_padding__hover=&#8220;|||&#8220;][et_pb_text admin_label=&#8220;Title&#8220; _builder_version=&#8220;4.23.1&#8243; text_font=&#8220;||||||||&#8220; header_font=&#8220;Montserrat|500|||||||&#8220; header_text_align=&#8220;center&#8220; header_font_size=&#8220;84px&#8220; background_layout=&#8220;dark&#8220; animation_style=&#8220;zoom&#8220; animation_direction=&#8220;left&#8220; animation_intensity_zoom=&#8220;10%&#8220; header_font_size_tablet=&#8220;50px&#8220; header_font_size_phone=&#8220;&#8220; header_font_size_last_edited=&#8220;on|phone&#8220; global_colors_info=&#8220;{}&#8220;]<\/p>\n<h1>  \u00dcber den Bunker<\/h1>\n<p>[\/et_pb_text][et_pb_divider color=&#8220;rgba(255,255,255,0.7)&#8220; divider_weight=&#8220;3px&#8220; _builder_version=&#8220;4.16&#8243; max_width=&#8220;100px&#8220; module_alignment=&#8220;center&#8220; animation_style=&#8220;zoom&#8220; animation_direction=&#8220;left&#8220; global_colors_info=&#8220;{}&#8220;][\/et_pb_divider][et_pb_text _builder_version=&#8220;4.23.1&#8243; text_font=&#8220;Montserrat|300|||||||&#8220; text_text_color=&#8220;rgba(255,255,255,0.7)&#8220; text_font_size=&#8220;20px&#8220; text_line_height=&#8220;1.8em&#8220; text_orientation=&#8220;center&#8220; background_layout=&#8220;dark&#8220; module_alignment=&#8220;center&#8220; animation_style=&#8220;zoom&#8220; animation_direction=&#8220;left&#8220; animation_delay=&#8220;100ms&#8220; animation_intensity_zoom=&#8220;10%&#8220; global_colors_info=&#8220;{}&#8220;]<\/p>\n<p>Der P\u0159\u00e1slavice-Bunker oder<strong> Aktion 025<\/strong> ist eine bedeutende <strong>milit\u00e4rische und zivile Telekommunikationseinrichtung<\/strong> aus der Zeit des Kalten Krieges. Zu seiner Zeit war es f\u00fcr die L\u00e4nder des Warschauer Pakts von gro\u00dfer Bedeutung. Es war eines der Geb\u00e4ude mit der h\u00f6chsten <strong>Geheimhaltung<\/strong>. Selbst die Menschen, die in der unmittelbaren Umgebung wohnten, wussten nichts von dem Bunker.   <\/p>\n<p>Es war <strong>einer der sieben<\/strong> verst\u00e4rkten Punkte des geheimen tschechoslowakischen Kommunikationsnetzes. Durch sie verlief auch die Internationale Koaxialkabelleitung (MKKM1), die den Osten (Moskau) mit dem Westen (Berlin) verband. Darin befand sich eine zivile und milit\u00e4rische <strong>Telefonzentrale<\/strong> sowie <strong>milit\u00e4rische Verschl\u00fcsselungstechnik<\/strong>.  <\/p>\n<p>Er ist einer <strong>der gr\u00f6\u00dften begehbaren<\/strong> Bunker in Mitteleuropa. Die Fl\u00e4che des unterirdischen Teils, der aus 4 Etagen besteht, betr\u00e4gt unglaubliche 10.000 m\u00b2 Innenraum (um Ihnen eine Vorstellung zu geben, dies entspricht ungef\u00e4hr der Gr\u00f6\u00dfe von zwei Fu\u00dfballfeldern). <\/p>\n<p>Es wurde im geographischen Zentrum der ehemaligen <strong>Tschechoslowakei<\/strong> in der N\u00e4he von Olomouc an der Stelle errichtet, an der sich einst ein Steinbruch befand. Es handelt sich um einen Skelettbau, bei dem der Betonk\u00f6rper im Boden versenkt wurde. Anschlie\u00dfend wurde die Oberfl\u00e4che so behandelt, dass sie perfekt getarnt ist.  <\/p>\n<p>An dem Bau beteiligten sich Soldaten aus entfernten Orten der ehemaligen Tschechoslowakei. Aufgrund der <strong>Geheimhaltung wussten<\/strong> weder sie noch ihre Familienangeh\u00f6rigen genau, an welchem Bauwerk sie arbeiteten. Im Bunker wurde still gehalten.  <\/p>\n<p>Nur wer \u00fcber die strengste<strong> Sicherheitsfreigabe verf\u00fcgte<\/strong>, durfte einige Teile des Bunkers betreten. Die vollst\u00e4ndige Deklassierung des gesamten Geb\u00e4udes erfolgte erst k\u00fcrzlich, im Jahr 2016.   <\/p>\n<p>In der Tschechischen Republik bietet der <strong>Bunker P\u0159\u00e1slavice<\/strong> eine einzigartige Gelegenheit, <strong>eine freigegebene Milit\u00e4ranlage<\/strong> aus der Zeit des Kalten Krieges zu besichtigen. Es ist authentisch mit historischer Technik ausgestattet, von denen viele dank der Bem\u00fchungen von Enthusiasten <strong>wieder funktionsf\u00e4hig<\/strong> sind. <\/p>\n<p><strong>\u00dcber den Bunker<\/strong> wurde eine Reihe von Bild- und Textmaterialien erstellt. Auf der Website bringen wir Ihnen die interessantesten von ihnen. Um eine Vorstellung davon zu bekommen, wie es im Inneren aussieht, k\u00f6nnen Sie sich ein Video ansehen, das zu der Zeit aufgenommen wurde, als wir den Bunker zum ersten Mal f\u00fcr die \u00d6ffentlichkeit \u00f6ffneten.  <\/p>\n<p>Wir freuen uns, dass wir ab Juni 2022 mit allen, die sich f\u00fcr Geschichte, Telekommunikation, Milit\u00e4r interessieren, sowie mit allen gew\u00f6hnlichen Touristen und Besuchern auf <strong>Besichtigungen<\/strong> \u00fcber den Bunker sprechen k\u00f6nnen.<\/p>\n<p>[\/et_pb_text][\/et_pb_column][\/et_pb_row][et_pb_row _builder_version=&#8220;4.16&#8243; custom_padding=&#8220;27px|0px|0px|0px&#8220; global_colors_info=&#8220;{}&#8220;][et_pb_column type=&#8220;4_4&#8243; _builder_version=&#8220;4.16&#8243; custom_padding=&#8220;|||&#8220; global_colors_info=&#8220;{}&#8220; custom_padding__hover=&#8220;|||&#8220;][et_pb_video src=&#8220;https:\/\/www.youtube.com\/watch?v=RvZAFD7MNC0&#8243; _builder_version=&#8220;4.22.2&#8243; animation_style=&#8220;slide&#8220; animation_direction=&#8220;bottom&#8220; animation_intensity_slide=&#8220;5%&#8220; animation_starting_opacity=&#8220;100%&#8220; box_shadow_style=&#8220;preset3&#8243; box_shadow_vertical=&#8220;35px&#8220; box_shadow_blur=&#8220;100px&#8220; box_shadow_spread=&#8220;0px&#8220; box_shadow_color=&#8220;rgba(0,0,0,0.2)&#8220; global_colors_info=&#8220;{}&#8220;][\/et_pb_video][\/et_pb_column][\/et_pb_row][\/et_pb_section]<\/p>\n","protected":false},"excerpt":{"rendered":"<p>\u00dcber den BunkerDer P\u0159\u00e1slavice-Bunker oder Aktion 025 ist eine bedeutende milit\u00e4rische und zivile Telekommunikationseinrichtung aus der Zeit des Kalten Krieges. Zu seiner Zeit war es f\u00fcr die L\u00e4nder des Warschauer Pakts von gro\u00dfer Bedeutung. Es war eines der Geb\u00e4ude mit der h\u00f6chsten Geheimhaltung. Selbst die Menschen, die in der unmittelbaren Umgebung wohnten, wussten nichts von [&hellip;]<\/p>\n","protected":false},"author":1,"featured_media":0,"parent":0,"menu_order":0,"comment_status":"closed","ping_status":"closed","template":"","meta":{"_et_pb_use_builder":"on","_et_pb_old_content":"","_et_gb_content_width":"","footnotes":""},"class_list":["post-7771","page","type-page","status-publish","hentry"],"_links":{"self":[{"href":"https:\/\/www.bunkrpraslavice.cz\/de\/wp-json\/wp\/v2\/pages\/7771","targetHints":{"allow":["GET"]}}],"collection":[{"href":"https:\/\/www.bunkrpraslavice.cz\/de\/wp-json\/wp\/v2\/pages"}],"about":[{"href":"https:\/\/www.bunkrpraslavice.cz\/de\/wp-json\/wp\/v2\/types\/page"}],"author":[{"embeddable":true,"href":"https:\/\/www.bunkrpraslavice.cz\/de\/wp-json\/wp\/v2\/users\/1"}],"replies":[{"embeddable":true,"href":"https:\/\/www.bunkrpraslavice.cz\/de\/wp-json\/wp\/v2\/comments?post=7771"}],"version-history":[{"count":0,"href":"https:\/\/www.bunkrpraslavice.cz\/de\/wp-json\/wp\/v2\/pages\/7771\/revisions"}],"wp:attachment":[{"href":"https:\/\/www.bunkrpraslavice.cz\/de\/wp-json\/wp\/v2\/media?parent=7771"}],"curies":[{"name":"wp","href":"https:\/\/api.w.org\/{rel}","templated":true}]}}