{"id":7764,"date":"2023-11-13T22:13:36","date_gmt":"2023-11-13T21:13:36","guid":{"rendered":"https:\/\/www.bunkrpraslavice.cz\/geschichte-der-website\/"},"modified":"2025-08-14T08:49:00","modified_gmt":"2025-08-14T07:49:00","slug":"geschichte-der-website","status":"publish","type":"page","link":"https:\/\/www.bunkrpraslavice.cz\/de\/ueber-den-bunker\/geschichte-der-website\/","title":{"rendered":"Geschichte der Website"},"content":{"rendered":"<p>[et_pb_section fb_built=&#8220;1&#8243; next_background_color=&#8220;#ffffff&#8220; _builder_version=&#8220;4.23.1&#8243; _module_preset=&#8220;default&#8220; background_color=&#8220;gcid-22394426-c4cb-49d3-b544-1c84cdb00df7&#8243; background_enable_image=&#8220;off&#8220; custom_margin=&#8220;||||false|false&#8220; top_divider_color=&#8220;gcid-ff366e07-a307-4da8-9d55-fe6de435fe2d&#8220; bottom_divider_style=&#8220;slant&#8220; bottom_divider_height=&#8220;40px&#8220; bottom_divider_flip=&#8220;horizontal&#8220; locked=&#8220;off&#8220; global_colors_info=&#8220;{%22gcid-ff366e07-a307-4da8-9d55-fe6de435fe2d%22:%91%22top_divider_color%22%93}&#8220;][et_pb_row column_structure=&#8220;3_4,1_4&#8243; _builder_version=&#8220;4.23.1&#8243; background_size=&#8220;initial&#8220; background_position=&#8220;top_left&#8220; background_repeat=&#8220;repeat&#8220; custom_padding=&#8220;27px|0px|0px|0px&#8220; locked=&#8220;off&#8220; global_colors_info=&#8220;{}&#8220;][et_pb_column type=&#8220;3_4&#8243; _builder_version=&#8220;4.16&#8243; custom_padding=&#8220;|||&#8220; global_colors_info=&#8220;{}&#8220; custom_padding__hover=&#8220;|||&#8220;][et_pb_text admin_label=&#8220;Title&#8220; _builder_version=&#8220;4.23.1&#8243; text_font=&#8220;||||||||&#8220; header_font=&#8220;Montserrat|600|||||||&#8220; header_font_size=&#8220;80px&#8220; header_line_height=&#8220;1.2em&#8220; background_layout=&#8220;dark&#8220; animation_style=&#8220;zoom&#8220; animation_direction=&#8220;left&#8220; animation_intensity_zoom=&#8220;10%&#8220; header_font_size_tablet=&#8220;&#8220; header_font_size_phone=&#8220;55px&#8220; header_font_size_last_edited=&#8220;on|tablet&#8220; global_colors_info=&#8220;{}&#8220;]<\/p>\n<h1>Geschichte der Website<\/h1>\n<p>[\/et_pb_text][et_pb_divider color=&#8220;rgba(255,255,255,0.7)&#8220; divider_weight=&#8220;3px&#8220; _builder_version=&#8220;4.16&#8243; max_width=&#8220;120px&#8220; animation_style=&#8220;zoom&#8220; animation_direction=&#8220;left&#8220; global_colors_info=&#8220;{}&#8220;][\/et_pb_divider][\/et_pb_column][et_pb_column type=&#8220;1_4&#8243; _builder_version=&#8220;4.16&#8243; custom_padding=&#8220;|||&#8220; global_colors_info=&#8220;{}&#8220; custom_padding__hover=&#8220;|||&#8220;][\/et_pb_column][\/et_pb_row][\/et_pb_section][et_pb_section fb_built=&#8220;1&#8243; admin_label=&#8220;Video&#8220; _builder_version=&#8220;4.16&#8243; background_color_gradient_direction=&#8220;120deg&#8220; module_alignment=&#8220;right&#8220; custom_margin=&#8220;|||&#8220; custom_padding=&#8220;54px|0px|54px|0px&#8220; locked=&#8220;off&#8220; global_colors_info=&#8220;{}&#8220;][et_pb_row column_structure=&#8220;2_5,3_5&#8243; _builder_version=&#8220;4.23.1&#8243; _module_preset=&#8220;default&#8220; global_colors_info=&#8220;{}&#8220;][et_pb_column type=&#8220;2_5&#8243; _builder_version=&#8220;4.23.1&#8243; _module_preset=&#8220;default&#8220; global_colors_info=&#8220;{}&#8220;][et_pb_image src=&#8220;https:\/\/www.bunkrpraslavice.cz\/wp-content\/uploads\/2023\/11\/letecke-snimky-1971-1.png&#8220; alt=&#8220;Geschichte des Gel\u00e4ndes oder ein Blick aus der Vogelperspektive auf den Bunker&#8220; title_text=&#8220;Luftbilder 1971&#8243; _builder_version=&#8220;4.23.1&#8243; _module_preset=&#8220;default&#8220; global_colors_info=&#8220;{}&#8220;][\/et_pb_image][\/et_pb_column][et_pb_column type=&#8220;3_5&#8243; _builder_version=&#8220;4.23.1&#8243; _module_preset=&#8220;default&#8220; global_colors_info=&#8220;{}&#8220;][et_pb_text _builder_version=&#8220;4.23.1&#8243; _module_preset=&#8220;default&#8220; global_colors_info=&#8220;{}&#8220;]<\/p>\n<p>Der Bunker P\u0159\u00e1slavice war Teil eines geheimen Kommunikationssystems, das w\u00e4hrend des Kalten Krieges geschaffen wurde. Sein Codename lautete <strong>Aktion 025<\/strong>. <\/p>\n<p><span>Das Kommunikationssystem wurde so konzipiert, dass es auch in Zeiten eines nuklearen Konflikts zumindest teilweise funktionieren kann. Daher bestand das gesamte Netzwerk, das von der Armee und den zivilen Streitkr\u00e4ften genutzt wurde, aus kabelgebundenen und drahtlosen Verbindungen, die Kabel ersetzen konnten.   <\/span><strong>Robuste Verst\u00e4rkerstationen<\/strong> oder Bunker wurden ab Ende der 1960er Jahre als zweite Stufe der Netzwerksicherheit gebaut <span>(dem Bau von Kabelleitungen um wichtige St\u00e4dte vorausging).<\/span> <\/p>\n<p>Der Standort des ersten dieser Geb\u00e4ude auf dem Gebiet der ehemaligen Tschechoslowakei wurde zwischen den<strong> D\u00f6rfern Mrsklesy und P\u0159\u00e1slavice<\/strong> gew\u00e4hlt. Der Ort, an dem sich der Bunker befindet, war vor dem Zweiten Weltkrieg<strong> ein Steinbruch<\/strong>. Der Krieg unterbrach jedoch den Bergbau und der Ort wurde mit Wasser gef\u00fcllt, wodurch ein See entstand, der sich noch heute im Bunker befindet.   Das Geb\u00e4ude wurde auf <strong>dem Gel\u00e4nde eines ehemaligen Panzer\u00fcbungsplatzes<\/strong> errichtet.<\/p>\n<p><strong>Die Felsstruktur<\/strong> an dieser Stelle bot ideale Voraussetzungen f\u00fcr den Bau eines geheimen Telekommunikationsbunkers, der Ende der 70er Jahre erfolgte. <\/p>\n<p>Alle Bauarbeiten wurden unter Aufsicht der Armee durchgef\u00fchrt und waren <strong>streng geheim<\/strong>. Das Geb\u00e4ude wurde w\u00e4hrend der gesamten Bauzeit bewacht und sobald die einzelnen Teile fertiggestellt waren, <strong>wurden diese sofort geschlossen<\/strong>. <\/p>\n<p>[\/et_pb_text][\/et_pb_column][\/et_pb_row][et_pb_row _builder_version=&#8220;4.23.1&#8243; _module_preset=&#8220;default&#8220; global_colors_info=&#8220;{}&#8220;][et_pb_column type=&#8220;4_4&#8243; _builder_version=&#8220;4.23.1&#8243; _module_preset=&#8220;default&#8220; global_colors_info=&#8220;{}&#8220;][\/et_pb_column][\/et_pb_row][et_pb_row column_structure=&#8220;2_3,1_3&#8243; custom_padding_last_edited=&#8220;on|desktop&#8220; _builder_version=&#8220;4.22.1&#8243; background_color=&#8220;RGBA(255,255,255,0)&#8220; max_width=&#8220;80%&#8220; custom_margin=&#8220;|||&#8220; custom_padding=&#8220;0px|0px|0px|0px&#8220; custom_padding_tablet=&#8220;&#8220; custom_padding_phone=&#8220;0px|0px|0px|0px&#8220; use_custom_width=&#8220;on&#8220; width_unit=&#8220;off&#8220; global_colors_info=&#8220;{}&#8220;][et_pb_column type=&#8220;2_3&#8243; _builder_version=&#8220;4.16&#8243; custom_padding=&#8220;|||&#8220; global_colors_info=&#8220;{}&#8220; custom_padding__hover=&#8220;|||&#8220;][et_pb_image src=&#8220;https:\/\/www.bunkrpraslavice.cz\/wp-content\/uploads\/2023\/11\/pohled-na-bunkr-2.jpg&#8220; title_text=&#8220;Blick auf den Bunker&#8220; _builder_version=&#8220;4.23.1&#8243; _module_preset=&#8220;default&#8220; box_shadow_style=&#8220;preset1&#8243; global_colors_info=&#8220;{}&#8220;][\/et_pb_image][\/et_pb_column][et_pb_column type=&#8220;1_3&#8243; _builder_version=&#8220;4.16&#8243; custom_padding=&#8220;|||&#8220; global_colors_info=&#8220;{}&#8220; custom_padding__hover=&#8220;|||&#8220;][\/et_pb_column][\/et_pb_row][et_pb_row custom_padding_last_edited=&#8220;on|phone&#8220; _builder_version=&#8220;4.22.2&#8243; background_color=&#8220;#564C4D&#8220; background_enable_color=&#8220;on&#8220; max_width=&#8220;80%&#8220; module_alignment=&#8220;right&#8220; custom_margin=&#8220;-20%|||&#8220; custom_margin_tablet=&#8220;-25%|||&#8220; custom_margin_phone=&#8220;-25%|||&#8220; custom_margin_last_edited=&#8220;on|tablet&#8220; custom_padding=&#8220;8%|10%|8%|10%|true|&#8220; custom_padding_tablet=&#8220;&#8220; custom_padding_phone=&#8220;20%|10%|10%|10%&#8220; use_custom_width=&#8220;on&#8220; width_unit=&#8220;off&#8220; global_colors_info=&#8220;{}&#8220;][et_pb_column type=&#8220;4_4&#8243; _builder_version=&#8220;4.16&#8243; custom_padding=&#8220;|||&#8220; global_colors_info=&#8220;{}&#8220; custom_padding__hover=&#8220;|||&#8220;][et_pb_text admin_label=&#8220;Subtitle&#8220; _builder_version=&#8220;4.22.2&#8243; text_font=&#8220;Montserrat|500||on|||||&#8220; background_layout=&#8220;dark&#8220; max_width=&#8220;960px&#8220; animation_style=&#8220;fade&#8220; global_colors_info=&#8220;{}&#8220;]<\/p>\n<p>&nbsp;<\/p>\n<p>&nbsp;<\/p>\n<p>[\/et_pb_text][et_pb_text admin_label=&#8220;Title&#8220; _builder_version=&#8220;4.23.1&#8243; text_font=&#8220;||||||||&#8220; header_font=&#8220;||||||||&#8220; header_2_font=&#8220;Montserrat|500|||||||&#8220; header_2_font_size=&#8220;30px&#8220; background_layout=&#8220;dark&#8220; max_width=&#8220;960px&#8220; custom_padding=&#8220;10px|||||&#8220; animation_style=&#8220;fade&#8220; global_colors_info=&#8220;{}&#8220;]<\/p>\n<h2>Wie verlief die Zeit im Bunker P\u0159\u00e1slavice?<\/h2>\n<p>Der Standort des heutigen Bunkers und das angrenzende Gel\u00e4nde haben sich sehr dynamisch entwickelt. Auf den folgenden Fotos sehen Sie, wie es sich im Laufe der Zeit entsprechend den Anforderungen der Armee ver\u00e4ndert hat. <\/p>\n<p>Er wandelte sich von <strong>den urspr\u00fcnglichen Feldern<\/strong> und <strong>dem Steinbruch der Ersten Republik<\/strong> \u00fcber einen Panzer\u00fcbungsplatz zu <strong>einem streng geheimen <span>Komplex aus einem Verbindungsknotenpunkt zwischen Armee und Zivilist.<\/span><\/strong><\/p>\n<p>Derzeit befindet es sich im Besitz der Privatgesellschaft Flenexa plus s.r.o., die dem Gebiet nach und nach neues Leben einhaucht. Wohnungsbau, innovative Aktivit\u00e4ten wie eine moderne Form der technologischen Landwirtschaft in Form <strong>einer Aquaponik-Farm, einer Bearbeitungswerkstatt und <\/strong>nicht zuletzt Aktivit\u00e4ten im Zusammenhang <strong>mit der \u00d6ffnung des Bunkers f\u00fcr die \u00d6ffentlichkeit. <\/strong>Das Bunkergel\u00e4nde ist ein beliebtes Touristenziel. <\/p>\n<p>&nbsp;<\/p>\n<p>[\/et_pb_text][et_pb_gallery gallery_ids=&#8220;7305,7291,7301,7303&#8243; orientation=&#8220;portrait&#8220; _builder_version=&#8220;4.23.1&#8243; _module_preset=&#8220;default&#8220; title_text_align=&#8220;center&#8220; title_text_color=&#8220;gcid-ff366e07-a307-4da8-9d55-fe6de435fe2d&#8220; caption_text_align=&#8220;center&#8220; caption_text_color=&#8220;gcid-ff366e07-a307-4da8-9d55-fe6de435fe2d&#8220; text_orientation=&#8220;center&#8220; global_colors_info=&#8220;{%22gcid-ff366e07-a307-4da8-9d55-fe6de435fe2d%22:%91%22title_text_color%22,%22caption_text_color%22%93}&#8220;][\/et_pb_gallery][et_pb_divider color=&#8220;gcid-ff366e07-a307-4da8-9d55-fe6de435fe2d&#8220; _builder_version=&#8220;4.23.1&#8243; _module_preset=&#8220;default&#8220; global_colors_info=&#8220;{%22gcid-ff366e07-a307-4da8-9d55-fe6de435fe2d%22:%91%22color%22%93}&#8220;][\/et_pb_divider][et_pb_text _builder_version=&#8220;4.23.1&#8243; _module_preset=&#8220;default&#8220; text_text_color=&#8220;gcid-ff366e07-a307-4da8-9d55-fe6de435fe2d&#8220; global_colors_info=&#8220;{%22gcid-ff366e07-a307-4da8-9d55-fe6de435fe2d%22:%91%22text_text_color%22%93}&#8220;]<\/p>\n<p>In unserer Fotogalerie finden Sie eine Reihe interessanter Bilder, wie das Gel\u00e4nde des ehemaligen Milit\u00e4rkomplexes heute aussieht.<\/p>\n<p>[\/et_pb_text][et_pb_button button_url=&#8220;@ET-DC@eyJkeW5hbWljIjp0cnVlLCJjb250ZW50IjoicG9zdF9saW5rX3VybF9wYWdlIiwic2V0dGluZ3MiOnsicG9zdF9pZCI6IjQ3MTAiLCJlbmFibGVfaHRtbCI6Im9mZiJ9fQ==@&#8220; button_text=&#8220;Fotogalerie&#8220; _builder_version=&#8220;4.23.1&#8243; _dynamic_attributes=&#8220;button_url&#8220; custom_button=&#8220;on&#8220; button_text_size=&#8220;14px&#8220; button_bg_color=&#8220;rgba(0,0,0,0.24)&#8220; button_border_width=&#8220;0px&#8220; button_border_color=&#8220;#405ce6&#8243; button_border_radius=&#8220;49px&#8220; button_font=&#8220;Montserrat|500||on|||||&#8220; button_use_icon=&#8220;off&#8220; background_layout=&#8220;dark&#8220; custom_margin=&#8220;20px|||&#8220; custom_padding=&#8220;20px|45px|20px|45px&#8220; animation_style=&#8220;fade&#8220; global_colors_info=&#8220;{}&#8220; button_text_size__hover_enabled=&#8220;off&#8220; button_one_text_size__hover_enabled=&#8220;off&#8220; button_two_text_size__hover_enabled=&#8220;off&#8220; button_text_color__hover_enabled=&#8220;off&#8220; button_one_text_color__hover_enabled=&#8220;off&#8220; button_two_text_color__hover_enabled=&#8220;off&#8220; button_border_width__hover_enabled=&#8220;off&#8220; button_one_border_width__hover_enabled=&#8220;off&#8220; button_two_border_width__hover_enabled=&#8220;off&#8220; button_border_color__hover_enabled=&#8220;off&#8220; button_one_border_color__hover_enabled=&#8220;off&#8220; button_two_border_color__hover_enabled=&#8220;off&#8220; button_border_radius__hover_enabled=&#8220;off&#8220; button_one_border_radius__hover_enabled=&#8220;off&#8220; button_two_border_radius__hover_enabled=&#8220;off&#8220; button_letter_spacing__hover_enabled=&#8220;off&#8220; button_one_letter_spacing__hover_enabled=&#8220;off&#8220; button_two_letter_spacing__hover_enabled=&#8220;off&#8220; button_bg_color__hover_enabled=&#8220;off&#8220; button_one_bg_color__hover_enabled=&#8220;off&#8220; button_two_bg_color__hover_enabled=&#8220;off&#8220;][\/et_pb_button][\/et_pb_column][\/et_pb_row][\/et_pb_section]<\/p>\n","protected":false},"excerpt":{"rendered":"<p>Geschichte der WebsiteDer Bunker P\u0159\u00e1slavice war Teil eines geheimen Kommunikationssystems, das w\u00e4hrend des Kalten Krieges geschaffen wurde. Sein Codename lautete Aktion 025. Das Kommunikationssystem wurde so konzipiert, dass es auch in Zeiten eines nuklearen Konflikts zumindest teilweise funktionieren kann. Daher bestand das gesamte Netzwerk, das von der Armee und den zivilen Streitkr\u00e4ften genutzt wurde, aus [&hellip;]<\/p>\n","protected":false},"author":1,"featured_media":0,"parent":7771,"menu_order":0,"comment_status":"closed","ping_status":"closed","template":"","meta":{"_et_pb_use_builder":"on","_et_pb_old_content":"","_et_gb_content_width":"","footnotes":""},"class_list":["post-7764","page","type-page","status-publish","hentry"],"_links":{"self":[{"href":"https:\/\/www.bunkrpraslavice.cz\/de\/wp-json\/wp\/v2\/pages\/7764","targetHints":{"allow":["GET"]}}],"collection":[{"href":"https:\/\/www.bunkrpraslavice.cz\/de\/wp-json\/wp\/v2\/pages"}],"about":[{"href":"https:\/\/www.bunkrpraslavice.cz\/de\/wp-json\/wp\/v2\/types\/page"}],"author":[{"embeddable":true,"href":"https:\/\/www.bunkrpraslavice.cz\/de\/wp-json\/wp\/v2\/users\/1"}],"replies":[{"embeddable":true,"href":"https:\/\/www.bunkrpraslavice.cz\/de\/wp-json\/wp\/v2\/comments?post=7764"}],"version-history":[{"count":0,"href":"https:\/\/www.bunkrpraslavice.cz\/de\/wp-json\/wp\/v2\/pages\/7764\/revisions"}],"up":[{"embeddable":true,"href":"https:\/\/www.bunkrpraslavice.cz\/de\/wp-json\/wp\/v2\/pages\/7771"}],"wp:attachment":[{"href":"https:\/\/www.bunkrpraslavice.cz\/de\/wp-json\/wp\/v2\/media?parent=7764"}],"curies":[{"name":"wp","href":"https:\/\/api.w.org\/{rel}","templated":true}]}}